{"id":47721,"date":"2024-11-25T13:03:44","date_gmt":"2024-11-25T12:03:44","guid":{"rendered":"https:\/\/sundar.be\/product\/depend-presentoire-vernis-a-ongles-vide-6x12\/"},"modified":"2025-08-04T13:08:02","modified_gmt":"2025-08-04T11:08:02","slug":"depend-presentoire-vernis-a-ongles-vide-6x12","status":"publish","type":"product","link":"https:\/\/sundar.be\/fr\/produit\/depend-presentoire-vernis-a-ongles-vide-6x12\/","title":{"rendered":"Depend Pr\u00e9sentoire Vernis \u00e0 Ongles Vide (6&#215;12)"},"content":{"rendered":"<p>Support vide pour 72 vernis \u00e0 ongles Depend.<br \/>\nDimensions \u2013 21&#215;28 cm.<\/p>\n","protected":false},"excerpt":{"rendered":"<p>Support vide pour 72 vernis \u00e0 ongles Depend. Dimensions \u2013 21&#215;28 cm.<\/p>\n","protected":false},"featured_media":45141,"comment_status":"open","ping_status":"closed","template":"","meta":{"_acf_changed":false},"product_brand":[],"product_cat":[5089,5642,4761],"product_tag":[],"class_list":{"0":"post-47721","1":"product","2":"type-product","3":"status-publish","4":"has-post-thumbnail","6":"product_cat-depend-fr","7":"product_cat-depend-02-nail-polish","8":"product_cat-pose-ongles","10":"first","11":"instock","12":"taxable","13":"shipping-taxable","14":"product-type-simple"},"acf":[],"_links":{"self":[{"href":"https:\/\/sundar.be\/fr\/wp-json\/wp\/v2\/product\/47721","targetHints":{"allow":["GET"]}}],"collection":[{"href":"https:\/\/sundar.be\/fr\/wp-json\/wp\/v2\/product"}],"about":[{"href":"https:\/\/sundar.be\/fr\/wp-json\/wp\/v2\/types\/product"}],"replies":[{"embeddable":true,"href":"https:\/\/sundar.be\/fr\/wp-json\/wp\/v2\/comments?post=47721"}],"wp:featuredmedia":[{"embeddable":true,"href":"https:\/\/sundar.be\/fr\/wp-json\/wp\/v2\/media\/45141"}],"wp:attachment":[{"href":"https:\/\/sundar.be\/fr\/wp-json\/wp\/v2\/media?parent=47721"}],"wp:term":[{"taxonomy":"product_brand","embeddable":true,"href":"https:\/\/sundar.be\/fr\/wp-json\/wp\/v2\/product_brand?post=47721"},{"taxonomy":"product_cat","embeddable":true,"href":"https:\/\/sundar.be\/fr\/wp-json\/wp\/v2\/product_cat?post=47721"},{"taxonomy":"product_tag","embeddable":true,"href":"https:\/\/sundar.be\/fr\/wp-json\/wp\/v2\/product_tag?post=47721"}],"curies":[{"name":"wp","href":"https:\/\/api.w.org\/{rel}","templated":true}]}}