{"id":47720,"date":"2024-11-25T14:08:56","date_gmt":"2024-11-25T13:08:56","guid":{"rendered":"https:\/\/sundar.be\/product\/depend-o2-nail-polish-set-de-soin-des-ongles-en-3-etapes\/"},"modified":"2025-08-04T13:03:47","modified_gmt":"2025-08-04T11:03:47","slug":"depend-o2-nail-polish-set-de-soin-des-ongles-en-3-etapes","status":"publish","type":"product","link":"https:\/\/sundar.be\/fr\/produit\/depend-o2-nail-polish-set-de-soin-des-ongles-en-3-etapes\/","title":{"rendered":"Depend O2 Nail Polish Set de soin des ongles en 3 \u00e9tapes."},"content":{"rendered":"<p>Un traitement en trois \u00e9tapes qui permet d&rsquo;obtenir des ongles forts, naturels et flexibles. Soigne les ongles de la m\u00eame mani\u00e8re que vous prenez soin de votre peau. Commencez par un gommage, puis appliquez de l&rsquo;huile et enfin une cr\u00e8me pour les mains et les cuticules. Avec ces trois \u00e9tapes, vous r\u00e9tablissez l&rsquo;\u00e9quilibre hydrique des ongles et am\u00e9liorez la qualit\u00e9 des ongles, posant ainsi la base d&rsquo;une manucure naturelle parfaite.   <\/p>\n","protected":false},"excerpt":{"rendered":"<p>Depend 3-staps nagelverzorgingsset<\/p>\n","protected":false},"featured_media":45167,"comment_status":"open","ping_status":"closed","template":"","meta":{"_acf_changed":false},"product_brand":[],"product_cat":[5089,5642,4761],"product_tag":[],"class_list":{"0":"post-47720","1":"product","2":"type-product","3":"status-publish","4":"has-post-thumbnail","6":"product_cat-depend-fr","7":"product_cat-depend-02-nail-polish","8":"product_cat-pose-ongles","10":"first","11":"instock","12":"taxable","13":"shipping-taxable","14":"product-type-simple"},"acf":[],"_links":{"self":[{"href":"https:\/\/sundar.be\/fr\/wp-json\/wp\/v2\/product\/47720","targetHints":{"allow":["GET"]}}],"collection":[{"href":"https:\/\/sundar.be\/fr\/wp-json\/wp\/v2\/product"}],"about":[{"href":"https:\/\/sundar.be\/fr\/wp-json\/wp\/v2\/types\/product"}],"replies":[{"embeddable":true,"href":"https:\/\/sundar.be\/fr\/wp-json\/wp\/v2\/comments?post=47720"}],"wp:featuredmedia":[{"embeddable":true,"href":"https:\/\/sundar.be\/fr\/wp-json\/wp\/v2\/media\/45167"}],"wp:attachment":[{"href":"https:\/\/sundar.be\/fr\/wp-json\/wp\/v2\/media?parent=47720"}],"wp:term":[{"taxonomy":"product_brand","embeddable":true,"href":"https:\/\/sundar.be\/fr\/wp-json\/wp\/v2\/product_brand?post=47720"},{"taxonomy":"product_cat","embeddable":true,"href":"https:\/\/sundar.be\/fr\/wp-json\/wp\/v2\/product_cat?post=47720"},{"taxonomy":"product_tag","embeddable":true,"href":"https:\/\/sundar.be\/fr\/wp-json\/wp\/v2\/product_tag?post=47720"}],"curies":[{"name":"wp","href":"https:\/\/api.w.org\/{rel}","templated":true}]}}