{"id":47714,"date":"2024-11-29T09:38:51","date_gmt":"2024-11-29T08:38:51","guid":{"rendered":"https:\/\/sundar.be\/product\/hfl-dermazink-30-ml\/"},"modified":"2025-11-26T13:33:42","modified_gmt":"2025-11-26T12:33:42","slug":"hfl-dermazink-30-ml","status":"publish","type":"product","link":"https:\/\/sundar.be\/fr\/produit\/hfl-dermazink-30-ml\/","title":{"rendered":"HFL Dermazink, 30 ml"},"content":{"rendered":"<p>Dermazink Cream est une cr\u00e8me doux et efficace qui soutient le pouvoir de r\u00e9g\u00e9n\u00e9ration de la peau. Elle apaise, n&rsquo;est pas grasse, p\u00e9n\u00e8tre bien dans la peau, s\u00e8che les zones affect\u00e9es et procure une sensation de fra\u00eecheur. <\/p>\n<p>La polyvalente Dermazink Cream contient une combinaison d&rsquo;ingr\u00e9dients actifs et p\u00e9n\u00e8tre profond\u00e9ment dans la peau. La combinaison unique de oxyde de zinc et de miel m\u00e9dical fait de Dermazink Cream un produit hautement efficace. <\/p>\n","protected":false},"excerpt":{"rendered":"<p>Soutient le pouvoir de r\u00e9g\u00e9n\u00e9ration de la peau gr\u00e2ce \u00e0 une combinaison unique de miel m\u00e9dical et de zincoxide.<\/p>\n","protected":false},"featured_media":45455,"comment_status":"open","ping_status":"closed","template":"","meta":{"_acf_changed":false},"product_brand":[],"product_cat":[5054,6145,4885,4972,4755,4999,5796],"product_tag":[],"class_list":{"0":"post-47714","1":"product","2":"type-product","3":"status-publish","4":"has-post-thumbnail","6":"product_cat-cremes-diabetiques","7":"product_cat-nos-marques-hfl-laboratories","8":"product_cat-hfl-labo-soins-pieds","9":"product_cat-nos-marques","10":"product_cat-pedicure","11":"product_cat-soins-specifique-pieds","12":"product_cat-soins-pieds-marque","14":"first","15":"instock","16":"taxable","17":"shipping-taxable","18":"product-type-simple"},"acf":[],"_links":{"self":[{"href":"https:\/\/sundar.be\/fr\/wp-json\/wp\/v2\/product\/47714","targetHints":{"allow":["GET"]}}],"collection":[{"href":"https:\/\/sundar.be\/fr\/wp-json\/wp\/v2\/product"}],"about":[{"href":"https:\/\/sundar.be\/fr\/wp-json\/wp\/v2\/types\/product"}],"replies":[{"embeddable":true,"href":"https:\/\/sundar.be\/fr\/wp-json\/wp\/v2\/comments?post=47714"}],"wp:featuredmedia":[{"embeddable":true,"href":"https:\/\/sundar.be\/fr\/wp-json\/wp\/v2\/media\/45455"}],"wp:attachment":[{"href":"https:\/\/sundar.be\/fr\/wp-json\/wp\/v2\/media?parent=47714"}],"wp:term":[{"taxonomy":"product_brand","embeddable":true,"href":"https:\/\/sundar.be\/fr\/wp-json\/wp\/v2\/product_brand?post=47714"},{"taxonomy":"product_cat","embeddable":true,"href":"https:\/\/sundar.be\/fr\/wp-json\/wp\/v2\/product_cat?post=47714"},{"taxonomy":"product_tag","embeddable":true,"href":"https:\/\/sundar.be\/fr\/wp-json\/wp\/v2\/product_tag?post=47714"}],"curies":[{"name":"wp","href":"https:\/\/api.w.org\/{rel}","templated":true}]}}