{"id":47711,"date":"2024-11-28T11:26:34","date_gmt":"2024-11-28T10:26:34","guid":{"rendered":"https:\/\/sundar.be\/product\/dadi-scrub\/"},"modified":"2025-12-16T09:27:32","modified_gmt":"2025-12-16T08:27:32","slug":"dadi-scrub","status":"publish","type":"product","link":"https:\/\/sundar.be\/fr\/produit\/dadi-scrub\/","title":{"rendered":"Dadi Scrub"},"content":{"rendered":"<p data-start=\"37\" data-end=\"317\"><span style=\"color: #557e96;\"><strong>Dadi Scrub<\/strong><\/span> est un gommage efficace mais respectueux de la peau qui \u00e9limine naturellement les cellules mortes tout en nourrissant intens\u00e9ment la peau. La combinaison d\u2019agents exfoliants et d\u2019huiles v\u00e9g\u00e9tales nourrissantes procure une peau lisse, douce et soign\u00e9e sans la dess\u00e9cher.<\/p>\n<p data-start=\"319\" data-end=\"606\">Ce gommage est id\u00e9al pour une utilisation sur les mains, les pieds et le corps et constitue la pr\u00e9paration parfaite avant l\u2019application d\u2019une cr\u00e8me ou d\u2019une huile de soin. Convient \u00e0 un usage professionnel lors des soins de manucure et de p\u00e9dicurie ainsi qu\u2019\u00e0 une utilisation \u00e0 domicile.<\/p>\n","protected":false},"excerpt":{"rendered":"<p data-start=\"622\" data-end=\"750\">Un gommage naturel qui \u00e9limine les cellules mortes et rend la peau douce et souple. Id\u00e9al pour les mains, les pieds et le corps.<\/p>\n<p data-start=\"752\" data-end=\"761\">\n","protected":false},"featured_media":45639,"comment_status":"open","ping_status":"closed","template":"","meta":{"_acf_changed":false},"product_brand":[],"product_cat":[5055,4870,4972,4755,5057,4761,4968,2772],"product_tag":[],"class_list":{"0":"post-47711","1":"product","2":"type-product","3":"status-publish","4":"has-post-thumbnail","6":"product_cat-bains-pieds-gommage","7":"product_cat-dadi-oil-fr","8":"product_cat-nos-marques","9":"product_cat-pedicure","10":"product_cat-peelings-gommages","11":"product_cat-pose-ongles","12":"product_cat-preparation-manucure","13":"product_cat-manucure-soin-mains","14":"pa_inhoud-311g-fr","15":"pa_inhoud-94g-fr","17":"first","18":"instock","19":"taxable","20":"shipping-taxable","21":"product-type-variable"},"acf":[],"_links":{"self":[{"href":"https:\/\/sundar.be\/fr\/wp-json\/wp\/v2\/product\/47711","targetHints":{"allow":["GET"]}}],"collection":[{"href":"https:\/\/sundar.be\/fr\/wp-json\/wp\/v2\/product"}],"about":[{"href":"https:\/\/sundar.be\/fr\/wp-json\/wp\/v2\/types\/product"}],"replies":[{"embeddable":true,"href":"https:\/\/sundar.be\/fr\/wp-json\/wp\/v2\/comments?post=47711"}],"wp:featuredmedia":[{"embeddable":true,"href":"https:\/\/sundar.be\/fr\/wp-json\/wp\/v2\/media\/45639"}],"wp:attachment":[{"href":"https:\/\/sundar.be\/fr\/wp-json\/wp\/v2\/media?parent=47711"}],"wp:term":[{"taxonomy":"product_brand","embeddable":true,"href":"https:\/\/sundar.be\/fr\/wp-json\/wp\/v2\/product_brand?post=47711"},{"taxonomy":"product_cat","embeddable":true,"href":"https:\/\/sundar.be\/fr\/wp-json\/wp\/v2\/product_cat?post=47711"},{"taxonomy":"product_tag","embeddable":true,"href":"https:\/\/sundar.be\/fr\/wp-json\/wp\/v2\/product_tag?post=47711"}],"curies":[{"name":"wp","href":"https:\/\/api.w.org\/{rel}","templated":true}]}}