{"id":47708,"date":"2024-11-29T10:06:52","date_gmt":"2024-11-29T09:06:52","guid":{"rendered":"https:\/\/sundar.be\/product\/hfl-dermo-dry-50ml\/"},"modified":"2025-11-26T13:33:39","modified_gmt":"2025-11-26T12:33:39","slug":"hfl-dermo-dry-50ml","status":"publish","type":"product","link":"https:\/\/sundar.be\/fr\/produit\/hfl-dermo-dry-50ml\/","title":{"rendered":"HFL Dermo Dry, 50ml"},"content":{"rendered":"<p>HFL Dermo Dry absorbe l&rsquo;exc\u00e8s d&rsquo;humidit\u00e9, ce qui est \u00e9galement appel\u00e9 un effet hydrophile. De plus, Dermo Dry s\u00e8che l\u00e9g\u00e8rement la peau, mais n\u2019obstrue pas la peau. Ce produit peut \u00eatre utilis\u00e9 pour les pieds transpirants, d&rsquo;autres probl\u00e8mes cutan\u00e9s li\u00e9s \u00e0 l&rsquo;humidit\u00e9 et pour lutter contre les odeurs d\u00e9sagr\u00e9ables. La cr\u00e8me ne semble pas grasse lors de l&rsquo;application et le produit n\u2019obstrue pas la peau !   <\/p>\n","protected":false},"excerpt":{"rendered":"<p>Cr\u00e8me traitement efficace pour les pieds transpirants ou les probl\u00e8mes cutan\u00e9s li\u00e9s \u00e0 l&rsquo;humidit\u00e9.<\/p>\n","protected":false},"featured_media":45461,"comment_status":"open","ping_status":"closed","template":"","meta":{"_acf_changed":false},"product_brand":[],"product_cat":[4997,6145,4885,4972,4755,5796,4996],"product_tag":[],"class_list":{"0":"post-47708","1":"product","2":"type-product","3":"status-publish","4":"has-post-thumbnail","6":"product_cat-anti-transpirants","7":"product_cat-nos-marques-hfl-laboratories","8":"product_cat-hfl-labo-soins-pieds","9":"product_cat-nos-marques","10":"product_cat-pedicure","11":"product_cat-soins-pieds-marque","12":"product_cat-soins-quotidiens-des-pieds","13":"pa_inhoud-50-ml-fr","14":"pa_inhoud-flyers-50-pcs","16":"first","17":"instock","18":"taxable","19":"shipping-taxable","20":"product-type-variable"},"acf":[],"_links":{"self":[{"href":"https:\/\/sundar.be\/fr\/wp-json\/wp\/v2\/product\/47708","targetHints":{"allow":["GET"]}}],"collection":[{"href":"https:\/\/sundar.be\/fr\/wp-json\/wp\/v2\/product"}],"about":[{"href":"https:\/\/sundar.be\/fr\/wp-json\/wp\/v2\/types\/product"}],"replies":[{"embeddable":true,"href":"https:\/\/sundar.be\/fr\/wp-json\/wp\/v2\/comments?post=47708"}],"wp:featuredmedia":[{"embeddable":true,"href":"https:\/\/sundar.be\/fr\/wp-json\/wp\/v2\/media\/45461"}],"wp:attachment":[{"href":"https:\/\/sundar.be\/fr\/wp-json\/wp\/v2\/media?parent=47708"}],"wp:term":[{"taxonomy":"product_brand","embeddable":true,"href":"https:\/\/sundar.be\/fr\/wp-json\/wp\/v2\/product_brand?post=47708"},{"taxonomy":"product_cat","embeddable":true,"href":"https:\/\/sundar.be\/fr\/wp-json\/wp\/v2\/product_cat?post=47708"},{"taxonomy":"product_tag","embeddable":true,"href":"https:\/\/sundar.be\/fr\/wp-json\/wp\/v2\/product_tag?post=47708"}],"curies":[{"name":"wp","href":"https:\/\/api.w.org\/{rel}","templated":true}]}}