{"id":47707,"date":"2024-11-29T11:47:44","date_gmt":"2024-11-29T10:47:44","guid":{"rendered":"https:\/\/sundar.be\/product\/hfl-sparkling-scrub-450-ml\/"},"modified":"2025-11-26T13:14:13","modified_gmt":"2025-11-26T12:14:13","slug":"hfl-sparkling-scrub-450-ml","status":"publish","type":"product","link":"https:\/\/sundar.be\/fr\/produit\/hfl-sparkling-scrub-450-ml\/","title":{"rendered":"HFL Sparkling Scrub, 450 ml"},"content":{"rendered":"<p>Le HFL Sparkling Scrub est un gommage unique qui peut \u00eatre utilis\u00e9 aussi bien sur peau humide que s\u00e8che !<\/p>\n<p>Gr\u00e2ce \u00e0 l\u2019utilisation de grains de fraise, ce gommage est doux pour la peau tout en offrant une exfoliation efficace, \u00e9liminant les cellules mortes et r\u00e9v\u00e9lant ainsi une peau \u00e9clatante et en bonne sant\u00e9.<\/p>\n<p>L\u2019exfoliation stimule la circulation sanguine, favorisant ainsi une bonne irrigation du tissu conjonctif de la peau, pour un teint plus lumineux et revitalis\u00e9.  <\/p>\n","protected":false},"excerpt":{"rendered":"<p>Un gommage doux \u00e0 base de grains de fraise.<\/p>\n","protected":false},"featured_media":45529,"comment_status":"open","ping_status":"closed","template":"","meta":{"_acf_changed":false},"product_brand":[],"product_cat":[5055,6145,4885,4972,4755,5057,5796],"product_tag":[],"class_list":{"0":"post-47707","1":"product","2":"type-product","3":"status-publish","4":"has-post-thumbnail","6":"product_cat-bains-pieds-gommage","7":"product_cat-nos-marques-hfl-laboratories","8":"product_cat-hfl-labo-soins-pieds","9":"product_cat-nos-marques","10":"product_cat-pedicure","11":"product_cat-peelings-gommages","12":"product_cat-soins-pieds-marque","14":"first","15":"instock","16":"taxable","17":"shipping-taxable","18":"product-type-simple"},"acf":[],"_links":{"self":[{"href":"https:\/\/sundar.be\/fr\/wp-json\/wp\/v2\/product\/47707","targetHints":{"allow":["GET"]}}],"collection":[{"href":"https:\/\/sundar.be\/fr\/wp-json\/wp\/v2\/product"}],"about":[{"href":"https:\/\/sundar.be\/fr\/wp-json\/wp\/v2\/types\/product"}],"replies":[{"embeddable":true,"href":"https:\/\/sundar.be\/fr\/wp-json\/wp\/v2\/comments?post=47707"}],"wp:featuredmedia":[{"embeddable":true,"href":"https:\/\/sundar.be\/fr\/wp-json\/wp\/v2\/media\/45529"}],"wp:attachment":[{"href":"https:\/\/sundar.be\/fr\/wp-json\/wp\/v2\/media?parent=47707"}],"wp:term":[{"taxonomy":"product_brand","embeddable":true,"href":"https:\/\/sundar.be\/fr\/wp-json\/wp\/v2\/product_brand?post=47707"},{"taxonomy":"product_cat","embeddable":true,"href":"https:\/\/sundar.be\/fr\/wp-json\/wp\/v2\/product_cat?post=47707"},{"taxonomy":"product_tag","embeddable":true,"href":"https:\/\/sundar.be\/fr\/wp-json\/wp\/v2\/product_tag?post=47707"}],"curies":[{"name":"wp","href":"https:\/\/api.w.org\/{rel}","templated":true}]}}