{"id":47704,"date":"2024-12-19T11:43:49","date_gmt":"2024-12-19T10:43:49","guid":{"rendered":"https:\/\/sundar.be\/product\/ionto-comed-24h-lifting-cream\/"},"modified":"2025-12-11T12:09:44","modified_gmt":"2025-12-11T11:09:44","slug":"ionto-comed-24h-lifting-cream","status":"publish","type":"product","link":"https:\/\/sundar.be\/fr\/produit\/ionto-comed-24h-lifting-cream\/","title":{"rendered":"IONTO-COMED 24H Lifting Cream"},"content":{"rendered":"<p>La <span style=\"color: #557e96;\"><strong>IONTO-COMED 24H Lifting Cream<\/strong><\/span> est une cr\u00e8me anti-\u00e2ge intens\u00e9ment raffermissante et hydratante qui rend la peau visiblement plus lisse, plus rebondie et plus \u00e9lastique. Sa formule associe des huiles v\u00e9g\u00e9tales nourrissantes, des c\u00e9ramides, de l\u2019acide hyaluronique, du panth\u00e9nol et des extraits v\u00e9g\u00e9taux avanc\u00e9s tels que Myrothamnus flabellifolia et l\u2019algue rouge pour un effet liftant durable. Cette cr\u00e8me riche mais rapidement absorb\u00e9e renforce la barri\u00e8re cutan\u00e9e, att\u00e9nue les ridules de s\u00e9cheresse et prot\u00e8ge contre le vieillissement pr\u00e9matur\u00e9. Convient comme soin de jour et de nuit pour une peau plus ferme, \u00e9clatante et parfaitement hydrat\u00e9e.   <\/p>\n","protected":false},"excerpt":{"rendered":"<p data-start=\"846\" data-end=\"990\">Cr\u00e8me liftante 24h qui hydrate intens\u00e9ment, raffermit et lisse la peau. Id\u00e9ale pour un teint plus rebondi, plus jeune et lumineux. <\/p>\n<h2 data-start=\"992\" data-end=\"1008\"><\/h2>\n","protected":false},"featured_media":45975,"comment_status":"open","ping_status":"closed","template":"","meta":{"_acf_changed":false},"product_brand":[],"product_cat":[4767,4982,4972,6165,4923,4920,5058],"product_tag":[],"class_list":{"0":"post-47704","1":"product","2":"type-product","3":"status-publish","4":"has-post-thumbnail","6":"product_cat-beaute","7":"product_cat-ionto-comed-fr","8":"product_cat-nos-marques","9":"product_cat-produits-ionto","10":"product_cat-beaute-soins-de-jour","11":"product_cat-beaute-soins-du-visage","12":"product_cat-webshop-fr","13":"pa_inhoud-cabine-200ml-fr","14":"pa_inhoud-vente-50ml","16":"first","17":"instock","18":"taxable","19":"shipping-taxable","20":"product-type-variable"},"acf":[],"_links":{"self":[{"href":"https:\/\/sundar.be\/fr\/wp-json\/wp\/v2\/product\/47704","targetHints":{"allow":["GET"]}}],"collection":[{"href":"https:\/\/sundar.be\/fr\/wp-json\/wp\/v2\/product"}],"about":[{"href":"https:\/\/sundar.be\/fr\/wp-json\/wp\/v2\/types\/product"}],"replies":[{"embeddable":true,"href":"https:\/\/sundar.be\/fr\/wp-json\/wp\/v2\/comments?post=47704"}],"wp:featuredmedia":[{"embeddable":true,"href":"https:\/\/sundar.be\/fr\/wp-json\/wp\/v2\/media\/45975"}],"wp:attachment":[{"href":"https:\/\/sundar.be\/fr\/wp-json\/wp\/v2\/media?parent=47704"}],"wp:term":[{"taxonomy":"product_brand","embeddable":true,"href":"https:\/\/sundar.be\/fr\/wp-json\/wp\/v2\/product_brand?post=47704"},{"taxonomy":"product_cat","embeddable":true,"href":"https:\/\/sundar.be\/fr\/wp-json\/wp\/v2\/product_cat?post=47704"},{"taxonomy":"product_tag","embeddable":true,"href":"https:\/\/sundar.be\/fr\/wp-json\/wp\/v2\/product_tag?post=47704"}],"curies":[{"name":"wp","href":"https:\/\/api.w.org\/{rel}","templated":true}]}}