{"id":47700,"date":"2024-12-18T10:23:41","date_gmt":"2024-12-18T09:23:41","guid":{"rendered":"https:\/\/sundar.be\/product\/dissolvant-avec-acetone\/"},"modified":"2025-12-16T09:57:38","modified_gmt":"2025-12-16T08:57:38","slug":"dissolvant-avec-acetone","status":"publish","type":"product","link":"https:\/\/sundar.be\/fr\/produit\/dissolvant-avec-acetone\/","title":{"rendered":"Dissolvant avec Ac\u00e9tone"},"content":{"rendered":"<div class=\"single-product-overview-details__product-tab-text single-product-overview-details__product-tab-text--is-active\" data-tab=\"description\">\n<div class=\"single-product-overview-details__product-tab-text-description\">\n<p data-start=\"66\" data-end=\"319\">Le <span style=\"color: #557e96;\"><strong>dissolvant pour ongles avec ac\u00e9ton<\/strong><\/span>e est un dissolvant puissant et efficace pour retirer rapidement et en profondeur le vernis \u00e0 ongles. Sa formule \u00e0 base d\u2019ac\u00e9tone dissout le vernis de mani\u00e8re tr\u00e8s performante, ce qui le rend particuli\u00e8rement adapt\u00e9 aux vernis fonc\u00e9s ou tenaces. <\/p>\n<p data-start=\"321\" data-end=\"574\">Ce dissolvant est id\u00e9al pour un usage professionnel dans les instituts de manucure et de beaut\u00e9, o\u00f9 la rapidit\u00e9 et l\u2019efficacit\u00e9 sont essentielles. Utilis\u00e9 correctement, il laisse une plaque ongulaire propre, parfaitement pr\u00e9par\u00e9e pour les soins ult\u00e9rieurs. <\/p>\n<\/div>\n<\/div>\n","protected":false},"excerpt":{"rendered":"<p data-start=\"609\" data-end=\"751\">Un dissolvant pour ongles puissant \u00e0 base d\u2019ac\u00e9tone qui \u00e9limine le vernis rapidement et efficacement. Id\u00e9al pour un usage professionnel et les vernis r\u00e9sistants. <\/p>\n","protected":false},"featured_media":45849,"comment_status":"open","ping_status":"closed","template":"","meta":{"_acf_changed":false},"product_brand":[],"product_cat":[5016,5008,4972,4761,5073],"product_tag":[],"class_list":{"0":"post-47700","1":"product","2":"type-product","3":"status-publish","4":"has-post-thumbnail","6":"product_cat-manucure-accessoires-liquides","7":"product_cat-manucure-materiel-manucure","8":"product_cat-nos-marques","9":"product_cat-pose-ongles","10":"product_cat-reymerink-fr","11":"pa_inhoud-100-ml-fr","12":"pa_inhoud-1000-ml-fr","14":"first","15":"instock","16":"taxable","17":"shipping-taxable","18":"product-type-variable"},"acf":[],"_links":{"self":[{"href":"https:\/\/sundar.be\/fr\/wp-json\/wp\/v2\/product\/47700","targetHints":{"allow":["GET"]}}],"collection":[{"href":"https:\/\/sundar.be\/fr\/wp-json\/wp\/v2\/product"}],"about":[{"href":"https:\/\/sundar.be\/fr\/wp-json\/wp\/v2\/types\/product"}],"replies":[{"embeddable":true,"href":"https:\/\/sundar.be\/fr\/wp-json\/wp\/v2\/comments?post=47700"}],"wp:featuredmedia":[{"embeddable":true,"href":"https:\/\/sundar.be\/fr\/wp-json\/wp\/v2\/media\/45849"}],"wp:attachment":[{"href":"https:\/\/sundar.be\/fr\/wp-json\/wp\/v2\/media?parent=47700"}],"wp:term":[{"taxonomy":"product_brand","embeddable":true,"href":"https:\/\/sundar.be\/fr\/wp-json\/wp\/v2\/product_brand?post=47700"},{"taxonomy":"product_cat","embeddable":true,"href":"https:\/\/sundar.be\/fr\/wp-json\/wp\/v2\/product_cat?post=47700"},{"taxonomy":"product_tag","embeddable":true,"href":"https:\/\/sundar.be\/fr\/wp-json\/wp\/v2\/product_tag?post=47700"}],"curies":[{"name":"wp","href":"https:\/\/api.w.org\/{rel}","templated":true}]}}