{"id":47699,"date":"2024-12-18T11:31:29","date_gmt":"2024-12-18T10:31:29","guid":{"rendered":"https:\/\/sundar.be\/product\/eau-de-rose-1000-ml\/"},"modified":"2025-03-13T09:55:59","modified_gmt":"2025-03-13T08:55:59","slug":"eau-de-rose-1000-ml","status":"publish","type":"product","link":"https:\/\/sundar.be\/fr\/produit\/eau-de-rose-1000-ml\/","title":{"rendered":"Eau de Rose, 1000 ml"},"content":{"rendered":"<p>L&rsquo;eau de rose est une eau florale biologique et apaisante \u00e0 base de roses biologiques qui peut \u00eatre utilis\u00e9e comme tonique ou nettoyant pour le visage. Cette eau procure une sensation de fra\u00eecheur et nettoie intens\u00e9ment la peau. Merveilleusement parfum\u00e9e, elle convient parfaitement comme base pour les lotions et les masques.  <\/p>\n","protected":false},"excerpt":{"rendered":"<p>L&rsquo;eau de rose est une eau florale biologique et apaisante \u00e0 base de roses biologiques qui peut \u00eatre utilis\u00e9e comme tonique ou nettoyant pour le visage. Cette eau procure une sensation de fra\u00eecheur et nettoie intens\u00e9ment la peau. Merveilleusement parfum\u00e9e, elle convient parfaitement comme base pour les lotions et les masques.<\/p>\n","protected":false},"featured_media":45904,"comment_status":"open","ping_status":"closed","template":"","meta":{"_acf_changed":false},"product_brand":[],"product_cat":[4921,4920],"product_tag":[],"class_list":{"0":"post-47699","1":"product","2":"type-product","3":"status-publish","4":"has-post-thumbnail","6":"product_cat-beaute-nettoyage-exfoliation","7":"product_cat-beaute-soins-du-visage","9":"first","10":"instock","11":"taxable","12":"shipping-taxable","13":"product-type-simple"},"acf":[],"_links":{"self":[{"href":"https:\/\/sundar.be\/fr\/wp-json\/wp\/v2\/product\/47699","targetHints":{"allow":["GET"]}}],"collection":[{"href":"https:\/\/sundar.be\/fr\/wp-json\/wp\/v2\/product"}],"about":[{"href":"https:\/\/sundar.be\/fr\/wp-json\/wp\/v2\/types\/product"}],"replies":[{"embeddable":true,"href":"https:\/\/sundar.be\/fr\/wp-json\/wp\/v2\/comments?post=47699"}],"wp:featuredmedia":[{"embeddable":true,"href":"https:\/\/sundar.be\/fr\/wp-json\/wp\/v2\/media\/45904"}],"wp:attachment":[{"href":"https:\/\/sundar.be\/fr\/wp-json\/wp\/v2\/media?parent=47699"}],"wp:term":[{"taxonomy":"product_brand","embeddable":true,"href":"https:\/\/sundar.be\/fr\/wp-json\/wp\/v2\/product_brand?post=47699"},{"taxonomy":"product_cat","embeddable":true,"href":"https:\/\/sundar.be\/fr\/wp-json\/wp\/v2\/product_cat?post=47699"},{"taxonomy":"product_tag","embeddable":true,"href":"https:\/\/sundar.be\/fr\/wp-json\/wp\/v2\/product_tag?post=47699"}],"curies":[{"name":"wp","href":"https:\/\/api.w.org\/{rel}","templated":true}]}}