{"id":47694,"date":"2025-02-17T17:35:21","date_gmt":"2025-02-17T16:35:21","guid":{"rendered":"https:\/\/sundar.be\/product\/by-la-nature-magnesium-badzout-500g\/"},"modified":"2025-11-21T09:24:37","modified_gmt":"2025-11-21T08:24:37","slug":"by-la-nature-magnesium-badzout-500g","status":"publish","type":"product","link":"https:\/\/sundar.be\/fr\/produit\/by-la-nature-magnesium-badzout-500g\/","title":{"rendered":"By La Nature Magnesium Badzout, 500g"},"content":{"rendered":"<p data-start=\"91\" data-end=\"454\">Offrez-vous un moment de d\u00e9tente et de r\u00e9g\u00e9n\u00e9ration avec nos sels de bain au magn\u00e9sium de luxe, sp\u00e9cialement formul\u00e9s pour revitaliser votre corps et apaiser votre esprit. Enrichis en huiles essentielles soigneusement s\u00e9lectionn\u00e9es et en min\u00e9raux naturels, chaque sel de bain vous procure une exp\u00e9rience bien-\u00eatre unique.  <\/p>\n<p data-start=\"456\" data-end=\"712\">\ud83c\udf3f <strong data-start=\"459\" data-end=\"495\">Tranquil Bliss Magnesium Badzout<\/strong> \u2013 <strong data-start=\"498\" data-end=\"523\">Relaxing &amp; Antistress \ud83c\udf3f<\/strong><br data-start=\"523\" data-end=\"526\">Laat de zachte geur van lavendel en kamille je omhullen en ervaar diepe ontspanning na een lange dag. Perfect om stress te verminderen en een goede nachtrust te bevorderen.<\/p>\n<p data-start=\"714\" data-end=\"977\">\ud83d\udcaa <strong data-start=\"717\" data-end=\"757\">Revitalizing Tonic Sel de Bain au Magn\u00e9sium<\/strong> \u2013 <strong data-start=\"760\" data-end=\"789\">D\u00e9tente Musculaire &amp; D\u00e9tox \ud83d\udcaa<br data-start=\"789\" data-end=\"792\"><\/strong>Une puissante combinaison de sels d\u2019Epsom et de l\u2019Himalaya, enrichie en huiles essentielles purifiantes, con\u00e7ue pour rel\u00e2cher les tensions musculaires, d\u00e9toxifier le corps et restaurer l\u2019\u00e9nergie.<\/p>\n<p data-start=\"979\" data-end=\"1234\">\ud83c\udf38 <strong data-start=\"982\" data-end=\"1015\">Tender Care Magnesium Badzout<\/strong> \u2013 <strong data-start=\"1018\" data-end=\"1037\">Trust &amp; Harmony \ud83c\udf38<\/strong><br data-start=\"1037\" data-end=\"1040\">Laat je omarmen door de warme, bloemige geur van magnolia en ylang-ylang en cre\u00eber een gevoel van innerlijke balans en harmonie. Ideaal voor een moment van zelfzorg en ontspanning.<\/p>\n<p data-start=\"1236\" data-end=\"1467\">\ud83d\udd25 <strong data-start=\"1239\" data-end=\"1278\">Sensual Awakening Sel de Bain au Magn\u00e9sium<\/strong> \u2013 <strong data-start=\"1281\" data-end=\"1302\">Amour &amp; Sensualit\u00e9 \ud83d\udd25<br data-start=\"1302\" data-end=\"1305\"><\/strong>\u00c9veillez vos sens et ajoutez une touche de passion \u00e0 votre rituel de bain gr\u00e2ce \u00e0 un m\u00e9lange envo\u00fbtant d\u2019huiles essentielles, sp\u00e9cialement con\u00e7u pour cr\u00e9er une ambiance intime et romantique.<\/p>\n<p data-start=\"1469\" data-end=\"1582\" data-is-last-node=\"\">Choisissez votre sel de bain pr\u00e9f\u00e9r\u00e9 et offrez-vous un moment de d\u00e9tente absolue, tout en profitant des bienfaits du magn\u00e9sium.<\/p>\n","protected":false},"excerpt":{"rendered":"<p>D\u00e9couvrez les d\u00e9licieux sels de bain au magn\u00e9sium de By La Nature.<\/p>\n","protected":false},"featured_media":46918,"comment_status":"open","ping_status":"closed","template":"","meta":{"_acf_changed":false},"product_brand":[],"product_cat":[5055,6148,6149,4972,4755,5056,5796,5058],"product_tag":[],"class_list":{"0":"post-47694","1":"product","2":"type-product","3":"status-publish","4":"has-post-thumbnail","6":"product_cat-bains-pieds-gommage","7":"product_cat-by-la-nature","8":"product_cat-by-la-nature-soins-des-pieds","9":"product_cat-nos-marques","10":"product_cat-pedicure","11":"product_cat-produits-bain-pieds","12":"product_cat-soins-pieds-marque","13":"product_cat-webshop-fr","14":"pa_vorm-revitalizing-tonic-fr","15":"pa_vorm-sensual-awakening-fr","16":"pa_vorm-tender-care-fr","17":"pa_vorm-tranquil-bliss-fr","19":"first","20":"instock","21":"taxable","22":"shipping-taxable","23":"product-type-variable"},"acf":[],"_links":{"self":[{"href":"https:\/\/sundar.be\/fr\/wp-json\/wp\/v2\/product\/47694","targetHints":{"allow":["GET"]}}],"collection":[{"href":"https:\/\/sundar.be\/fr\/wp-json\/wp\/v2\/product"}],"about":[{"href":"https:\/\/sundar.be\/fr\/wp-json\/wp\/v2\/types\/product"}],"replies":[{"embeddable":true,"href":"https:\/\/sundar.be\/fr\/wp-json\/wp\/v2\/comments?post=47694"}],"wp:featuredmedia":[{"embeddable":true,"href":"https:\/\/sundar.be\/fr\/wp-json\/wp\/v2\/media\/46918"}],"wp:attachment":[{"href":"https:\/\/sundar.be\/fr\/wp-json\/wp\/v2\/media?parent=47694"}],"wp:term":[{"taxonomy":"product_brand","embeddable":true,"href":"https:\/\/sundar.be\/fr\/wp-json\/wp\/v2\/product_brand?post=47694"},{"taxonomy":"product_cat","embeddable":true,"href":"https:\/\/sundar.be\/fr\/wp-json\/wp\/v2\/product_cat?post=47694"},{"taxonomy":"product_tag","embeddable":true,"href":"https:\/\/sundar.be\/fr\/wp-json\/wp\/v2\/product_tag?post=47694"}],"curies":[{"name":"wp","href":"https:\/\/api.w.org\/{rel}","templated":true}]}}