{"id":47689,"date":"2025-02-17T18:02:14","date_gmt":"2025-02-17T17:02:14","guid":{"rendered":"https:\/\/sundar.be\/product\/by-la-nature-huile-de-massage-200ml\/"},"modified":"2025-11-21T09:22:49","modified_gmt":"2025-11-21T08:22:49","slug":"by-la-nature-huile-de-massage-200ml","status":"publish","type":"product","link":"https:\/\/sundar.be\/fr\/produit\/by-la-nature-huile-de-massage-200ml\/","title":{"rendered":"By La Nature Huile de Massage, 200ml"},"content":{"rendered":"<p data-start=\"68\" data-end=\"389\">D\u00e9couvrez le pouvoir des huiles de massage naturelles, enrichies en huiles v\u00e9g\u00e9tales soigneusement s\u00e9lectionn\u00e9es et en extraits essentiels pour un effet nourrissant et relaxant. Que vous recherchiez une d\u00e9tente profonde, une revitalisation, une harmonie ou une touche de sensualit\u00e9, il existe une huile de massage parfaite pour chaque instant. <\/p>\n<p data-start=\"391\" data-end=\"662\">\ud83c\udf3f <strong data-start=\"394\" data-end=\"425\">Tranquil Bliss Massage Olie<\/strong> \u2013 <strong data-start=\"428\" data-end=\"469\">Diepe ontspanning &amp; stressverlichting \ud83c\udf3f <\/strong><br data-start=\"469\" data-end=\"472\">Een kalmerende mix van lavendel en kamille, gecombineerd met voedende druivenpit-, sesam- en jojoba-olie. Ideaal voor een ontspannende massage die lichaam en geest tot rust brengt.<\/p>\n<p data-start=\"664\" data-end=\"954\">\ud83d\udcaa <strong data-start=\"667\" data-end=\"702\">Revitalizing Tonic Massage Olie<\/strong> \u2013 <strong data-start=\"705\" data-end=\"740\">Spierontspanning &amp; energieboost \ud83d\udcaa<\/strong><br data-start=\"740\" data-end=\"743\">Verrijkt met pepermunt, eucalyptus en rozemarijn, stimuleert deze olie de doorbloeding, helpt vermoeide spieren te ontspannen en laat je lichaam weer energiek aanvoelen. Perfect na inspanning of sport.<\/p>\n<p data-start=\"956\" data-end=\"1200\">\ud83c\udf38 <strong data-start=\"959\" data-end=\"987\">Tender Care Massage Olie<\/strong> \u2013 <strong data-start=\"990\" data-end=\"1012\">Balans &amp; zachtheid \ud83c\udf38<\/strong><br data-start=\"1012\" data-end=\"1015\">De warme geur van magnolia, ylang-ylang en kamille brengt een gevoel van harmonie en welzijn. Deze olie voedt de huid intens en is ideaal voor een zachte, verzorgende massage.<\/p>\n<p data-start=\"1202\" data-end=\"1473\">\ud83d\udd25 <strong data-start=\"1205\" data-end=\"1239\">Sensual Awakening Massage Olie<\/strong> \u2013 <strong data-start=\"1242\" data-end=\"1265\">Passie &amp; verleiding \ud83d\udd25<\/strong><br data-start=\"1265\" data-end=\"1268\">Een verleidelijke combinatie van sinaasappel, ylang-ylang en litsea cubeba, ontworpen om de zintuigen te prikkelen en een intieme, sensuele sfeer te cre\u00ebren. Perfect voor een romantische massage.<\/p>\n<p data-start=\"1475\" data-end=\"1574\" data-is-last-node=\"\">Choisissez votre huile de massage pr\u00e9f\u00e9r\u00e9e et offrez-vous un moment de pur bien-\u00eatre et de d\u00e9tente.<\/p>\n","protected":false},"excerpt":{"rendered":"<p>D\u00e9couvrez le pouvoir des huiles de massage naturelles, enrichies en huiles v\u00e9g\u00e9tales soigneusement s\u00e9lectionn\u00e9es et en extraits essentiels pour un effet nourrissant et relaxant.<\/p>\n","protected":false},"featured_media":46931,"comment_status":"open","ping_status":"closed","template":"","meta":{"_acf_changed":false},"product_brand":[],"product_cat":[6148,5018,4225,4223,4972],"product_tag":[],"class_list":{"0":"post-47689","1":"product","2":"type-product","3":"status-publish","4":"has-post-thumbnail","6":"product_cat-by-la-nature","7":"product_cat-by-la-nature-massage-fr","8":"product_cat-huiles-de-massage-lotions","9":"product_cat-massage-fr-webshop-fr","10":"product_cat-nos-marques","11":"pa_vorm-revitalizing-tonic-fr","12":"pa_vorm-sensual-awakening-fr","13":"pa_vorm-tender-care-fr","14":"pa_vorm-tranquil-bliss-fr","16":"first","17":"instock","18":"taxable","19":"shipping-taxable","20":"product-type-variable"},"acf":[],"_links":{"self":[{"href":"https:\/\/sundar.be\/fr\/wp-json\/wp\/v2\/product\/47689","targetHints":{"allow":["GET"]}}],"collection":[{"href":"https:\/\/sundar.be\/fr\/wp-json\/wp\/v2\/product"}],"about":[{"href":"https:\/\/sundar.be\/fr\/wp-json\/wp\/v2\/types\/product"}],"replies":[{"embeddable":true,"href":"https:\/\/sundar.be\/fr\/wp-json\/wp\/v2\/comments?post=47689"}],"wp:featuredmedia":[{"embeddable":true,"href":"https:\/\/sundar.be\/fr\/wp-json\/wp\/v2\/media\/46931"}],"wp:attachment":[{"href":"https:\/\/sundar.be\/fr\/wp-json\/wp\/v2\/media?parent=47689"}],"wp:term":[{"taxonomy":"product_brand","embeddable":true,"href":"https:\/\/sundar.be\/fr\/wp-json\/wp\/v2\/product_brand?post=47689"},{"taxonomy":"product_cat","embeddable":true,"href":"https:\/\/sundar.be\/fr\/wp-json\/wp\/v2\/product_cat?post=47689"},{"taxonomy":"product_tag","embeddable":true,"href":"https:\/\/sundar.be\/fr\/wp-json\/wp\/v2\/product_tag?post=47689"}],"curies":[{"name":"wp","href":"https:\/\/api.w.org\/{rel}","templated":true}]}}