{"id":47685,"date":"2025-02-17T18:31:11","date_gmt":"2025-02-17T17:31:11","guid":{"rendered":"https:\/\/sundar.be\/product\/volatile-massage-olie-herfstgloed\/"},"modified":"2025-05-20T07:52:12","modified_gmt":"2025-05-20T05:52:12","slug":"volatile-massage-olie-herfstgloed","status":"publish","type":"product","link":"https:\/\/sundar.be\/fr\/produit\/volatile-massage-olie-herfstgloed\/","title":{"rendered":"Volatile Massage Olie Herfstgloed"},"content":{"rendered":"<p data-start=\"76\" data-end=\"523\"><span style=\"color: #ef85ab;\"><strong>L\u2019huile de massage Volatile Herfstgloed<\/strong><\/span> est compos\u00e9e d\u2019un riche m\u00e9lange d\u2019huiles v\u00e9g\u00e9tales nourrissantes et d\u2019huiles essentielles aromatiques, qui nourrissent, hydratent et revitalisent intens\u00e9ment la peau. Gr\u00e2ce \u00e0 la combinaison <strong>d\u2019huile d\u2019amande douce, d\u2019huile de jojoba<\/strong> et d\u2019une s\u00e9lection d\u2019<strong>huiles essentielles stimulantes<\/strong>, cette huile de massage est id\u00e9ale pour un massage \u00e0 la fois relaxant et revigorant, tout en laissant la peau douce et souple. <\/p>\n<p data-start=\"525\" data-end=\"835\">Le subtil m\u00e9lange <strong>d\u2019huiles d\u2019orange, de citron et de cannelle<\/strong> cr\u00e9e un ar\u00f4me chaud et \u00e9pic\u00e9 qui \u00e9veille les sens et apaise l\u2019esprit.<strong> L\u2019huile de romarin et de pin<\/strong> procure un effet revigorant et stimulant, tandis que l\u2019<strong>huile de v\u00e9tiver<\/strong> aide \u00e0 r\u00e9duire le stress et les tensions.<\/p>\n","protected":false},"excerpt":{"rendered":"<p><span style=\"color: #ef85ab;\"><strong>L&rsquo;huile de massage Volatile Herfstgloed<\/strong><\/span> est une combinaison parfaite d\u2019hydratation, de stimulation et de relaxation. Le m\u00e9lange d\u2019huiles naturelles et d\u2019huiles essentielles aromatiques nourrit la peau, aide \u00e0 r\u00e9duire les tensions musculaires et r\u00e9\u00e9quilibre le corps et l\u2019esprit. Gr\u00e2ce \u00e0 son soin intensif et \u00e0 son parfum envo\u00fbtant, cette huile de massage est un v\u00e9ritable luxe pour toute personne recherchant une exp\u00e9rience profond\u00e9ment relaxante et revitalisante.  <\/p>\n","protected":false},"featured_media":46947,"comment_status":"open","ping_status":"closed","template":"","meta":{"_acf_changed":false},"product_brand":[],"product_cat":[4225,4223,5025],"product_tag":[],"class_list":{"0":"post-47685","1":"product","2":"type-product","3":"status-publish","4":"has-post-thumbnail","6":"product_cat-huiles-de-massage-lotions","7":"product_cat-massage-fr-webshop-fr","8":"product_cat-volatile-massage-fr","9":"pa_inhoud-1000-ml-fr","10":"pa_inhoud-250-ml-fr","12":"first","13":"instock","14":"taxable","15":"shipping-taxable","16":"product-type-variable"},"acf":[],"_links":{"self":[{"href":"https:\/\/sundar.be\/fr\/wp-json\/wp\/v2\/product\/47685","targetHints":{"allow":["GET"]}}],"collection":[{"href":"https:\/\/sundar.be\/fr\/wp-json\/wp\/v2\/product"}],"about":[{"href":"https:\/\/sundar.be\/fr\/wp-json\/wp\/v2\/types\/product"}],"replies":[{"embeddable":true,"href":"https:\/\/sundar.be\/fr\/wp-json\/wp\/v2\/comments?post=47685"}],"wp:featuredmedia":[{"embeddable":true,"href":"https:\/\/sundar.be\/fr\/wp-json\/wp\/v2\/media\/46947"}],"wp:attachment":[{"href":"https:\/\/sundar.be\/fr\/wp-json\/wp\/v2\/media?parent=47685"}],"wp:term":[{"taxonomy":"product_brand","embeddable":true,"href":"https:\/\/sundar.be\/fr\/wp-json\/wp\/v2\/product_brand?post=47685"},{"taxonomy":"product_cat","embeddable":true,"href":"https:\/\/sundar.be\/fr\/wp-json\/wp\/v2\/product_cat?post=47685"},{"taxonomy":"product_tag","embeddable":true,"href":"https:\/\/sundar.be\/fr\/wp-json\/wp\/v2\/product_tag?post=47685"}],"curies":[{"name":"wp","href":"https:\/\/api.w.org\/{rel}","templated":true}]}}