{"id":47684,"date":"2025-02-19T08:29:14","date_gmt":"2025-02-19T07:29:14","guid":{"rendered":"https:\/\/sundar.be\/product\/by-la-nature-derma-dry-powder-80g\/"},"modified":"2025-11-21T09:29:51","modified_gmt":"2025-11-21T08:29:51","slug":"by-la-nature-derma-dry-powder-80g","status":"publish","type":"product","link":"https:\/\/sundar.be\/fr\/produit\/by-la-nature-derma-dry-powder-80g\/","title":{"rendered":"By La Nature Derma-Dry Powder, 80g"},"content":{"rendered":"<p data-start=\"93\" data-end=\"472\">La <strong data-start=\"116\" data-end=\"149\"><g id=\"gid_1\">By La Nature Derma-Dry Powder<\/g><\/strong> est une poudre cutan\u00e9e naturellement absorbante, con\u00e7ue pour garder les pieds frais, secs et confortables. Cette formule 100 % v\u00e9g\u00e9tale aide \u00e0 absorber l&rsquo;exc\u00e8s d&rsquo;humidit\u00e9, apaise la peau et procure un effet rafra\u00eechissant gr\u00e2ce \u00e0 la combinaison d&rsquo;huile de menthe poivr\u00e9e, de lavande et d&rsquo;extrait de feuille de laurier. <\/p>\n<p data-start=\"474\" data-end=\"773\">Cette poudre cutan\u00e9e est adapt\u00e9e \u00e0 un usage quotidien et peut \u00eatre appliqu\u00e9e sur des pieds sujets \u00e0 l&rsquo;humidit\u00e9, aux irritations, aux infections fongiques ou aux frottements. Gr\u00e2ce \u00e0 sa composition naturelle, elle constitue une alternative douce et efficace aux poudres de talc conventionnelles, sans additifs synth\u00e9tiques. <\/p>\n","protected":false},"excerpt":{"rendered":"<p>La <strong data-start=\"4005\" data-end=\"4038\"><g id=\"gid_1\">By La Nature Derma-Dry Powder<\/g> <\/strong>est une poudre cutan\u00e9e efficace et naturelle qui maintient la peau s\u00e8che, fra\u00eeche et confortable. L&rsquo;effet rafra\u00eechissant du menthol et de la menthe poivr\u00e9e, associ\u00e9 au pouvoir absorbant de la poudre de marante, fait de ce produit un choix id\u00e9al pour un usage quotidien.<br \/>Gr\u00e2ce \u00e0 sa formule 100 % v\u00e9g\u00e9tale, c&rsquo;est une option douce et s\u00fbre pour tous ceux qui souhaitent prendre soin de leur peau de mani\u00e8re naturelle, tout en la prot\u00e9geant contre l&rsquo;humidit\u00e9 et les irritations.  <\/p>\n","protected":false},"featured_media":47004,"comment_status":"open","ping_status":"closed","template":"","meta":{"_acf_changed":false},"product_brand":[],"product_cat":[4997,6148,6149,5004,5006,4972,4755,4999,5796,4996,5058],"product_tag":[],"class_list":{"0":"post-47684","1":"product","2":"type-product","3":"status-publish","4":"has-post-thumbnail","6":"product_cat-anti-transpirants","7":"product_cat-by-la-nature","8":"product_cat-by-la-nature-soins-des-pieds","9":"product_cat-ideal-pour-les-sportifs","10":"product_cat-mycose-du-pied-ongles","11":"product_cat-nos-marques","12":"product_cat-pedicure","13":"product_cat-soins-specifique-pieds","14":"product_cat-soins-pieds-marque","15":"product_cat-soins-quotidiens-des-pieds","16":"product_cat-webshop-fr","18":"first","19":"instock","20":"taxable","21":"shipping-taxable","22":"product-type-simple"},"acf":[],"_links":{"self":[{"href":"https:\/\/sundar.be\/fr\/wp-json\/wp\/v2\/product\/47684","targetHints":{"allow":["GET"]}}],"collection":[{"href":"https:\/\/sundar.be\/fr\/wp-json\/wp\/v2\/product"}],"about":[{"href":"https:\/\/sundar.be\/fr\/wp-json\/wp\/v2\/types\/product"}],"replies":[{"embeddable":true,"href":"https:\/\/sundar.be\/fr\/wp-json\/wp\/v2\/comments?post=47684"}],"wp:featuredmedia":[{"embeddable":true,"href":"https:\/\/sundar.be\/fr\/wp-json\/wp\/v2\/media\/47004"}],"wp:attachment":[{"href":"https:\/\/sundar.be\/fr\/wp-json\/wp\/v2\/media?parent=47684"}],"wp:term":[{"taxonomy":"product_brand","embeddable":true,"href":"https:\/\/sundar.be\/fr\/wp-json\/wp\/v2\/product_brand?post=47684"},{"taxonomy":"product_cat","embeddable":true,"href":"https:\/\/sundar.be\/fr\/wp-json\/wp\/v2\/product_cat?post=47684"},{"taxonomy":"product_tag","embeddable":true,"href":"https:\/\/sundar.be\/fr\/wp-json\/wp\/v2\/product_tag?post=47684"}],"curies":[{"name":"wp","href":"https:\/\/api.w.org\/{rel}","templated":true}]}}