{"id":47678,"date":"2025-02-19T09:20:58","date_gmt":"2025-02-19T08:20:58","guid":{"rendered":"https:\/\/sundar.be\/product\/akileine-creme-anti-transpirante-75ml\/"},"modified":"2025-12-11T15:09:02","modified_gmt":"2025-12-11T14:09:02","slug":"akileine-creme-anti-transpirante-75ml","status":"publish","type":"product","link":"https:\/\/sundar.be\/fr\/produit\/akileine-creme-anti-transpirante-75ml\/","title":{"rendered":"Akile\u00efne Cr\u00e8me Anti-Transpirante, 75ml"},"content":{"rendered":"<p><span style=\"color: #557e96;\"><strong>Akile\u00efne Cr\u00e8me Anti-Transpirante<\/strong><\/span> est une cr\u00e8me puissante et soin qui r\u00e9duit efficacement la transpiration excessive des pieds tout en maintenant la peau douce, s\u00e8che et confortable. Sa formule associe du tri\u00e9thylcitrate, des poudres absorbantes naturelles et des extraits v\u00e9g\u00e9taux antibact\u00e9riens pour r\u00e9guler l\u2019humidit\u00e9 et pr\u00e9venir la formation d\u2019odeurs. Des ingr\u00e9dients nourrissants et r\u00e9parateurs tels que le beurre de karit\u00e9, le squalane et les esters de jojoba maintiennent la peau souple et prot\u00e9g\u00e9e, m\u00eame lors d\u2019un port prolong\u00e9 de chaussures. Id\u00e9ale pour les personnes souffrant de transpiration des pieds ou recherchant une sensation durable de fra\u00eecheur et de confort.   <\/p>\n","protected":false},"excerpt":{"rendered":"<p>Cr\u00e8me anti-transpirante r\u00e9gulatrice qui r\u00e9duit la transpiration des pieds et procure une fra\u00eecheur longue dur\u00e9e. Soin doux et efficace qui nourrit la peau et neutralise les odeurs. <\/p>\n","protected":false},"featured_media":47019,"comment_status":"open","ping_status":"closed","template":"","meta":{"_acf_changed":false},"product_brand":[],"product_cat":[5069,4997,4972,4755,4996],"product_tag":[],"class_list":{"0":"post-47678","1":"product","2":"type-product","3":"status-publish","4":"has-post-thumbnail","6":"product_cat-akileine-fr","7":"product_cat-anti-transpirants","8":"product_cat-nos-marques","9":"product_cat-pedicure","10":"product_cat-soins-quotidiens-des-pieds","11":"pa_inhoud-500-ml-fr","12":"pa_inhoud-75-ml-fr","14":"first","15":"instock","16":"taxable","17":"shipping-taxable","18":"product-type-variable"},"acf":[],"_links":{"self":[{"href":"https:\/\/sundar.be\/fr\/wp-json\/wp\/v2\/product\/47678","targetHints":{"allow":["GET"]}}],"collection":[{"href":"https:\/\/sundar.be\/fr\/wp-json\/wp\/v2\/product"}],"about":[{"href":"https:\/\/sundar.be\/fr\/wp-json\/wp\/v2\/types\/product"}],"replies":[{"embeddable":true,"href":"https:\/\/sundar.be\/fr\/wp-json\/wp\/v2\/comments?post=47678"}],"wp:featuredmedia":[{"embeddable":true,"href":"https:\/\/sundar.be\/fr\/wp-json\/wp\/v2\/media\/47019"}],"wp:attachment":[{"href":"https:\/\/sundar.be\/fr\/wp-json\/wp\/v2\/media?parent=47678"}],"wp:term":[{"taxonomy":"product_brand","embeddable":true,"href":"https:\/\/sundar.be\/fr\/wp-json\/wp\/v2\/product_brand?post=47678"},{"taxonomy":"product_cat","embeddable":true,"href":"https:\/\/sundar.be\/fr\/wp-json\/wp\/v2\/product_cat?post=47678"},{"taxonomy":"product_tag","embeddable":true,"href":"https:\/\/sundar.be\/fr\/wp-json\/wp\/v2\/product_tag?post=47678"}],"curies":[{"name":"wp","href":"https:\/\/api.w.org\/{rel}","templated":true}]}}