{"id":47637,"date":"2025-02-19T09:57:24","date_gmt":"2025-02-19T08:57:24","guid":{"rendered":"https:\/\/sundar.be\/product\/akileine-foot-bath-tablets-7x12g\/"},"modified":"2025-12-11T13:35:53","modified_gmt":"2025-12-11T12:35:53","slug":"akileine-foot-bath-tablets-7x12g","status":"publish","type":"product","link":"https:\/\/sundar.be\/fr\/produit\/akileine-foot-bath-tablets-7x12g\/","title":{"rendered":"Akile\u00efne Revitalizing Foot Bath Tablets, 7x12g"},"content":{"rendered":"<p data-start=\"86\" data-end=\"409\">Les <span style=\"color: #557e96;\"><strong>Akile\u00efne Revitalizing Foot Bath Tablets<\/strong><\/span> sont des tablettes effervescentes qui soulagent et rafra\u00eechissent instantan\u00e9ment les pieds fatigu\u00e9s et lourds. Leur formule associe du menthol pour un effet rafra\u00eechissant imm\u00e9diat, des extraits v\u00e9g\u00e9taux tonifiants tels que ginkgo biloba, ruscus, marron d\u2019Inde et p\u00e9pin de raisin, ainsi que des actifs qui stimulent la microcirculation. Les pastilles adoucissent la peau, revitalisent les pieds fatigu\u00e9s et offrent un v\u00e9ritable moment de d\u00e9tente vivifiant. Parfaites pour un usage quotidien ou apr\u00e8s une journ\u00e9e particuli\u00e8rement \u00e9prouvante.   <\/p>\n","protected":false},"excerpt":{"rendered":"<p>Pastilles de bain vivifiantes qui rafra\u00eechissent, soulagent et revitalisent les pieds fatigu\u00e9s. Id\u00e9ales pour d\u00e9tendre les pieds et stimuler la circulation. <\/p>\n","protected":false},"featured_media":47022,"comment_status":"open","ping_status":"closed","template":"","meta":{"_acf_changed":false},"product_brand":[],"product_cat":[5069,4997,5055,4972,4755,5056,4996],"product_tag":[],"class_list":{"0":"post-47637","1":"product","2":"type-product","3":"status-publish","4":"has-post-thumbnail","6":"product_cat-akileine-fr","7":"product_cat-anti-transpirants","8":"product_cat-bains-pieds-gommage","9":"product_cat-nos-marques","10":"product_cat-pedicure","11":"product_cat-produits-bain-pieds","12":"product_cat-soins-quotidiens-des-pieds","14":"first","15":"instock","16":"taxable","17":"shipping-taxable","18":"product-type-simple"},"acf":[],"_links":{"self":[{"href":"https:\/\/sundar.be\/fr\/wp-json\/wp\/v2\/product\/47637","targetHints":{"allow":["GET"]}}],"collection":[{"href":"https:\/\/sundar.be\/fr\/wp-json\/wp\/v2\/product"}],"about":[{"href":"https:\/\/sundar.be\/fr\/wp-json\/wp\/v2\/types\/product"}],"replies":[{"embeddable":true,"href":"https:\/\/sundar.be\/fr\/wp-json\/wp\/v2\/comments?post=47637"}],"wp:featuredmedia":[{"embeddable":true,"href":"https:\/\/sundar.be\/fr\/wp-json\/wp\/v2\/media\/47022"}],"wp:attachment":[{"href":"https:\/\/sundar.be\/fr\/wp-json\/wp\/v2\/media?parent=47637"}],"wp:term":[{"taxonomy":"product_brand","embeddable":true,"href":"https:\/\/sundar.be\/fr\/wp-json\/wp\/v2\/product_brand?post=47637"},{"taxonomy":"product_cat","embeddable":true,"href":"https:\/\/sundar.be\/fr\/wp-json\/wp\/v2\/product_cat?post=47637"},{"taxonomy":"product_tag","embeddable":true,"href":"https:\/\/sundar.be\/fr\/wp-json\/wp\/v2\/product_tag?post=47637"}],"curies":[{"name":"wp","href":"https:\/\/api.w.org\/{rel}","templated":true}]}}