{"id":47636,"date":"2025-02-19T10:17:34","date_gmt":"2025-02-19T09:17:34","guid":{"rendered":"https:\/\/sundar.be\/product\/akileine-deo-anti-transpirant-100ml\/"},"modified":"2025-12-11T13:26:56","modified_gmt":"2025-12-11T12:26:56","slug":"akileine-deo-anti-transpirant-100ml","status":"publish","type":"product","link":"https:\/\/sundar.be\/fr\/produit\/akileine-deo-anti-transpirant-100ml\/","title":{"rendered":"Akile\u00efne Deo Anti Transpirant, 100ml"},"content":{"rendered":"<p data-start=\"95\" data-end=\"466\"><span style=\"color: #557e96;\"><strong>Akile\u00efne Deo Anti Transpirant<\/strong><\/span> est un d\u00e9odorant puissant pour les pieds qui r\u00e9duit la transpiration excessive et neutralise efficacement les mauvaises odeurs. Sa formule contient du chlorhydrate d\u2019aluminium, un actif reconnu pour r\u00e9guler la production de sueur, tandis que l\u2019allanto\u00efne adoucit et prot\u00e8ge la peau. Gr\u00e2ce aux extraits antibact\u00e9riens naturels tels que Usnea Barbata et aux agents d\u00e9odorants comme le farn\u00e9sol, les pieds restent frais, secs et agr\u00e9ablement prot\u00e9g\u00e9s plus longtemps. Id\u00e9al pour les personnes sujettes \u00e0 la transpiration plantaire ou souhaitant garder des pieds frais, m\u00eame par temps chaud ou lors d\u2019activit\u00e9s sportives.   <\/p>\n","protected":false},"excerpt":{"rendered":"<p>D\u00e9odorant pieds puissant qui r\u00e9gule la transpiration et neutralise les odeurs. Garde les pieds frais, secs et confortables durablement. <\/p>\n","protected":false},"featured_media":47031,"comment_status":"open","ping_status":"closed","template":"","meta":{"_acf_changed":false},"product_brand":[],"product_cat":[5069,4997,4972,4755,4996],"product_tag":[],"class_list":{"0":"post-47636","1":"product","2":"type-product","3":"status-publish","4":"has-post-thumbnail","6":"product_cat-akileine-fr","7":"product_cat-anti-transpirants","8":"product_cat-nos-marques","9":"product_cat-pedicure","10":"product_cat-soins-quotidiens-des-pieds","12":"first","13":"instock","14":"taxable","15":"shipping-taxable","16":"product-type-simple"},"acf":[],"_links":{"self":[{"href":"https:\/\/sundar.be\/fr\/wp-json\/wp\/v2\/product\/47636","targetHints":{"allow":["GET"]}}],"collection":[{"href":"https:\/\/sundar.be\/fr\/wp-json\/wp\/v2\/product"}],"about":[{"href":"https:\/\/sundar.be\/fr\/wp-json\/wp\/v2\/types\/product"}],"replies":[{"embeddable":true,"href":"https:\/\/sundar.be\/fr\/wp-json\/wp\/v2\/comments?post=47636"}],"wp:featuredmedia":[{"embeddable":true,"href":"https:\/\/sundar.be\/fr\/wp-json\/wp\/v2\/media\/47031"}],"wp:attachment":[{"href":"https:\/\/sundar.be\/fr\/wp-json\/wp\/v2\/media?parent=47636"}],"wp:term":[{"taxonomy":"product_brand","embeddable":true,"href":"https:\/\/sundar.be\/fr\/wp-json\/wp\/v2\/product_brand?post=47636"},{"taxonomy":"product_cat","embeddable":true,"href":"https:\/\/sundar.be\/fr\/wp-json\/wp\/v2\/product_cat?post=47636"},{"taxonomy":"product_tag","embeddable":true,"href":"https:\/\/sundar.be\/fr\/wp-json\/wp\/v2\/product_tag?post=47636"}],"curies":[{"name":"wp","href":"https:\/\/api.w.org\/{rel}","templated":true}]}}