{"id":47635,"date":"2025-02-19T10:58:58","date_gmt":"2025-02-19T09:58:58","guid":{"rendered":"https:\/\/sundar.be\/product\/gehwol-med-creme-lotion-anti-transpirante-125-ml\/"},"modified":"2025-12-15T09:31:31","modified_gmt":"2025-12-15T08:31:31","slug":"gehwol-med-creme-lotion-anti-transpirante-125-ml","status":"publish","type":"product","link":"https:\/\/sundar.be\/fr\/produit\/gehwol-med-creme-lotion-anti-transpirante-125-ml\/","title":{"rendered":"Gehwol Med Cr\u00e8me-Lotion Anti-Transpirante, 125 ml"},"content":{"rendered":"<p data-start=\"78\" data-end=\"339\"><span style=\"color: #557e96;\"><strong>Gehwol Med Cr\u00e8me-Lotion Anti-Transpirante<\/strong><\/span> est une cr\u00e8me de soin efficace qui aide \u00e0 r\u00e9duire la transpiration excessive des pieds. La cr\u00e8me r\u00e9gule la production de sueur, neutralise les odeurs d\u00e9sagr\u00e9ables et contribue \u00e0 une sensation de peau fra\u00eeche, s\u00e8che et soign\u00e9e. <\/p>\n<p data-start=\"341\" data-end=\"605\">La cr\u00e8melotion associe des ingr\u00e9dients anti-transpirants \u00e0 des composants hydratants et nourrissants, afin d\u2019\u00e9viter le dess\u00e8chement de la peau. Id\u00e9ale pour un usage quotidien et particuli\u00e8rement adapt\u00e9e en cas de pieds moites ou de transpiration accrue due au port de chaussures ferm\u00e9es. <\/p>\n","protected":false},"excerpt":{"rendered":"<p data-start=\"640\" data-end=\"791\">Une cr\u00e8melotion anti-transpirante qui r\u00e9duit la transpiration excessive des pieds et neutralise les odeurs. Maintient la peau fra\u00eeche, s\u00e8che et soign\u00e9e. <\/p>\n","protected":false},"featured_media":47053,"comment_status":"open","ping_status":"closed","template":"","meta":{"_acf_changed":false},"product_brand":[],"product_cat":[4997,5054,6124,6321,5071,5004,4972,4755,4999,4996],"product_tag":[],"class_list":{"0":"post-47635","1":"product","2":"type-product","3":"status-publish","4":"has-post-thumbnail","6":"product_cat-anti-transpirants","7":"product_cat-cremes-diabetiques","8":"product_cat-nos-marques-gehwol","9":"product_cat-gehwol-med","10":"product_cat-gehwol-soins-des-pieds","11":"product_cat-ideal-pour-les-sportifs","12":"product_cat-nos-marques","13":"product_cat-pedicure","14":"product_cat-soins-specifique-pieds","15":"product_cat-soins-quotidiens-des-pieds","17":"first","18":"instock","19":"taxable","20":"shipping-taxable","21":"product-type-simple"},"acf":[],"_links":{"self":[{"href":"https:\/\/sundar.be\/fr\/wp-json\/wp\/v2\/product\/47635","targetHints":{"allow":["GET"]}}],"collection":[{"href":"https:\/\/sundar.be\/fr\/wp-json\/wp\/v2\/product"}],"about":[{"href":"https:\/\/sundar.be\/fr\/wp-json\/wp\/v2\/types\/product"}],"replies":[{"embeddable":true,"href":"https:\/\/sundar.be\/fr\/wp-json\/wp\/v2\/comments?post=47635"}],"wp:featuredmedia":[{"embeddable":true,"href":"https:\/\/sundar.be\/fr\/wp-json\/wp\/v2\/media\/47053"}],"wp:attachment":[{"href":"https:\/\/sundar.be\/fr\/wp-json\/wp\/v2\/media?parent=47635"}],"wp:term":[{"taxonomy":"product_brand","embeddable":true,"href":"https:\/\/sundar.be\/fr\/wp-json\/wp\/v2\/product_brand?post=47635"},{"taxonomy":"product_cat","embeddable":true,"href":"https:\/\/sundar.be\/fr\/wp-json\/wp\/v2\/product_cat?post=47635"},{"taxonomy":"product_tag","embeddable":true,"href":"https:\/\/sundar.be\/fr\/wp-json\/wp\/v2\/product_tag?post=47635"}],"curies":[{"name":"wp","href":"https:\/\/api.w.org\/{rel}","templated":true}]}}