{"id":47632,"date":"2025-02-19T11:23:31","date_gmt":"2025-02-19T10:23:31","guid":{"rendered":"https:\/\/sundar.be\/product\/pedibaehr-baume-deodorant-pour-les-pieds-avec-farnesol\/"},"modified":"2025-12-15T10:29:00","modified_gmt":"2025-12-15T09:29:00","slug":"pedibaehr-baume-deodorant-pour-les-pieds-avec-farnesol","status":"publish","type":"product","link":"https:\/\/sundar.be\/fr\/produit\/pedibaehr-baume-deodorant-pour-les-pieds-avec-farnesol\/","title":{"rendered":"PEDIBAEHR Baume D\u00e9odorant pour les Pieds avec Farn\u00e9sol"},"content":{"rendered":"<p data-start=\"75\" data-end=\"402\"><span style=\"color: #557e96;\"><strong>PEDIBAEHR Baume D\u00e9odorant pour Pieds au Farn\u00e9sol<\/strong><\/span> est un baume de soin qui aide \u00e0 r\u00e9duire les odeurs des pieds et la transpiration excessive, tout en nourrissant intens\u00e9ment la peau. Le baume associe une action d\u00e9odorante \u00e0 des ingr\u00e9dients hydratants et adoucissants, laissant les pieds frais, doux et confortables. <\/p>\n<p data-start=\"404\" data-end=\"617\">Sa texture cr\u00e9meuse p\u00e9n\u00e8tre bien et ne laisse pas de film gras. Id\u00e9al pour un usage quotidien et particuli\u00e8rement adapt\u00e9 aux personnes souffrant de pieds moites, mais pr\u00e9f\u00e9rant un soin nourrissant plut\u00f4t qu\u2019un spray. <\/p>\n","protected":false},"excerpt":{"rendered":"<p data-start=\"652\" data-end=\"782\">Un baume d\u00e9odorant nourrissant pour les pieds qui neutralise les odeurs et aide \u00e0 r\u00e9guler la transpiration. Maintient les pieds frais, doux et soign\u00e9s. <\/p>\n","protected":false},"featured_media":47062,"comment_status":"open","ping_status":"closed","template":"","meta":{"_acf_changed":false},"product_brand":[],"product_cat":[4997,5004,4972,6057,4755,4999,4996],"product_tag":[],"class_list":{"0":"post-47632","1":"product","2":"type-product","3":"status-publish","4":"has-post-thumbnail","6":"product_cat-anti-transpirants","7":"product_cat-ideal-pour-les-sportifs","8":"product_cat-nos-marques","9":"product_cat-pedibaehr-fr","10":"product_cat-pedicure","11":"product_cat-soins-specifique-pieds","12":"product_cat-soins-quotidiens-des-pieds","13":"pa_inhoud-500-ml-fr","14":"pa_inhoud-75-ml-fr","16":"first","17":"instock","18":"taxable","19":"shipping-taxable","20":"product-type-variable"},"acf":[],"_links":{"self":[{"href":"https:\/\/sundar.be\/fr\/wp-json\/wp\/v2\/product\/47632","targetHints":{"allow":["GET"]}}],"collection":[{"href":"https:\/\/sundar.be\/fr\/wp-json\/wp\/v2\/product"}],"about":[{"href":"https:\/\/sundar.be\/fr\/wp-json\/wp\/v2\/types\/product"}],"replies":[{"embeddable":true,"href":"https:\/\/sundar.be\/fr\/wp-json\/wp\/v2\/comments?post=47632"}],"wp:featuredmedia":[{"embeddable":true,"href":"https:\/\/sundar.be\/fr\/wp-json\/wp\/v2\/media\/47062"}],"wp:attachment":[{"href":"https:\/\/sundar.be\/fr\/wp-json\/wp\/v2\/media?parent=47632"}],"wp:term":[{"taxonomy":"product_brand","embeddable":true,"href":"https:\/\/sundar.be\/fr\/wp-json\/wp\/v2\/product_brand?post=47632"},{"taxonomy":"product_cat","embeddable":true,"href":"https:\/\/sundar.be\/fr\/wp-json\/wp\/v2\/product_cat?post=47632"},{"taxonomy":"product_tag","embeddable":true,"href":"https:\/\/sundar.be\/fr\/wp-json\/wp\/v2\/product_tag?post=47632"}],"curies":[{"name":"wp","href":"https:\/\/api.w.org\/{rel}","templated":true}]}}