{"id":47629,"date":"2025-02-20T09:20:01","date_gmt":"2025-02-20T08:20:01","guid":{"rendered":"https:\/\/sundar.be\/product\/pedibaehr-deospray-pour-les-pieds-au-farnesol\/"},"modified":"2025-12-15T10:08:42","modified_gmt":"2025-12-15T09:08:42","slug":"pedibaehr-deospray-pour-les-pieds-au-farnesol","status":"publish","type":"product","link":"https:\/\/sundar.be\/fr\/produit\/pedibaehr-deospray-pour-les-pieds-au-farnesol\/","title":{"rendered":"PEDIBAEHR D\u00e9ospray pour les pieds au Farnesol"},"content":{"rendered":"<p data-start=\"74\" data-end=\"349\"><span style=\"color: #557e96;\"><strong>PEDIBAEHR Spray D\u00e9odorant pour Pieds au Farn\u00e9sol<\/strong><\/span> est un spray efficace et rafra\u00eechissant qui aide \u00e0 pr\u00e9venir les odeurs d\u00e9sagr\u00e9ables des pieds et la transpiration excessive. Sa formule agit de mani\u00e8re d\u00e9odorante, rafra\u00eechit imm\u00e9diatement la peau et contribue \u00e0 une sensation de propret\u00e9 et de fra\u00eecheur durable. <\/p>\n<p data-start=\"351\" data-end=\"570\">Gr\u00e2ce \u00e0 la combinaison d\u2019ingr\u00e9dients neutralisant les odeurs et de composants soin de la peau, ce spray d\u00e9odorant pour les pieds est id\u00e9al pour un usage quotidien. Parfait pour celles et ceux qui souhaitent un soin des pieds rapide et efficace, m\u00eame en d\u00e9placement ou apr\u00e8s le sport. <\/p>\n","protected":false},"excerpt":{"rendered":"<p data-start=\"605\" data-end=\"746\">Un spray d\u00e9odorant rafra\u00eechissant pour les pieds qui neutralise les odeurs et aide \u00e0 r\u00e9duire la transpiration. Procure une sensation de fra\u00eecheur et de soin durable. <\/p>\n","protected":false},"featured_media":47071,"comment_status":"open","ping_status":"closed","template":"","meta":{"_acf_changed":false},"product_brand":[],"product_cat":[4997,5004,4972,6057,4755,4999,4996],"product_tag":[],"class_list":{"0":"post-47629","1":"product","2":"type-product","3":"status-publish","4":"has-post-thumbnail","6":"product_cat-anti-transpirants","7":"product_cat-ideal-pour-les-sportifs","8":"product_cat-nos-marques","9":"product_cat-pedibaehr-fr","10":"product_cat-pedicure","11":"product_cat-soins-specifique-pieds","12":"product_cat-soins-quotidiens-des-pieds","13":"pa_inhoud-100-ml-fr","14":"pa_inhoud-1000-ml-fr","16":"first","17":"instock","18":"taxable","19":"shipping-taxable","20":"product-type-variable"},"acf":[],"_links":{"self":[{"href":"https:\/\/sundar.be\/fr\/wp-json\/wp\/v2\/product\/47629","targetHints":{"allow":["GET"]}}],"collection":[{"href":"https:\/\/sundar.be\/fr\/wp-json\/wp\/v2\/product"}],"about":[{"href":"https:\/\/sundar.be\/fr\/wp-json\/wp\/v2\/types\/product"}],"replies":[{"embeddable":true,"href":"https:\/\/sundar.be\/fr\/wp-json\/wp\/v2\/comments?post=47629"}],"wp:featuredmedia":[{"embeddable":true,"href":"https:\/\/sundar.be\/fr\/wp-json\/wp\/v2\/media\/47071"}],"wp:attachment":[{"href":"https:\/\/sundar.be\/fr\/wp-json\/wp\/v2\/media?parent=47629"}],"wp:term":[{"taxonomy":"product_brand","embeddable":true,"href":"https:\/\/sundar.be\/fr\/wp-json\/wp\/v2\/product_brand?post=47629"},{"taxonomy":"product_cat","embeddable":true,"href":"https:\/\/sundar.be\/fr\/wp-json\/wp\/v2\/product_cat?post=47629"},{"taxonomy":"product_tag","embeddable":true,"href":"https:\/\/sundar.be\/fr\/wp-json\/wp\/v2\/product_tag?post=47629"}],"curies":[{"name":"wp","href":"https:\/\/api.w.org\/{rel}","templated":true}]}}