{"id":47628,"date":"2025-02-20T09:43:30","date_gmt":"2025-02-20T08:43:30","guid":{"rendered":"https:\/\/sundar.be\/product\/podigeen-1000ml\/"},"modified":"2025-12-16T09:40:36","modified_gmt":"2025-12-16T08:40:36","slug":"podigeen-1000ml","status":"publish","type":"product","link":"https:\/\/sundar.be\/fr\/produit\/podigeen-1000ml\/","title":{"rendered":"Podigeen, 1000ml"},"content":{"rendered":"<p data-start=\"47\" data-end=\"376\"><span style=\"color: #557e96;\"><strong>Podigeen <\/strong><\/span>est un liquide nettoyant concentr\u00e9 \u00e0 base de savon v\u00e9g\u00e9tal, sp\u00e9cialement d\u00e9velopp\u00e9 pour les soins professionnels des pieds. Le produit nettoie la peau en profondeur mais en douceur et aide \u00e0 rafra\u00eechir les pieds, ce qui le rend particuli\u00e8rement adapt\u00e9 en cas de pieds moites et d\u2019odeurs d\u00e9sagr\u00e9ables. <\/p>\n<p data-start=\"378\" data-end=\"600\">Podigeen s\u2019utilise dilu\u00e9 et est id\u00e9al comme bain de pieds ou solution nettoyante avant les soins de p\u00e9dicurie. Gr\u00e2ce \u00e0 sa base v\u00e9g\u00e9tale, il est respectueux de la peau et convient \u00e0 un usage professionnel r\u00e9gulier. <\/p>\n","protected":false},"excerpt":{"rendered":"<p data-start=\"635\" data-end=\"795\">Un liquide nettoyant concentr\u00e9 d\u2019origine v\u00e9g\u00e9tale pour les pieds qui rafra\u00eechit et purifie. Id\u00e9al en cas de pieds moites et comme pr\u00e9paration aux soins de p\u00e9dicurie. <\/p>\n","protected":false},"featured_media":47076,"comment_status":"open","ping_status":"closed","template":"","meta":{"_acf_changed":false},"product_brand":[],"product_cat":[4997,4972,4755,5073,4996],"product_tag":[],"class_list":{"0":"post-47628","1":"product","2":"type-product","3":"status-publish","4":"has-post-thumbnail","6":"product_cat-anti-transpirants","7":"product_cat-nos-marques","8":"product_cat-pedicure","9":"product_cat-reymerink-fr","10":"product_cat-soins-quotidiens-des-pieds","12":"first","13":"instock","14":"taxable","15":"shipping-taxable","16":"product-type-simple"},"acf":[],"_links":{"self":[{"href":"https:\/\/sundar.be\/fr\/wp-json\/wp\/v2\/product\/47628","targetHints":{"allow":["GET"]}}],"collection":[{"href":"https:\/\/sundar.be\/fr\/wp-json\/wp\/v2\/product"}],"about":[{"href":"https:\/\/sundar.be\/fr\/wp-json\/wp\/v2\/types\/product"}],"replies":[{"embeddable":true,"href":"https:\/\/sundar.be\/fr\/wp-json\/wp\/v2\/comments?post=47628"}],"wp:featuredmedia":[{"embeddable":true,"href":"https:\/\/sundar.be\/fr\/wp-json\/wp\/v2\/media\/47076"}],"wp:attachment":[{"href":"https:\/\/sundar.be\/fr\/wp-json\/wp\/v2\/media?parent=47628"}],"wp:term":[{"taxonomy":"product_brand","embeddable":true,"href":"https:\/\/sundar.be\/fr\/wp-json\/wp\/v2\/product_brand?post=47628"},{"taxonomy":"product_cat","embeddable":true,"href":"https:\/\/sundar.be\/fr\/wp-json\/wp\/v2\/product_cat?post=47628"},{"taxonomy":"product_tag","embeddable":true,"href":"https:\/\/sundar.be\/fr\/wp-json\/wp\/v2\/product_tag?post=47628"}],"curies":[{"name":"wp","href":"https:\/\/api.w.org\/{rel}","templated":true}]}}