{"id":47625,"date":"2025-02-20T10:16:49","date_gmt":"2025-02-20T09:16:49","guid":{"rendered":"https:\/\/sundar.be\/product\/suda-care-everyday-baume-deodorant-pour-les-pieds\/"},"modified":"2025-10-06T11:27:02","modified_gmt":"2025-10-06T09:27:02","slug":"suda-care-everyday-baume-deodorant-pour-les-pieds","status":"publish","type":"product","link":"https:\/\/sundar.be\/fr\/produit\/suda-care-everyday-baume-deodorant-pour-les-pieds\/","title":{"rendered":"S\u00fcda Care Everyday Baume d\u00e9odorant pour les pieds"},"content":{"rendered":"<p data-start=\"80\" data-end=\"528\">Le <strong data-start=\"210\" data-end=\"246\">S\u00fcda Care Everyday Baume D\u00e9odorant pour les Pieds <\/strong>est un soin rafra\u00eechissant et apaisant, sp\u00e9cialement formul\u00e9 pour r\u00e9guler la transpiration et pr\u00e9venir les mauvaises odeurs. Sa formule \u00e0 base d\u2019aluminum chlorohydrate, de menthol et d\u2019extrait de camomille procure une sensation imm\u00e9diate de fra\u00eecheur tout en apaisant et en adoucissant la peau. Sa texture l\u00e9g\u00e8re p\u00e9n\u00e8tre rapidement sans laisser de film gras, offrant une protection durable et un confort optimal. Id\u00e9al pour un usage quotidien afin de garder les pieds secs, doux et agr\u00e9ablement frais, m\u00eame dans les chaussures ferm\u00e9es ou par temps chaud.   <\/p>\n","protected":false},"excerpt":{"rendered":"<p>Le Baume D\u00e9odorant pour les Pieds S\u00fcda Care Everyday r\u00e9duit la transpiration et neutralise les mauvaises odeurs. L\u2019association d\u2019aluminum chlorohydrate, de menthol et de camomille apporte fra\u00eecheur, confort et soin. Les pieds restent secs, doux et frais tout au long de la journ\u00e9e.  <\/p>\n","protected":false},"featured_media":47087,"comment_status":"open","ping_status":"closed","template":"","meta":{"_acf_changed":false},"product_brand":[],"product_cat":[4997,4972,4755,4996,5075,6134,5058],"product_tag":[],"class_list":{"0":"post-47625","1":"product","2":"type-product","3":"status-publish","4":"has-post-thumbnail","6":"product_cat-anti-transpirants","7":"product_cat-nos-marques","8":"product_cat-pedicure","9":"product_cat-soins-quotidiens-des-pieds","10":"product_cat-nos-marques-suda-care-fr","11":"product_cat-suda-care-everyday","12":"product_cat-webshop-fr","13":"pa_inhoud-500-ml-fr","14":"pa_inhoud-75-ml-fr","16":"first","17":"instock","18":"taxable","19":"shipping-taxable","20":"product-type-variable"},"acf":[],"_links":{"self":[{"href":"https:\/\/sundar.be\/fr\/wp-json\/wp\/v2\/product\/47625","targetHints":{"allow":["GET"]}}],"collection":[{"href":"https:\/\/sundar.be\/fr\/wp-json\/wp\/v2\/product"}],"about":[{"href":"https:\/\/sundar.be\/fr\/wp-json\/wp\/v2\/types\/product"}],"replies":[{"embeddable":true,"href":"https:\/\/sundar.be\/fr\/wp-json\/wp\/v2\/comments?post=47625"}],"wp:featuredmedia":[{"embeddable":true,"href":"https:\/\/sundar.be\/fr\/wp-json\/wp\/v2\/media\/47087"}],"wp:attachment":[{"href":"https:\/\/sundar.be\/fr\/wp-json\/wp\/v2\/media?parent=47625"}],"wp:term":[{"taxonomy":"product_brand","embeddable":true,"href":"https:\/\/sundar.be\/fr\/wp-json\/wp\/v2\/product_brand?post=47625"},{"taxonomy":"product_cat","embeddable":true,"href":"https:\/\/sundar.be\/fr\/wp-json\/wp\/v2\/product_cat?post=47625"},{"taxonomy":"product_tag","embeddable":true,"href":"https:\/\/sundar.be\/fr\/wp-json\/wp\/v2\/product_tag?post=47625"}],"curies":[{"name":"wp","href":"https:\/\/api.w.org\/{rel}","templated":true}]}}