{"id":47601,"date":"2025-03-11T10:56:14","date_gmt":"2025-03-11T09:56:14","guid":{"rendered":"https:\/\/sundar.be\/product\/gehwol-med-baume-pour-crevasses\/"},"modified":"2025-12-15T09:15:48","modified_gmt":"2025-12-15T08:15:48","slug":"gehwol-med-baume-pour-crevasses","status":"publish","type":"product","link":"https:\/\/sundar.be\/fr\/produit\/gehwol-med-baume-pour-crevasses\/","title":{"rendered":"Gehwol Med Baume pour Crevasses"},"content":{"rendered":"<p data-start=\"60\" data-end=\"373\"><strong><span style=\"color: #557e96;\">Gehwol Med Baume pour Crevasses <\/span><\/strong>est un onguent intens\u00e9ment nourrissant et protecteur, sp\u00e9cialement d\u00e9velopp\u00e9 pour le traitement de la peau s\u00e8che, rugueuse et fissur\u00e9e. Sa formule riche et occlusive aide \u00e0 prot\u00e9ger la peau contre le dess\u00e8chement suppl\u00e9mentaire, soutient le processus naturel de r\u00e9paration et r\u00e9duit efficacement les crevasses douloureuses. <\/p>\n<p data-start=\"375\" data-end=\"607\">Gr\u00e2ce \u00e0 des ingr\u00e9dients apaisants et r\u00e9parateurs combin\u00e9s \u00e0 des huiles essentielles, la peau est assouplie et calm\u00e9e. Id\u00e9al pour les pieds, talons et mains fortement sollicit\u00e9s qui n\u00e9cessitent une protection et un soin suppl\u00e9mentaires. <\/p>\n","protected":false},"excerpt":{"rendered":"<p data-start=\"637\" data-end=\"787\">Un onguent r\u00e9parateur pour la peau s\u00e8che et fissur\u00e9e qui adoucit et prot\u00e8ge les crevasses. Soutient la r\u00e9paration cutan\u00e9e et aide \u00e0 pr\u00e9venir l\u2019apparition de nouvelles fissures. <\/p>\n","protected":false},"featured_media":47600,"comment_status":"open","ping_status":"closed","template":"","meta":{"_acf_changed":false},"product_brand":[],"product_cat":[5000,6124,6321,5071,4972,4755,4999],"product_tag":[],"class_list":{"0":"post-47601","1":"product","2":"type-product","3":"status-publish","4":"has-post-thumbnail","6":"product_cat-callosites-crevasses","7":"product_cat-nos-marques-gehwol","8":"product_cat-gehwol-med","9":"product_cat-gehwol-soins-des-pieds","10":"product_cat-nos-marques","11":"product_cat-pedicure","12":"product_cat-soins-specifique-pieds","13":"pa_inhoud-125ml-fr","14":"pa_inhoud-20-ml-fr","15":"pa_inhoud-40-ml-fr","16":"pa_inhoud-500-ml-fr","17":"pa_inhoud-75-ml-fr","19":"first","20":"instock","21":"taxable","22":"shipping-taxable","23":"product-type-variable"},"acf":[],"_links":{"self":[{"href":"https:\/\/sundar.be\/fr\/wp-json\/wp\/v2\/product\/47601","targetHints":{"allow":["GET"]}}],"collection":[{"href":"https:\/\/sundar.be\/fr\/wp-json\/wp\/v2\/product"}],"about":[{"href":"https:\/\/sundar.be\/fr\/wp-json\/wp\/v2\/types\/product"}],"replies":[{"embeddable":true,"href":"https:\/\/sundar.be\/fr\/wp-json\/wp\/v2\/comments?post=47601"}],"wp:featuredmedia":[{"embeddable":true,"href":"https:\/\/sundar.be\/fr\/wp-json\/wp\/v2\/media\/47600"}],"wp:attachment":[{"href":"https:\/\/sundar.be\/fr\/wp-json\/wp\/v2\/media?parent=47601"}],"wp:term":[{"taxonomy":"product_brand","embeddable":true,"href":"https:\/\/sundar.be\/fr\/wp-json\/wp\/v2\/product_brand?post=47601"},{"taxonomy":"product_cat","embeddable":true,"href":"https:\/\/sundar.be\/fr\/wp-json\/wp\/v2\/product_cat?post=47601"},{"taxonomy":"product_tag","embeddable":true,"href":"https:\/\/sundar.be\/fr\/wp-json\/wp\/v2\/product_tag?post=47601"}],"curies":[{"name":"wp","href":"https:\/\/api.w.org\/{rel}","templated":true}]}}