{"id":47584,"date":"2025-03-11T09:58:35","date_gmt":"2025-03-11T08:58:35","guid":{"rendered":"https:\/\/sundar.be\/product\/gehwol-repair-creme-75ml\/"},"modified":"2025-12-15T09:24:05","modified_gmt":"2025-12-15T08:24:05","slug":"gehwol-repair-creme-75ml","status":"publish","type":"product","link":"https:\/\/sundar.be\/fr\/produit\/gehwol-repair-creme-75ml\/","title":{"rendered":"Gehwol Repair Creme, 75ml"},"content":{"rendered":"<p data-start=\"46\" data-end=\"354\"><span style=\"color: #557e96;\"><strong>Gehwol Repair Cr\u00e8me<\/strong><\/span> est une cr\u00e8me de soin intens\u00e9ment r\u00e9paratrice pour la peau s\u00e8che, sensible et ab\u00eem\u00e9e des pieds et des jambes. La cr\u00e8me soutient le processus naturel de r\u00e9paration de la peau, renforce la barri\u00e8re cutan\u00e9e et aide \u00e0 r\u00e9duire visiblement les signes de s\u00e9cheresse, d\u2019irritation et de rougeurs.<\/p>\n<p data-start=\"356\" data-end=\"617\">La formule \u00e9quilibr\u00e9e, compos\u00e9e d\u2019ingr\u00e9dients hydratants, nourrissants et apaisants, procure une peau plus souple et plus r\u00e9sistante ainsi qu\u2019une sensation de confort durable. Id\u00e9ale pour les soins quotidiens et comme cure r\u00e9paratrice en cas de peau fragilis\u00e9e.<\/p>\n","protected":false},"excerpt":{"rendered":"<p data-start=\"633\" data-end=\"798\">Une cr\u00e8me r\u00e9paratrice qui soigne et renforce intens\u00e9ment la peau s\u00e8che et sensible. Soutient la r\u00e9g\u00e9n\u00e9ration cutan\u00e9e et aide \u00e0 r\u00e9duire l\u2019irritation et la s\u00e9cheresse.<\/p>\n<p data-start=\"800\" data-end=\"809\">\n","protected":false},"featured_media":47583,"comment_status":"open","ping_status":"closed","template":"","meta":{"_acf_changed":false},"product_brand":[],"product_cat":[5000,4998,5054,6124,6323,5071,4972,4755,4999,4996],"product_tag":[],"class_list":{"0":"post-47584","1":"product","2":"type-product","3":"status-publish","4":"has-post-thumbnail","6":"product_cat-callosites-crevasses","7":"product_cat-cremes-lotions-pieds","8":"product_cat-cremes-diabetiques","9":"product_cat-nos-marques-gehwol","10":"product_cat-gehwol-fusskraft","11":"product_cat-gehwol-soins-des-pieds","12":"product_cat-nos-marques","13":"product_cat-pedicure","14":"product_cat-soins-specifique-pieds","15":"product_cat-soins-quotidiens-des-pieds","17":"first","18":"instock","19":"taxable","20":"shipping-taxable","21":"product-type-simple"},"acf":[],"_links":{"self":[{"href":"https:\/\/sundar.be\/fr\/wp-json\/wp\/v2\/product\/47584","targetHints":{"allow":["GET"]}}],"collection":[{"href":"https:\/\/sundar.be\/fr\/wp-json\/wp\/v2\/product"}],"about":[{"href":"https:\/\/sundar.be\/fr\/wp-json\/wp\/v2\/types\/product"}],"replies":[{"embeddable":true,"href":"https:\/\/sundar.be\/fr\/wp-json\/wp\/v2\/comments?post=47584"}],"wp:featuredmedia":[{"embeddable":true,"href":"https:\/\/sundar.be\/fr\/wp-json\/wp\/v2\/media\/47583"}],"wp:attachment":[{"href":"https:\/\/sundar.be\/fr\/wp-json\/wp\/v2\/media?parent=47584"}],"wp:term":[{"taxonomy":"product_brand","embeddable":true,"href":"https:\/\/sundar.be\/fr\/wp-json\/wp\/v2\/product_brand?post=47584"},{"taxonomy":"product_cat","embeddable":true,"href":"https:\/\/sundar.be\/fr\/wp-json\/wp\/v2\/product_cat?post=47584"},{"taxonomy":"product_tag","embeddable":true,"href":"https:\/\/sundar.be\/fr\/wp-json\/wp\/v2\/product_tag?post=47584"}],"curies":[{"name":"wp","href":"https:\/\/api.w.org\/{rel}","templated":true}]}}