{"id":47572,"date":"2025-02-19T10:38:06","date_gmt":"2025-02-19T09:38:06","guid":{"rendered":"https:\/\/sundar.be\/product\/gehwol-creme-de-soin\/"},"modified":"2025-12-15T09:48:27","modified_gmt":"2025-12-15T08:48:27","slug":"gehwol-creme-de-soin","status":"publish","type":"product","link":"https:\/\/sundar.be\/fr\/produit\/gehwol-creme-de-soin\/","title":{"rendered":"Gehwol Cr\u00e8me de Soin"},"content":{"rendered":"<p data-start=\"63\" data-end=\"289\"><span style=\"color: #557e96;\"><strong>Gehwol Cr\u00e8me de Soin<\/strong><\/span> est une cr\u00e8me nourrissante et protectrice pour le soin quotidien des pieds. Sa formule hydrate intens\u00e9ment, soutient la barri\u00e8re cutan\u00e9e naturelle et aide \u00e0 maintenir la peau souple et fra\u00eeche. <\/p>\n<p data-start=\"291\" data-end=\"562\">Gr\u00e2ce \u00e0 la combinaison d\u2019ur\u00e9e, d\u2019huiles nourrissantes et d\u2019huiles essentielles rafra\u00eechissantes, cette cr\u00e8me offre \u00e0 la fois confort et un agr\u00e9able effet rafra\u00eechissant. Id\u00e9ale pour celles et ceux qui souhaitent prendre soin de leurs pieds au quotidien et les prot\u00e9ger contre la s\u00e9cheresse, la formation d\u2019odeurs et les sensations d\u2019inconfort. <\/p>\n","protected":false},"excerpt":{"rendered":"<p data-start=\"597\" data-end=\"772\">Une cr\u00e8me hydratante et nourrissante pour les pieds qui maintient la peau souple et procure une sensation de fra\u00eecheur. Id\u00e9ale pour le soin quotidien des pieds et la protection contre la s\u00e9cheresse et les odeurs. <\/p>\n","protected":false},"featured_media":47050,"comment_status":"open","ping_status":"closed","template":"","meta":{"_acf_changed":false},"product_brand":[],"product_cat":[4997,4998,5054,5053,6124,6323,5071,5006,4972,4755,4999,4996],"product_tag":[],"class_list":{"0":"post-47572","1":"product","2":"type-product","3":"status-publish","4":"has-post-thumbnail","6":"product_cat-anti-transpirants","7":"product_cat-cremes-lotions-pieds","8":"product_cat-cremes-diabetiques","9":"product_cat-cremes-rafraichissantes","10":"product_cat-nos-marques-gehwol","11":"product_cat-gehwol-fusskraft","12":"product_cat-gehwol-soins-des-pieds","13":"product_cat-mycose-du-pied-ongles","14":"product_cat-nos-marques","15":"product_cat-pedicure","16":"product_cat-soins-specifique-pieds","17":"product_cat-soins-quotidiens-des-pieds","18":"pa_inhoud-125ml-fr","19":"pa_inhoud-500-ml-fr","20":"pa_inhoud-75-ml-fr","22":"first","23":"instock","24":"taxable","25":"shipping-taxable","26":"product-type-variable"},"acf":[],"_links":{"self":[{"href":"https:\/\/sundar.be\/fr\/wp-json\/wp\/v2\/product\/47572","targetHints":{"allow":["GET"]}}],"collection":[{"href":"https:\/\/sundar.be\/fr\/wp-json\/wp\/v2\/product"}],"about":[{"href":"https:\/\/sundar.be\/fr\/wp-json\/wp\/v2\/types\/product"}],"replies":[{"embeddable":true,"href":"https:\/\/sundar.be\/fr\/wp-json\/wp\/v2\/comments?post=47572"}],"wp:featuredmedia":[{"embeddable":true,"href":"https:\/\/sundar.be\/fr\/wp-json\/wp\/v2\/media\/47050"}],"wp:attachment":[{"href":"https:\/\/sundar.be\/fr\/wp-json\/wp\/v2\/media?parent=47572"}],"wp:term":[{"taxonomy":"product_brand","embeddable":true,"href":"https:\/\/sundar.be\/fr\/wp-json\/wp\/v2\/product_brand?post=47572"},{"taxonomy":"product_cat","embeddable":true,"href":"https:\/\/sundar.be\/fr\/wp-json\/wp\/v2\/product_cat?post=47572"},{"taxonomy":"product_tag","embeddable":true,"href":"https:\/\/sundar.be\/fr\/wp-json\/wp\/v2\/product_tag?post=47572"}],"curies":[{"name":"wp","href":"https:\/\/api.w.org\/{rel}","templated":true}]}}