{"id":47567,"date":"2024-11-29T12:04:21","date_gmt":"2024-11-29T11:04:21","guid":{"rendered":"https:\/\/sundar.be\/product\/hfl-refreshing-footbath-150-ml\/"},"modified":"2025-11-26T13:13:20","modified_gmt":"2025-11-26T12:13:20","slug":"hfl-refreshing-footbath-150-ml","status":"publish","type":"product","link":"https:\/\/sundar.be\/fr\/produit\/hfl-refreshing-footbath-150-ml\/","title":{"rendered":"HFL Refreshing Footbath, 150 ml"},"content":{"rendered":"<p>Un beau moment de d\u00e9tente !<\/p>\n<p>Le Refreshing Footbath a un effet apaisant et calmant et procure un moment de d\u00e9tente. Naturellement, le bain de pieds nettoie et neutralise la peau. <\/p>\n<p>Peut \u00e9galement \u00eatre utilis\u00e9 en cas de peau rouge et sensible.<\/p>\n","protected":false},"excerpt":{"rendered":"<p>Un bain de pieds merveilleusement rafra\u00eechissant et apaisant.<\/p>\n","protected":false},"featured_media":45722,"comment_status":"open","ping_status":"closed","template":"","meta":{"_acf_changed":false},"product_brand":[],"product_cat":[5055,6145,4885,4972,4755,5056,5796],"product_tag":[],"class_list":{"0":"post-47567","1":"product","2":"type-product","3":"status-publish","4":"has-post-thumbnail","6":"product_cat-bains-pieds-gommage","7":"product_cat-nos-marques-hfl-laboratories","8":"product_cat-hfl-labo-soins-pieds","9":"product_cat-nos-marques","10":"product_cat-pedicure","11":"product_cat-produits-bain-pieds","12":"product_cat-soins-pieds-marque","14":"first","15":"instock","16":"taxable","17":"shipping-taxable","18":"product-type-simple"},"acf":[],"_links":{"self":[{"href":"https:\/\/sundar.be\/fr\/wp-json\/wp\/v2\/product\/47567","targetHints":{"allow":["GET"]}}],"collection":[{"href":"https:\/\/sundar.be\/fr\/wp-json\/wp\/v2\/product"}],"about":[{"href":"https:\/\/sundar.be\/fr\/wp-json\/wp\/v2\/types\/product"}],"replies":[{"embeddable":true,"href":"https:\/\/sundar.be\/fr\/wp-json\/wp\/v2\/comments?post=47567"}],"wp:featuredmedia":[{"embeddable":true,"href":"https:\/\/sundar.be\/fr\/wp-json\/wp\/v2\/media\/45722"}],"wp:attachment":[{"href":"https:\/\/sundar.be\/fr\/wp-json\/wp\/v2\/media?parent=47567"}],"wp:term":[{"taxonomy":"product_brand","embeddable":true,"href":"https:\/\/sundar.be\/fr\/wp-json\/wp\/v2\/product_brand?post=47567"},{"taxonomy":"product_cat","embeddable":true,"href":"https:\/\/sundar.be\/fr\/wp-json\/wp\/v2\/product_cat?post=47567"},{"taxonomy":"product_tag","embeddable":true,"href":"https:\/\/sundar.be\/fr\/wp-json\/wp\/v2\/product_tag?post=47567"}],"curies":[{"name":"wp","href":"https:\/\/api.w.org\/{rel}","templated":true}]}}