{"id":46901,"date":"2025-02-14T15:22:53","date_gmt":"2025-02-14T14:22:53","guid":{"rendered":"https:\/\/sundar.be\/product\/natural-nail-cure-drops-200ml\/"},"modified":"2025-11-21T10:26:28","modified_gmt":"2025-11-21T09:26:28","slug":"natural-nail-cure-drops-200ml","status":"publish","type":"product","link":"https:\/\/sundar.be\/fr\/produit\/natural-nail-cure-drops-200ml\/","title":{"rendered":"By La Nature Nail-Cure Drops"},"content":{"rendered":"<p><strong>By La Nature Nail-Cure Drops<\/strong> est une formule intensive et profond\u00e9ment active, con\u00e7ue pour purifier, nettoyer et renforcer la plaque et la base de l\u2019ongle. Gr\u00e2ce \u00e0 la synergie d\u2019huiles essentielles puissantes et d\u2019extraits v\u00e9g\u00e9taux, ce soin aide \u00e0 traiter les probl\u00e8mes d\u2019ongles courants et tenaces tels que les d\u00e9colorations, l\u2019affaiblissement de l\u2019ongle et les impuret\u00e9s autour et sous l\u2019ongle. Le liquide est rapidement absorb\u00e9 et cr\u00e9e un environnement id\u00e9al pour une croissance d\u2019ongle forte et saine.  <\/p>\n<div class=\"relative inline-flex items-center\"><\/div>\n","protected":false},"excerpt":{"rendered":"<p>Ces gouttes hautement concentr\u00e9es purifient l\u2019ongle en profondeur, soutiennent les ongles ab\u00eem\u00e9s ou d\u00e9color\u00e9s et stimulent une croissance saine. Une utilisation r\u00e9guli\u00e8re rend les ongles visiblement plus forts, lisses et nets. <\/p>\n","protected":false},"featured_media":57250,"comment_status":"open","ping_status":"closed","template":"","meta":{"_acf_changed":false},"product_brand":[],"product_cat":[6148,6149,5006,4972,4755,4999,5796],"product_tag":[],"class_list":{"0":"post-46901","1":"product","2":"type-product","3":"status-publish","4":"has-post-thumbnail","6":"product_cat-by-la-nature","7":"product_cat-by-la-nature-soins-des-pieds","8":"product_cat-mycose-du-pied-ongles","9":"product_cat-nos-marques","10":"product_cat-pedicure","11":"product_cat-soins-specifique-pieds","12":"product_cat-soins-pieds-marque","13":"pa_inhoud-200-ml-fr","14":"pa_inhoud-30-ml-fr","16":"first","17":"instock","18":"taxable","19":"shipping-taxable","20":"product-type-variable"},"acf":[],"_links":{"self":[{"href":"https:\/\/sundar.be\/fr\/wp-json\/wp\/v2\/product\/46901","targetHints":{"allow":["GET"]}}],"collection":[{"href":"https:\/\/sundar.be\/fr\/wp-json\/wp\/v2\/product"}],"about":[{"href":"https:\/\/sundar.be\/fr\/wp-json\/wp\/v2\/types\/product"}],"replies":[{"embeddable":true,"href":"https:\/\/sundar.be\/fr\/wp-json\/wp\/v2\/comments?post=46901"}],"wp:featuredmedia":[{"embeddable":true,"href":"https:\/\/sundar.be\/fr\/wp-json\/wp\/v2\/media\/57250"}],"wp:attachment":[{"href":"https:\/\/sundar.be\/fr\/wp-json\/wp\/v2\/media?parent=46901"}],"wp:term":[{"taxonomy":"product_brand","embeddable":true,"href":"https:\/\/sundar.be\/fr\/wp-json\/wp\/v2\/product_brand?post=46901"},{"taxonomy":"product_cat","embeddable":true,"href":"https:\/\/sundar.be\/fr\/wp-json\/wp\/v2\/product_cat?post=46901"},{"taxonomy":"product_tag","embeddable":true,"href":"https:\/\/sundar.be\/fr\/wp-json\/wp\/v2\/product_tag?post=46901"}],"curies":[{"name":"wp","href":"https:\/\/api.w.org\/{rel}","templated":true}]}}