{"id":46870,"date":"2025-02-13T20:11:26","date_gmt":"2025-02-13T19:11:26","guid":{"rendered":"https:\/\/sundar.be\/product\/camillen-60-foot-balm-plus\/"},"modified":"2025-11-30T11:44:24","modified_gmt":"2025-11-30T10:44:24","slug":"camillen-60-foot-balm-plus","status":"publish","type":"product","link":"https:\/\/sundar.be\/fr\/produit\/camillen-60-foot-balm-plus\/","title":{"rendered":"Camillen 60 Foot Balm Plus"},"content":{"rendered":"<p data-start=\"89\" data-end=\"524\">La <span style=\"color: #557e96;\"><strong>Camillen 60 Foot Balm Plus<\/strong><\/span> est un baume pour les pieds intensif qui nourrit et adoucit en profondeur les pieds secs, sensibles et fatigu\u00e9s. Sa formule riche associe des huiles \u00e9mollientes, des cires protectrices et des extraits v\u00e9g\u00e9taux apaisants, compl\u00e9t\u00e9s par du menthol rafra\u00eechissant et du camphre stimulant. Id\u00e9al pour les pieds qui ont besoin de soins renforc\u00e9s, notamment en cas de s\u00e9cheresse, de tension ou de fatigue.  <\/p>\n","protected":false},"excerpt":{"rendered":"<p data-start=\"746\" data-end=\"937\">Ce baume intensif nourrit, apaise et rafra\u00eechit les pieds secs et sensibles. Gr\u00e2ce \u00e0 l\u2019huile de ricin, \u00e0 la camomille, au menthol et au camphre, les pieds retrouvent souplesse, d\u00e9tente et confort durable. <\/p>\n","protected":false},"featured_media":46869,"comment_status":"open","ping_status":"closed","template":"","meta":{"_acf_changed":false},"product_brand":[],"product_cat":[4988,5606,4998,4972,4755,5796,4996],"product_tag":[],"class_list":{"0":"post-46870","1":"product","2":"type-product","3":"status-publish","4":"has-post-thumbnail","6":"product_cat-camillen-60-fr","7":"product_cat-camillen-60-soins-pieds","8":"product_cat-cremes-lotions-pieds","9":"product_cat-nos-marques","10":"product_cat-pedicure","11":"product_cat-soins-pieds-marque","12":"product_cat-soins-quotidiens-des-pieds","13":"pa_inhoud-100-ml-fr","14":"pa_inhoud-200-ml-fr","15":"pa_inhoud-500-ml-fr","17":"first","18":"instock","19":"taxable","20":"shipping-taxable","21":"product-type-variable"},"acf":[],"_links":{"self":[{"href":"https:\/\/sundar.be\/fr\/wp-json\/wp\/v2\/product\/46870","targetHints":{"allow":["GET"]}}],"collection":[{"href":"https:\/\/sundar.be\/fr\/wp-json\/wp\/v2\/product"}],"about":[{"href":"https:\/\/sundar.be\/fr\/wp-json\/wp\/v2\/types\/product"}],"replies":[{"embeddable":true,"href":"https:\/\/sundar.be\/fr\/wp-json\/wp\/v2\/comments?post=46870"}],"wp:featuredmedia":[{"embeddable":true,"href":"https:\/\/sundar.be\/fr\/wp-json\/wp\/v2\/media\/46869"}],"wp:attachment":[{"href":"https:\/\/sundar.be\/fr\/wp-json\/wp\/v2\/media?parent=46870"}],"wp:term":[{"taxonomy":"product_brand","embeddable":true,"href":"https:\/\/sundar.be\/fr\/wp-json\/wp\/v2\/product_brand?post=46870"},{"taxonomy":"product_cat","embeddable":true,"href":"https:\/\/sundar.be\/fr\/wp-json\/wp\/v2\/product_cat?post=46870"},{"taxonomy":"product_tag","embeddable":true,"href":"https:\/\/sundar.be\/fr\/wp-json\/wp\/v2\/product_tag?post=46870"}],"curies":[{"name":"wp","href":"https:\/\/api.w.org\/{rel}","templated":true}]}}