{"id":46828,"date":"2025-02-13T16:32:21","date_gmt":"2025-02-13T15:32:21","guid":{"rendered":"https:\/\/sundar.be\/product\/camillen-60-foot-balm-original\/"},"modified":"2025-12-17T09:46:28","modified_gmt":"2025-12-17T08:46:28","slug":"camillen-60-foot-balm-original","status":"publish","type":"product","link":"https:\/\/sundar.be\/fr\/produit\/camillen-60-foot-balm-original\/","title":{"rendered":"Camillen 60 Foot Balm Original"},"content":{"rendered":"<p>La <span style=\"color: #557e96;\"><strong>Camillen 60 Foot Balm Original<\/strong><\/span> est un baume riche, nourrissant et rafra\u00eechissant qui redonne souplesse et confort aux pieds secs, fatigu\u00e9s ou sensibles. Sa formule associe des huiles nutritives et des cires protectrices \u00e0 la camomille, au bisabolol ainsi qu\u2019\u00e0 un m\u00e9lange rafra\u00eechissant de menthol et de camphre. Id\u00e9al pour les soins quotidiens des pieds et pour toute personne recherchant un baume intensif \u00e0 la fois apaisant et vivifiant.  <\/p>\n","protected":false},"excerpt":{"rendered":"<p data-start=\"757\" data-end=\"938\">Ce baume original nourrit, apaise et rafra\u00eechit les pieds gr\u00e2ce \u00e0 l\u2019huile de ricin, \u00e0 la camomille et au menthol. Les pieds secs et fatigu\u00e9s retrouvent douceur, souplesse et confort durable. <\/p>\n","protected":false},"featured_media":46827,"comment_status":"open","ping_status":"closed","template":"","meta":{"_acf_changed":false},"product_brand":[],"product_cat":[4988,5606,4998,5004,4972,4755,4999,5796,4996],"product_tag":[],"class_list":{"0":"post-46828","1":"product","2":"type-product","3":"status-publish","4":"has-post-thumbnail","6":"product_cat-camillen-60-fr","7":"product_cat-camillen-60-soins-pieds","8":"product_cat-cremes-lotions-pieds","9":"product_cat-ideal-pour-les-sportifs","10":"product_cat-nos-marques","11":"product_cat-pedicure","12":"product_cat-soins-specifique-pieds","13":"product_cat-soins-pieds-marque","14":"product_cat-soins-quotidiens-des-pieds","15":"pa_inhoud-100-ml-fr","16":"pa_inhoud-200-ml-fr","17":"pa_inhoud-30-ml-fr","18":"pa_inhoud-30-ml-edition-de-noel","19":"pa_inhoud-500-ml-fr","21":"first","22":"instock","23":"taxable","24":"shipping-taxable","25":"product-type-variable"},"acf":[],"_links":{"self":[{"href":"https:\/\/sundar.be\/fr\/wp-json\/wp\/v2\/product\/46828","targetHints":{"allow":["GET"]}}],"collection":[{"href":"https:\/\/sundar.be\/fr\/wp-json\/wp\/v2\/product"}],"about":[{"href":"https:\/\/sundar.be\/fr\/wp-json\/wp\/v2\/types\/product"}],"replies":[{"embeddable":true,"href":"https:\/\/sundar.be\/fr\/wp-json\/wp\/v2\/comments?post=46828"}],"wp:featuredmedia":[{"embeddable":true,"href":"https:\/\/sundar.be\/fr\/wp-json\/wp\/v2\/media\/46827"}],"wp:attachment":[{"href":"https:\/\/sundar.be\/fr\/wp-json\/wp\/v2\/media?parent=46828"}],"wp:term":[{"taxonomy":"product_brand","embeddable":true,"href":"https:\/\/sundar.be\/fr\/wp-json\/wp\/v2\/product_brand?post=46828"},{"taxonomy":"product_cat","embeddable":true,"href":"https:\/\/sundar.be\/fr\/wp-json\/wp\/v2\/product_cat?post=46828"},{"taxonomy":"product_tag","embeddable":true,"href":"https:\/\/sundar.be\/fr\/wp-json\/wp\/v2\/product_tag?post=46828"}],"curies":[{"name":"wp","href":"https:\/\/api.w.org\/{rel}","templated":true}]}}