{"id":46800,"date":"2025-01-10T10:19:16","date_gmt":"2025-01-10T09:19:16","guid":{"rendered":"https:\/\/sundar.be\/product\/camillen-60-ramollisseur-de-callosites\/"},"modified":"2025-12-17T09:05:22","modified_gmt":"2025-12-17T08:05:22","slug":"camillen-60-ramollisseur-de-callosites","status":"publish","type":"product","link":"https:\/\/sundar.be\/fr\/produit\/camillen-60-ramollisseur-de-callosites\/","title":{"rendered":"Camillen 60 Ramollisseur de Callosit\u00e9s"},"content":{"rendered":"<p data-start=\"275\" data-end=\"659\">Le <span style=\"color: #557e96;\"><strong>Camillen 60 Ramollisseur de Callosit\u00e9s<\/strong><\/span> est une formule efficace et douce qui assouplit rapidement les callosit\u00e9s et les zones de peau \u00e9paissie, facilitant ainsi leur \u00e9limination. Gr\u00e2ce \u00e0 une combinaison d\u2019acide lactique, d\u2019extrait d\u2019\u00e9corce de saule et d\u2019agents hydratants, la peau est pr\u00e9par\u00e9e pour un soin anti-callosit\u00e9s s\u00fbr et performant. Id\u00e9al pour les p\u00e9dicures comme pour une utilisation \u00e0 domicile en cas d\u2019hyperk\u00e9ratose.  <\/p>\n","protected":false},"excerpt":{"rendered":"<p>Ce ramollisseur de callosit\u00e9s assouplit et d\u00e9tache les durillons gr\u00e2ce \u00e0 l\u2019acide lactique et \u00e0 l\u2019extrait d\u2019\u00e9corce de saule. La peau devient souple, permettant une \u00e9limination simple et s\u00e9curis\u00e9e des callosit\u00e9s. <\/p>\n","protected":false},"featured_media":46406,"comment_status":"open","ping_status":"closed","template":"","meta":{"_acf_changed":false},"product_brand":[],"product_cat":[4988,5606,4972,5001,4755,5002,5796],"product_tag":[],"class_list":{"0":"post-46800","1":"product","2":"type-product","3":"status-publish","4":"has-post-thumbnail","6":"product_cat-camillen-60-fr","7":"product_cat-camillen-60-soins-pieds","8":"product_cat-nos-marques","9":"product_cat-outils-pedicure","10":"product_cat-pedicure","11":"product_cat-ramollisseurs-callosites","12":"product_cat-soins-pieds-marque","13":"pa_inhoud-1000-ml-fr","14":"pa_inhoud-125ml-fr","15":"pa_inhoud-200-ml-fr","16":"pa_inhoud-500-ml-fr","18":"first","19":"instock","20":"taxable","21":"shipping-taxable","22":"product-type-variable"},"acf":[],"_links":{"self":[{"href":"https:\/\/sundar.be\/fr\/wp-json\/wp\/v2\/product\/46800","targetHints":{"allow":["GET"]}}],"collection":[{"href":"https:\/\/sundar.be\/fr\/wp-json\/wp\/v2\/product"}],"about":[{"href":"https:\/\/sundar.be\/fr\/wp-json\/wp\/v2\/types\/product"}],"replies":[{"embeddable":true,"href":"https:\/\/sundar.be\/fr\/wp-json\/wp\/v2\/comments?post=46800"}],"wp:featuredmedia":[{"embeddable":true,"href":"https:\/\/sundar.be\/fr\/wp-json\/wp\/v2\/media\/46406"}],"wp:attachment":[{"href":"https:\/\/sundar.be\/fr\/wp-json\/wp\/v2\/media?parent=46800"}],"wp:term":[{"taxonomy":"product_brand","embeddable":true,"href":"https:\/\/sundar.be\/fr\/wp-json\/wp\/v2\/product_brand?post=46800"},{"taxonomy":"product_cat","embeddable":true,"href":"https:\/\/sundar.be\/fr\/wp-json\/wp\/v2\/product_cat?post=46800"},{"taxonomy":"product_tag","embeddable":true,"href":"https:\/\/sundar.be\/fr\/wp-json\/wp\/v2\/product_tag?post=46800"}],"curies":[{"name":"wp","href":"https:\/\/api.w.org\/{rel}","templated":true}]}}