{"id":46790,"date":"2025-01-10T12:12:09","date_gmt":"2025-01-10T11:12:09","guid":{"rendered":"https:\/\/sundar.be\/product\/camillen-60-eis-gel\/"},"modified":"2025-11-30T15:39:25","modified_gmt":"2025-11-30T14:39:25","slug":"camillen-60-eis-gel","status":"publish","type":"product","link":"https:\/\/sundar.be\/fr\/produit\/camillen-60-eis-gel\/","title":{"rendered":"Camillen 60 Eis-Gel"},"content":{"rendered":"<p>Le <span style=\"color: #557e96;\"><strong>Camillen 60 Eis-Gel <\/strong><\/span>est un gel intens\u00e9ment rafra\u00eechissant qui soulage imm\u00e9diatement les pieds et les jambes fatigu\u00e9s, chauds ou gonfl\u00e9s. Sa formule fra\u00eeche \u00e0 base de menthol, d\u2019hamam\u00e9lis, d\u2019eau de camomille et d\u2019agents hydratants procure une sensation instantan\u00e9e de \u00ab glace \u00bb, d\u00e9tend la peau et r\u00e9duit la sensation de lourdeur. Id\u00e9al par temps chaud, apr\u00e8s le sport, une longue station debout ou une journ\u00e9e de travail intense.  <\/p>\n","protected":false},"excerpt":{"rendered":"<p>Ce gel glac\u00e9 offre un soulagement imm\u00e9diat en cas de pieds ou jambes chauds et fatigu\u00e9s gr\u00e2ce au menthol et \u00e0 l\u2019hamam\u00e9lis. La peau devient fra\u00eeche, d\u00e9tendue et agr\u00e9ablement soign\u00e9e. <\/p>\n","protected":false},"featured_media":46414,"comment_status":"open","ping_status":"closed","template":"","meta":{"_acf_changed":false},"product_brand":[],"product_cat":[4988,5606,5053,5004,4972,4755,4999,5796,4996],"product_tag":[],"class_list":{"0":"post-46790","1":"product","2":"type-product","3":"status-publish","4":"has-post-thumbnail","6":"product_cat-camillen-60-fr","7":"product_cat-camillen-60-soins-pieds","8":"product_cat-cremes-rafraichissantes","9":"product_cat-ideal-pour-les-sportifs","10":"product_cat-nos-marques","11":"product_cat-pedicure","12":"product_cat-soins-specifique-pieds","13":"product_cat-soins-pieds-marque","14":"product_cat-soins-quotidiens-des-pieds","15":"pa_inhoud-100-ml-fr","16":"pa_inhoud-500-ml-fr","18":"first","19":"instock","20":"taxable","21":"shipping-taxable","22":"product-type-variable"},"acf":[],"_links":{"self":[{"href":"https:\/\/sundar.be\/fr\/wp-json\/wp\/v2\/product\/46790","targetHints":{"allow":["GET"]}}],"collection":[{"href":"https:\/\/sundar.be\/fr\/wp-json\/wp\/v2\/product"}],"about":[{"href":"https:\/\/sundar.be\/fr\/wp-json\/wp\/v2\/types\/product"}],"replies":[{"embeddable":true,"href":"https:\/\/sundar.be\/fr\/wp-json\/wp\/v2\/comments?post=46790"}],"wp:featuredmedia":[{"embeddable":true,"href":"https:\/\/sundar.be\/fr\/wp-json\/wp\/v2\/media\/46414"}],"wp:attachment":[{"href":"https:\/\/sundar.be\/fr\/wp-json\/wp\/v2\/media?parent=46790"}],"wp:term":[{"taxonomy":"product_brand","embeddable":true,"href":"https:\/\/sundar.be\/fr\/wp-json\/wp\/v2\/product_brand?post=46790"},{"taxonomy":"product_cat","embeddable":true,"href":"https:\/\/sundar.be\/fr\/wp-json\/wp\/v2\/product_cat?post=46790"},{"taxonomy":"product_tag","embeddable":true,"href":"https:\/\/sundar.be\/fr\/wp-json\/wp\/v2\/product_tag?post=46790"}],"curies":[{"name":"wp","href":"https:\/\/api.w.org\/{rel}","templated":true}]}}