{"id":46786,"date":"2025-01-10T12:37:32","date_gmt":"2025-01-10T11:37:32","guid":{"rendered":"https:\/\/sundar.be\/product\/camille-60-fudes-creme-30ml\/"},"modified":"2025-12-17T08:49:35","modified_gmt":"2025-12-17T07:49:35","slug":"camille-60-fudes-creme-30ml","status":"publish","type":"product","link":"https:\/\/sundar.be\/fr\/produit\/camille-60-fudes-creme-30ml\/","title":{"rendered":"Camille 60 Fudes Cr\u00e8me, 30ml"},"content":{"rendered":"<p>La <span style=\"color: #557e96;\"><strong>Camille 60 Fudes Cr\u00e8me<\/strong><\/span> est une cr\u00e8me antifongique \u00e0 la formule puissante et nourrissante, sp\u00e9cialement con\u00e7ue pour combattre efficacement les infections fongiques de la peau et des pieds. Son m\u00e9lange unique d\u2019huiles naturelles, d\u2019extraits de plantes et d\u2019actifs ne se contente pas d\u2019agir contre les champignons, mais apaise et hydrate \u00e9galement la peau. Adapt\u00e9e \u00e0 une utilisation quotidienne, elle est id\u00e9ale pour restaurer l\u2019\u00e9quilibre naturel de la peau. Elle peut \u00e9galement \u00eatre utilis\u00e9e \u00e0 titre pr\u00e9ventif apr\u00e8s un contact des pieds avec l\u2019eau ou lors de la marche pieds nus dans des espaces communs tels que la piscine, le sauna ou la salle de sport.   <\/p>\n","protected":false},"excerpt":{"rendered":"<p>Cette cr\u00e8me antifongique pour les pieds offre une protection et un soin efficaces en nourrissant, apaisant et prot\u00e9geant la peau contre les champignons et les bact\u00e9ries. Gr\u00e2ce \u00e0 une combinaison puissante d\u2019huiles antimicrobiennes, d\u2019extraits adoucissants et d\u2019ingr\u00e9dients hydratants, elle est la solution id\u00e9ale pour garder des pieds sains, frais et bien entretenus ! <\/p>\n","protected":false},"featured_media":46421,"comment_status":"open","ping_status":"closed","template":"","meta":{"_acf_changed":false},"product_brand":[],"product_cat":[4988,5606,5006,4972,4755,4999,5796,5058],"product_tag":[],"class_list":{"0":"post-46786","1":"product","2":"type-product","3":"status-publish","4":"has-post-thumbnail","6":"product_cat-camillen-60-fr","7":"product_cat-camillen-60-soins-pieds","8":"product_cat-mycose-du-pied-ongles","9":"product_cat-nos-marques","10":"product_cat-pedicure","11":"product_cat-soins-specifique-pieds","12":"product_cat-soins-pieds-marque","13":"product_cat-webshop-fr","15":"first","16":"instock","17":"taxable","18":"shipping-taxable","19":"product-type-simple"},"acf":[],"_links":{"self":[{"href":"https:\/\/sundar.be\/fr\/wp-json\/wp\/v2\/product\/46786","targetHints":{"allow":["GET"]}}],"collection":[{"href":"https:\/\/sundar.be\/fr\/wp-json\/wp\/v2\/product"}],"about":[{"href":"https:\/\/sundar.be\/fr\/wp-json\/wp\/v2\/types\/product"}],"replies":[{"embeddable":true,"href":"https:\/\/sundar.be\/fr\/wp-json\/wp\/v2\/comments?post=46786"}],"wp:featuredmedia":[{"embeddable":true,"href":"https:\/\/sundar.be\/fr\/wp-json\/wp\/v2\/media\/46421"}],"wp:attachment":[{"href":"https:\/\/sundar.be\/fr\/wp-json\/wp\/v2\/media?parent=46786"}],"wp:term":[{"taxonomy":"product_brand","embeddable":true,"href":"https:\/\/sundar.be\/fr\/wp-json\/wp\/v2\/product_brand?post=46786"},{"taxonomy":"product_cat","embeddable":true,"href":"https:\/\/sundar.be\/fr\/wp-json\/wp\/v2\/product_cat?post=46786"},{"taxonomy":"product_tag","embeddable":true,"href":"https:\/\/sundar.be\/fr\/wp-json\/wp\/v2\/product_tag?post=46786"}],"curies":[{"name":"wp","href":"https:\/\/api.w.org\/{rel}","templated":true}]}}