{"id":46780,"date":"2025-01-10T13:04:27","date_gmt":"2025-01-10T12:04:27","guid":{"rendered":"https:\/\/sundar.be\/product\/camille-60-fudes-solution-20ml\/"},"modified":"2025-12-17T08:53:57","modified_gmt":"2025-12-17T07:53:57","slug":"camille-60-fudes-solution-20ml","status":"publish","type":"product","link":"https:\/\/sundar.be\/fr\/produit\/camille-60-fudes-solution-20ml\/","title":{"rendered":"Camille 60 Fudes Solution, 20ml"},"content":{"rendered":"<p data-start=\"64\" data-end=\"399\"><span style=\"color: #557e96;\"><strong>Camille 60 Fudes Solution<\/strong><\/span> est une solution antifongique professionnelle qui aide \u00e0 la protection et au soin de la peau et de l\u2019environnement de l\u2019ongle dans les zones sensibles aux mycoses. Sa formule liquide agit de mani\u00e8re cibl\u00e9e, soutient une condition cutan\u00e9e hygi\u00e9nique et aide \u00e0 limiter la croissance des champignons et des micro-organismes responsables des odeurs. <\/p>\n<p data-start=\"401\" data-end=\"620\">Gr\u00e2ce \u00e0 des ingr\u00e9dients apaisants et soignants pour la peau, cette solution convient \u00e0 une utilisation r\u00e9guli\u00e8re dans le cadre des soins de p\u00e9dicurie et de soins des pieds. Id\u00e9ale comme soin compl\u00e9mentaire en cas de d\u00e9s\u00e9quilibre cutan\u00e9. <\/p>\n","protected":false},"excerpt":{"rendered":"<p>Cette solution antifongique offre une approche efficace contre les infections fongiques de la peau, y compris celles des pieds et des ongles.<\/p>\n","protected":false},"featured_media":46424,"comment_status":"open","ping_status":"closed","template":"","meta":{"_acf_changed":false},"product_brand":[],"product_cat":[4988,5606,5006,4972,4755,4999,5796,5058],"product_tag":[],"class_list":{"0":"post-46780","1":"product","2":"type-product","3":"status-publish","4":"has-post-thumbnail","6":"product_cat-camillen-60-fr","7":"product_cat-camillen-60-soins-pieds","8":"product_cat-mycose-du-pied-ongles","9":"product_cat-nos-marques","10":"product_cat-pedicure","11":"product_cat-soins-specifique-pieds","12":"product_cat-soins-pieds-marque","13":"product_cat-webshop-fr","15":"first","16":"instock","17":"taxable","18":"shipping-taxable","19":"product-type-simple"},"acf":[],"_links":{"self":[{"href":"https:\/\/sundar.be\/fr\/wp-json\/wp\/v2\/product\/46780","targetHints":{"allow":["GET"]}}],"collection":[{"href":"https:\/\/sundar.be\/fr\/wp-json\/wp\/v2\/product"}],"about":[{"href":"https:\/\/sundar.be\/fr\/wp-json\/wp\/v2\/types\/product"}],"replies":[{"embeddable":true,"href":"https:\/\/sundar.be\/fr\/wp-json\/wp\/v2\/comments?post=46780"}],"wp:featuredmedia":[{"embeddable":true,"href":"https:\/\/sundar.be\/fr\/wp-json\/wp\/v2\/media\/46424"}],"wp:attachment":[{"href":"https:\/\/sundar.be\/fr\/wp-json\/wp\/v2\/media?parent=46780"}],"wp:term":[{"taxonomy":"product_brand","embeddable":true,"href":"https:\/\/sundar.be\/fr\/wp-json\/wp\/v2\/product_brand?post=46780"},{"taxonomy":"product_cat","embeddable":true,"href":"https:\/\/sundar.be\/fr\/wp-json\/wp\/v2\/product_cat?post=46780"},{"taxonomy":"product_tag","embeddable":true,"href":"https:\/\/sundar.be\/fr\/wp-json\/wp\/v2\/product_tag?post=46780"}],"curies":[{"name":"wp","href":"https:\/\/api.w.org\/{rel}","templated":true}]}}