{"id":46770,"date":"2025-02-12T14:46:28","date_gmt":"2025-02-12T13:46:28","guid":{"rendered":"https:\/\/sundar.be\/product\/camillen-60-foot-lotion\/"},"modified":"2025-11-30T15:09:54","modified_gmt":"2025-11-30T14:09:54","slug":"camillen-60-foot-lotion","status":"publish","type":"product","link":"https:\/\/sundar.be\/fr\/produit\/camillen-60-foot-lotion\/","title":{"rendered":"Camillen 60 Foot Lotion"},"content":{"rendered":"<p data-start=\"35\" data-end=\"428\">La <span style=\"color: #557e96;\"><strong>Camillen 60 Foot Lotion<\/strong><\/span> est une lotion l\u00e9g\u00e8re mais nourrissante qui hydrate, adoucit et rafra\u00eechit imm\u00e9diatement la peau. Sa formule associe des huiles soignantes, de la camomille apaisante et du bisabolol \u00e0 un effet rafra\u00eechissant de menthol et de camphre, laissant les pieds fatigu\u00e9s frais, d\u00e9tendus et souples. Id\u00e9ale comme soin d\u2019entretien quotidien, en particulier pour les pieds normaux \u00e0 l\u00e9g\u00e8rement secs.  <\/p>\n","protected":false},"excerpt":{"rendered":"<p data-start=\"704\" data-end=\"875\">Cette lotion douce hydrate, apaise et rafra\u00eechit la peau gr\u00e2ce \u00e0 la camomille, au bisabolol et au menthol. Les pieds deviennent souples, frais et agr\u00e9ablement confortables apr\u00e8s chaque application. <\/p>\n","protected":false},"featured_media":46765,"comment_status":"open","ping_status":"closed","template":"","meta":{"_acf_changed":false},"product_brand":[],"product_cat":[4988,5606,4998,5004,4972,4755,4999,5796,4996],"product_tag":[],"class_list":{"0":"post-46770","1":"product","2":"type-product","3":"status-publish","4":"has-post-thumbnail","6":"product_cat-camillen-60-fr","7":"product_cat-camillen-60-soins-pieds","8":"product_cat-cremes-lotions-pieds","9":"product_cat-ideal-pour-les-sportifs","10":"product_cat-nos-marques","11":"product_cat-pedicure","12":"product_cat-soins-specifique-pieds","13":"product_cat-soins-pieds-marque","14":"product_cat-soins-quotidiens-des-pieds","15":"pa_inhoud-1000-ml-fr","16":"pa_inhoud-500-ml-fr","18":"first","19":"instock","20":"taxable","21":"shipping-taxable","22":"product-type-variable"},"acf":[],"_links":{"self":[{"href":"https:\/\/sundar.be\/fr\/wp-json\/wp\/v2\/product\/46770","targetHints":{"allow":["GET"]}}],"collection":[{"href":"https:\/\/sundar.be\/fr\/wp-json\/wp\/v2\/product"}],"about":[{"href":"https:\/\/sundar.be\/fr\/wp-json\/wp\/v2\/types\/product"}],"replies":[{"embeddable":true,"href":"https:\/\/sundar.be\/fr\/wp-json\/wp\/v2\/comments?post=46770"}],"wp:featuredmedia":[{"embeddable":true,"href":"https:\/\/sundar.be\/fr\/wp-json\/wp\/v2\/media\/46765"}],"wp:attachment":[{"href":"https:\/\/sundar.be\/fr\/wp-json\/wp\/v2\/media?parent=46770"}],"wp:term":[{"taxonomy":"product_brand","embeddable":true,"href":"https:\/\/sundar.be\/fr\/wp-json\/wp\/v2\/product_brand?post=46770"},{"taxonomy":"product_cat","embeddable":true,"href":"https:\/\/sundar.be\/fr\/wp-json\/wp\/v2\/product_cat?post=46770"},{"taxonomy":"product_tag","embeddable":true,"href":"https:\/\/sundar.be\/fr\/wp-json\/wp\/v2\/product_tag?post=46770"}],"curies":[{"name":"wp","href":"https:\/\/api.w.org\/{rel}","templated":true}]}}