{"id":46754,"date":"2025-02-12T13:51:36","date_gmt":"2025-02-12T12:51:36","guid":{"rendered":"https:\/\/sundar.be\/product\/camillen-60-creme-pour-crevasses\/"},"modified":"2025-11-30T15:18:03","modified_gmt":"2025-11-30T14:18:03","slug":"camillen-60-creme-pour-crevasses","status":"publish","type":"product","link":"https:\/\/sundar.be\/fr\/produit\/camillen-60-creme-pour-crevasses\/","title":{"rendered":"Camillen 60 Cr\u00e8me pour Crevasses"},"content":{"rendered":"<p data-start=\"279\" data-end=\"685\">La <span style=\"color: #557e96;\"><strong>Camillen 60 Cr\u00e8me pour Crevasses<\/strong><\/span> est une cr\u00e8me tr\u00e8s riche et r\u00e9paratrice qui adoucit intens\u00e9ment et prot\u00e8ge les crevasses profondes, les talons secs et les zones de peau fissur\u00e9e. Sa formule, \u00e0 base de p\u00e9trolatum et d\u2019huiles nourrissantes, soutient la restauration de la barri\u00e8re cutan\u00e9e et aide la peau tiraillante et douloureuse \u00e0 se calmer rapidement. Id\u00e9ale pour les pieds n\u00e9cessitant un soin intensif, notamment en cas de s\u00e9cheresse persistante et de crevasses.  <\/p>\n","protected":false},"excerpt":{"rendered":"<p data-start=\"731\" data-end=\"907\">Cette cr\u00e8me intensive pour crevasses adoucit et r\u00e9pare les talons secs et fissur\u00e9s gr\u00e2ce \u00e0 des huiles nourrissantes et des extraits apaisants. La peau devient plus souple, prot\u00e9g\u00e9e et nettement plus confortable. <\/p>\n","protected":false},"featured_media":46753,"comment_status":"open","ping_status":"closed","template":"","meta":{"_acf_changed":false},"product_brand":[],"product_cat":[5000,4988,5606,4972,4755,4999,5796],"product_tag":[],"class_list":{"0":"post-46754","1":"product","2":"type-product","3":"status-publish","4":"has-post-thumbnail","6":"product_cat-callosites-crevasses","7":"product_cat-camillen-60-fr","8":"product_cat-camillen-60-soins-pieds","9":"product_cat-nos-marques","10":"product_cat-pedicure","11":"product_cat-soins-specifique-pieds","12":"product_cat-soins-pieds-marque","13":"pa_inhoud-100-ml-fr","14":"pa_inhoud-30-ml-fr","15":"pa_inhoud-500-ml-fr","17":"first","18":"instock","19":"taxable","20":"shipping-taxable","21":"product-type-variable"},"acf":[],"_links":{"self":[{"href":"https:\/\/sundar.be\/fr\/wp-json\/wp\/v2\/product\/46754","targetHints":{"allow":["GET"]}}],"collection":[{"href":"https:\/\/sundar.be\/fr\/wp-json\/wp\/v2\/product"}],"about":[{"href":"https:\/\/sundar.be\/fr\/wp-json\/wp\/v2\/types\/product"}],"replies":[{"embeddable":true,"href":"https:\/\/sundar.be\/fr\/wp-json\/wp\/v2\/comments?post=46754"}],"wp:featuredmedia":[{"embeddable":true,"href":"https:\/\/sundar.be\/fr\/wp-json\/wp\/v2\/media\/46753"}],"wp:attachment":[{"href":"https:\/\/sundar.be\/fr\/wp-json\/wp\/v2\/media?parent=46754"}],"wp:term":[{"taxonomy":"product_brand","embeddable":true,"href":"https:\/\/sundar.be\/fr\/wp-json\/wp\/v2\/product_brand?post=46754"},{"taxonomy":"product_cat","embeddable":true,"href":"https:\/\/sundar.be\/fr\/wp-json\/wp\/v2\/product_cat?post=46754"},{"taxonomy":"product_tag","embeddable":true,"href":"https:\/\/sundar.be\/fr\/wp-json\/wp\/v2\/product_tag?post=46754"}],"curies":[{"name":"wp","href":"https:\/\/api.w.org\/{rel}","templated":true}]}}