{"id":46739,"date":"2025-02-12T11:53:50","date_gmt":"2025-02-12T10:53:50","guid":{"rendered":"https:\/\/sundar.be\/product\/camillen-60-hydro-cream\/"},"modified":"2025-12-17T09:01:56","modified_gmt":"2025-12-17T08:01:56","slug":"camillen-60-hydro-cream","status":"publish","type":"product","link":"https:\/\/sundar.be\/fr\/produit\/camillen-60-hydro-cream\/","title":{"rendered":"Camillen 60 Hydro Cream"},"content":{"rendered":"<p>La<span style=\"color: #557e96;\"><strong> Camillen 60 Hydro Cream<\/strong><\/span> est une cr\u00e8me hydratante et adoucissante qui r\u00e9tablit l\u2019\u00e9quilibre hydrique de la peau et procure un confort durable. Sa formule combine ur\u00e9e, glyc\u00e9rine, panth\u00e9nol et camomille, pour nourrir intens\u00e9ment la peau, l\u2019apaiser et la prot\u00e9ger du dess\u00e8chement. Id\u00e9ale pour les pieds secs, sensibles ou d\u00e9shydrat\u00e9s qui ont besoin d\u2019une hydratation suppl\u00e9mentaire sans texture lourde ou grasse.  <\/p>\n","protected":false},"excerpt":{"rendered":"<p data-start=\"730\" data-end=\"902\">Cette cr\u00e8me hydro onctueuse hydrate, adoucit et apaise la peau gr\u00e2ce \u00e0 l\u2019ur\u00e9e, la glyc\u00e9rine et le panth\u00e9nol. Les pieds deviennent imm\u00e9diatement plus souples, confortables et intens\u00e9ment nourris. <\/p>\n","protected":false},"featured_media":46738,"comment_status":"open","ping_status":"closed","template":"","meta":{"_acf_changed":false},"product_brand":[],"product_cat":[4988,5606,4998,4972,4755,5796,4996],"product_tag":[],"class_list":{"0":"post-46739","1":"product","2":"type-product","3":"status-publish","4":"has-post-thumbnail","6":"product_cat-camillen-60-fr","7":"product_cat-camillen-60-soins-pieds","8":"product_cat-cremes-lotions-pieds","9":"product_cat-nos-marques","10":"product_cat-pedicure","11":"product_cat-soins-pieds-marque","12":"product_cat-soins-quotidiens-des-pieds","13":"pa_inhoud-100-ml-fr","14":"pa_inhoud-30-ml-edition-de-noel","15":"pa_inhoud-500-ml-fr","17":"first","18":"instock","19":"taxable","20":"shipping-taxable","21":"product-type-variable"},"acf":[],"_links":{"self":[{"href":"https:\/\/sundar.be\/fr\/wp-json\/wp\/v2\/product\/46739","targetHints":{"allow":["GET"]}}],"collection":[{"href":"https:\/\/sundar.be\/fr\/wp-json\/wp\/v2\/product"}],"about":[{"href":"https:\/\/sundar.be\/fr\/wp-json\/wp\/v2\/types\/product"}],"replies":[{"embeddable":true,"href":"https:\/\/sundar.be\/fr\/wp-json\/wp\/v2\/comments?post=46739"}],"wp:featuredmedia":[{"embeddable":true,"href":"https:\/\/sundar.be\/fr\/wp-json\/wp\/v2\/media\/46738"}],"wp:attachment":[{"href":"https:\/\/sundar.be\/fr\/wp-json\/wp\/v2\/media?parent=46739"}],"wp:term":[{"taxonomy":"product_brand","embeddable":true,"href":"https:\/\/sundar.be\/fr\/wp-json\/wp\/v2\/product_brand?post=46739"},{"taxonomy":"product_cat","embeddable":true,"href":"https:\/\/sundar.be\/fr\/wp-json\/wp\/v2\/product_cat?post=46739"},{"taxonomy":"product_tag","embeddable":true,"href":"https:\/\/sundar.be\/fr\/wp-json\/wp\/v2\/product_tag?post=46739"}],"curies":[{"name":"wp","href":"https:\/\/api.w.org\/{rel}","templated":true}]}}