{"id":46718,"date":"2025-02-05T18:33:34","date_gmt":"2025-02-05T17:33:34","guid":{"rendered":"https:\/\/sundar.be\/product\/camillen-60-hand-cream\/"},"modified":"2025-12-17T09:01:45","modified_gmt":"2025-12-17T08:01:45","slug":"camillen-60-hand-cream","status":"publish","type":"product","link":"https:\/\/sundar.be\/fr\/produit\/camillen-60-hand-cream\/","title":{"rendered":"Camillen 60 Hand Cream"},"content":{"rendered":"<p>La <span style=\"color: #557e96;\"><strong>Camillen 60 Hand Cream <\/strong><\/span>est une cr\u00e8me pour les mains riche et nourrissante qui hydrate intens\u00e9ment, adoucit et prot\u00e8ge les mains s\u00e8ches et sensibles. Sa formule \u00e0 base d\u2019huile de ricin, de lipides nourrissants, de camomille et de bisabolol soutient la r\u00e9paration de la barri\u00e8re cutan\u00e9e et apaise les mains irrit\u00e9es ou sollicit\u00e9es. Parfaite pour une utilisation quotidienne, notamment lorsque les mains deviennent facilement s\u00e8ches ou tiraill\u00e9es en raison des lavages fr\u00e9quents, du froid ou du travail.  <\/p>\n","protected":false},"excerpt":{"rendered":"<p data-start=\"741\" data-end=\"901\">Cette cr\u00e8me nourrissante adoucit et prot\u00e8ge les mains s\u00e8ches gr\u00e2ce \u00e0 l\u2019huile de ricin, la camomille et le bisabolol. La peau devient souple, confortable et prot\u00e9g\u00e9e contre le dess\u00e8chement. <\/p>\n","protected":false},"featured_media":46717,"comment_status":"open","ping_status":"closed","template":"","meta":{"_acf_changed":false},"product_brand":[],"product_cat":[4988,5605,4969,4972,4761,2772,5797],"product_tag":[],"class_list":{"0":"post-46718","1":"product","2":"type-product","3":"status-publish","4":"has-post-thumbnail","6":"product_cat-camillen-60-fr","7":"product_cat-camillen-60-soins-mains","8":"product_cat-cremes-lotions-mains","9":"product_cat-nos-marques","10":"product_cat-pose-ongles","11":"product_cat-manucure-soin-mains","12":"product_cat-soins-mains-marque","13":"pa_inhoud-100-ml-fr","14":"pa_inhoud-30-ml-fr","15":"pa_inhoud-30-ml-edition-de-noel","16":"pa_inhoud-500-ml-fr","18":"first","19":"instock","20":"taxable","21":"shipping-taxable","22":"product-type-variable"},"acf":[],"_links":{"self":[{"href":"https:\/\/sundar.be\/fr\/wp-json\/wp\/v2\/product\/46718","targetHints":{"allow":["GET"]}}],"collection":[{"href":"https:\/\/sundar.be\/fr\/wp-json\/wp\/v2\/product"}],"about":[{"href":"https:\/\/sundar.be\/fr\/wp-json\/wp\/v2\/types\/product"}],"replies":[{"embeddable":true,"href":"https:\/\/sundar.be\/fr\/wp-json\/wp\/v2\/comments?post=46718"}],"wp:featuredmedia":[{"embeddable":true,"href":"https:\/\/sundar.be\/fr\/wp-json\/wp\/v2\/media\/46717"}],"wp:attachment":[{"href":"https:\/\/sundar.be\/fr\/wp-json\/wp\/v2\/media?parent=46718"}],"wp:term":[{"taxonomy":"product_brand","embeddable":true,"href":"https:\/\/sundar.be\/fr\/wp-json\/wp\/v2\/product_brand?post=46718"},{"taxonomy":"product_cat","embeddable":true,"href":"https:\/\/sundar.be\/fr\/wp-json\/wp\/v2\/product_cat?post=46718"},{"taxonomy":"product_tag","embeddable":true,"href":"https:\/\/sundar.be\/fr\/wp-json\/wp\/v2\/product_tag?post=46718"}],"curies":[{"name":"wp","href":"https:\/\/api.w.org\/{rel}","templated":true}]}}