{"id":46667,"date":"2025-01-10T09:50:12","date_gmt":"2025-01-10T08:50:12","guid":{"rendered":"https:\/\/sundar.be\/product\/camillen-60-baume-callosites-15-uree\/"},"modified":"2025-11-30T15:51:07","modified_gmt":"2025-11-30T14:51:07","slug":"camillen-60-baume-callosites-15-uree","status":"publish","type":"product","link":"https:\/\/sundar.be\/fr\/produit\/camillen-60-baume-callosites-15-uree\/","title":{"rendered":"Camillen 60 Baume Callosit\u00e9s 15% Ur\u00e9e"},"content":{"rendered":"<p data-start=\"295\" data-end=\"698\">La <span style=\"color: #557e96;\"><strong>Camillen 60 Baume Callosit\u00e9s 15% Ur\u00e9e <\/strong><\/span>est un soin intensif k\u00e9ratolytique qui assouplit efficacement les callosit\u00e9s tenaces, les talons secs et les zones cutan\u00e9es \u00e9paissies. La combinaison puissante d\u2019ur\u00e9e, d\u2019extrait d\u2019\u00e9corce de saule et d\u2019acide salicylique r\u00e9duit les \u00e9paississements cutan\u00e9s, tandis que le panth\u00e9nol, la camomille et le bisabolol apaisent et nourrissent la peau. Parfait pour les pieds n\u00e9cessitant un soin intensif et r\u00e9parateur.  <\/p>\n","protected":false},"excerpt":{"rendered":"<p>Ce baume riche contenant 15 % d\u2019ur\u00e9e assouplit rapidement et efficacement les callosit\u00e9s et la peau s\u00e8che. Gr\u00e2ce \u00e0 l\u2019extrait d\u2019\u00e9corce de saule, \u00e0 l\u2019acide salicylique et aux huiles nourrissantes, la peau devient plus lisse, souple et nettement plus confortable. <\/p>\n","protected":false},"featured_media":46808,"comment_status":"open","ping_status":"closed","template":"","meta":{"_acf_changed":false},"product_brand":[],"product_cat":[5000,4988,5606,4972,4755,4999,5796],"product_tag":[],"class_list":{"0":"post-46667","1":"product","2":"type-product","3":"status-publish","4":"has-post-thumbnail","6":"product_cat-callosites-crevasses","7":"product_cat-camillen-60-fr","8":"product_cat-camillen-60-soins-pieds","9":"product_cat-nos-marques","10":"product_cat-pedicure","11":"product_cat-soins-specifique-pieds","12":"product_cat-soins-pieds-marque","13":"pa_inhoud-100-ml-fr","14":"pa_inhoud-500-ml-fr","16":"first","17":"instock","18":"taxable","19":"shipping-taxable","20":"product-type-variable"},"acf":[],"_links":{"self":[{"href":"https:\/\/sundar.be\/fr\/wp-json\/wp\/v2\/product\/46667","targetHints":{"allow":["GET"]}}],"collection":[{"href":"https:\/\/sundar.be\/fr\/wp-json\/wp\/v2\/product"}],"about":[{"href":"https:\/\/sundar.be\/fr\/wp-json\/wp\/v2\/types\/product"}],"replies":[{"embeddable":true,"href":"https:\/\/sundar.be\/fr\/wp-json\/wp\/v2\/comments?post=46667"}],"wp:featuredmedia":[{"embeddable":true,"href":"https:\/\/sundar.be\/fr\/wp-json\/wp\/v2\/media\/46808"}],"wp:attachment":[{"href":"https:\/\/sundar.be\/fr\/wp-json\/wp\/v2\/media?parent=46667"}],"wp:term":[{"taxonomy":"product_brand","embeddable":true,"href":"https:\/\/sundar.be\/fr\/wp-json\/wp\/v2\/product_brand?post=46667"},{"taxonomy":"product_cat","embeddable":true,"href":"https:\/\/sundar.be\/fr\/wp-json\/wp\/v2\/product_cat?post=46667"},{"taxonomy":"product_tag","embeddable":true,"href":"https:\/\/sundar.be\/fr\/wp-json\/wp\/v2\/product_tag?post=46667"}],"curies":[{"name":"wp","href":"https:\/\/api.w.org\/{rel}","templated":true}]}}