{"id":46657,"date":"2025-01-10T13:10:06","date_gmt":"2025-01-10T12:10:06","guid":{"rendered":"https:\/\/sundar.be\/product\/camille-60-fudes-spray-125ml\/"},"modified":"2025-11-30T15:33:44","modified_gmt":"2025-11-30T14:33:44","slug":"camille-60-fudes-spray-125ml","status":"publish","type":"product","link":"https:\/\/sundar.be\/fr\/produit\/camille-60-fudes-spray-125ml\/","title":{"rendered":"Camille 60 Fudes Spray, 125ml"},"content":{"rendered":"<p data-start=\"279\" data-end=\"701\">Le <span style=\"color: #557e96;\"><strong>Camillen 60 Fudes Spray<\/strong><\/span> est un spray hygi\u00e9nique et rafra\u00eechissant pour les pieds qui aide \u00e0 garder la peau propre, fra\u00eeche et \u00e9quilibr\u00e9e. Gr\u00e2ce \u00e0 une combinaison d\u2019alcool nettoyant, d\u2019extraits v\u00e9g\u00e9taux apaisants et d\u2019agents hydratants, il soutient une peau des pieds saine et r\u00e9duit les odeurs ind\u00e9sirables. Id\u00e9al pour une utilisation quotidienne ou comme soin d\u2019hygi\u00e8ne suppl\u00e9mentaire apr\u00e8s le sport, la chaleur ou le port prolong\u00e9 de chaussures ferm\u00e9es.  <\/p>\n","protected":false},"excerpt":{"rendered":"<p>Ce spray rafra\u00eechissant nettoie, apaise et soutient une peau des pieds saine gr\u00e2ce \u00e0 l\u2019alcool, la camomille et l\u2019extrait de lichen. Les pieds restent frais, soign\u00e9s et hygi\u00e9niques. <\/p>\n","protected":false},"featured_media":46615,"comment_status":"open","ping_status":"closed","template":"","meta":{"_acf_changed":false},"product_brand":[],"product_cat":[4988,5606,5006,4972,4755,4999,5796],"product_tag":[],"class_list":{"0":"post-46657","1":"product","2":"type-product","3":"status-publish","4":"has-post-thumbnail","6":"product_cat-camillen-60-fr","7":"product_cat-camillen-60-soins-pieds","8":"product_cat-mycose-du-pied-ongles","9":"product_cat-nos-marques","10":"product_cat-pedicure","11":"product_cat-soins-specifique-pieds","12":"product_cat-soins-pieds-marque","14":"first","15":"instock","16":"taxable","17":"shipping-taxable","18":"product-type-simple"},"acf":[],"_links":{"self":[{"href":"https:\/\/sundar.be\/fr\/wp-json\/wp\/v2\/product\/46657","targetHints":{"allow":["GET"]}}],"collection":[{"href":"https:\/\/sundar.be\/fr\/wp-json\/wp\/v2\/product"}],"about":[{"href":"https:\/\/sundar.be\/fr\/wp-json\/wp\/v2\/types\/product"}],"replies":[{"embeddable":true,"href":"https:\/\/sundar.be\/fr\/wp-json\/wp\/v2\/comments?post=46657"}],"wp:featuredmedia":[{"embeddable":true,"href":"https:\/\/sundar.be\/fr\/wp-json\/wp\/v2\/media\/46615"}],"wp:attachment":[{"href":"https:\/\/sundar.be\/fr\/wp-json\/wp\/v2\/media?parent=46657"}],"wp:term":[{"taxonomy":"product_brand","embeddable":true,"href":"https:\/\/sundar.be\/fr\/wp-json\/wp\/v2\/product_brand?post=46657"},{"taxonomy":"product_cat","embeddable":true,"href":"https:\/\/sundar.be\/fr\/wp-json\/wp\/v2\/product_cat?post=46657"},{"taxonomy":"product_tag","embeddable":true,"href":"https:\/\/sundar.be\/fr\/wp-json\/wp\/v2\/product_tag?post=46657"}],"curies":[{"name":"wp","href":"https:\/\/api.w.org\/{rel}","templated":true}]}}