{"id":46656,"date":"2025-01-29T07:47:25","date_gmt":"2025-01-29T06:47:25","guid":{"rendered":"https:\/\/sundar.be\/product\/care-set-vitamin\/"},"modified":"2025-12-18T08:23:08","modified_gmt":"2025-12-18T07:23:08","slug":"care-set-vitamin","status":"publish","type":"product","link":"https:\/\/sundar.be\/fr\/produit\/care-set-vitamin\/","title":{"rendered":"LCN Care Set Vitamin"},"content":{"rendered":"<p>Le <span style=\"color: #557e96;\"><strong>LCN Care Set Vitamin<\/strong><\/span> est un coffret cadeau luxueux contenant deux essentiels de soin : la <a href=\"https:\/\/sundar.be\/fr\/produit\/vitamin-hand-cream\/\"><strong><span style=\"color: #557e96;\">LCN Vitamin Hand Cream<\/span><\/strong><\/a> pour une hydratation intensive et la r\u00e9g\u00e9n\u00e9ration des mains stress\u00e9es, ainsi que le <a href=\"https:\/\/sundar.be\/fr\/produit\/orange-vitamin-nail-shot-11ml-fr\/\"><strong><span style=\"color: #557e96;\">LCN Orange Vitamin Nail Shot<\/span><\/strong><\/a>, un s\u00e9rum nourrissant qui renforce les ongles et les cuticules. Ce set associe des formules riches en vitamines et en huiles v\u00e9g\u00e9tales pour offrir aux mains et aux ongles un boost sain et \u00e9clatant. Parfait comme cadeau ou pour se faire plaisir.  <\/p>\n","protected":false},"excerpt":{"rendered":"<p>Ce coffret de soin contient une cr\u00e8me mains hydratante et un s\u00e9rum r\u00e9parateur pour les ongles, riches en vitamines et en huiles botaniques. Id\u00e9al pour renforcer, nourrir et prot\u00e9ger mains et ongles. <\/p>\n","protected":false},"featured_media":46655,"comment_status":"open","ping_status":"closed","template":"","meta":{"_acf_changed":false},"product_brand":[],"product_cat":[6229,4936,6235,1476,6233,1440,1467,4907],"product_tag":[],"class_list":{"0":"post-46656","1":"product","2":"type-product","3":"status-publish","4":"has-post-thumbnail","6":"product_cat-lcn-soins-highlights","7":"product_cat-lcn-fr","8":"product_cat-lcn-soins-mains-presentoirs-sets","9":"product_cat-sets-presentoires","10":"product_cat-lcn-soins-highlights-sets-cadeau","11":"product_cat-lcn-soin-de-mains","12":"product_cat-lcn-soin-des-ongles","13":"product_cat-soins","15":"first","16":"instock","17":"taxable","18":"shipping-taxable","19":"product-type-simple"},"acf":[],"_links":{"self":[{"href":"https:\/\/sundar.be\/fr\/wp-json\/wp\/v2\/product\/46656","targetHints":{"allow":["GET"]}}],"collection":[{"href":"https:\/\/sundar.be\/fr\/wp-json\/wp\/v2\/product"}],"about":[{"href":"https:\/\/sundar.be\/fr\/wp-json\/wp\/v2\/types\/product"}],"replies":[{"embeddable":true,"href":"https:\/\/sundar.be\/fr\/wp-json\/wp\/v2\/comments?post=46656"}],"wp:featuredmedia":[{"embeddable":true,"href":"https:\/\/sundar.be\/fr\/wp-json\/wp\/v2\/media\/46655"}],"wp:attachment":[{"href":"https:\/\/sundar.be\/fr\/wp-json\/wp\/v2\/media?parent=46656"}],"wp:term":[{"taxonomy":"product_brand","embeddable":true,"href":"https:\/\/sundar.be\/fr\/wp-json\/wp\/v2\/product_brand?post=46656"},{"taxonomy":"product_cat","embeddable":true,"href":"https:\/\/sundar.be\/fr\/wp-json\/wp\/v2\/product_cat?post=46656"},{"taxonomy":"product_tag","embeddable":true,"href":"https:\/\/sundar.be\/fr\/wp-json\/wp\/v2\/product_tag?post=46656"}],"curies":[{"name":"wp","href":"https:\/\/api.w.org\/{rel}","templated":true}]}}