{"id":45962,"date":"2024-12-19T10:05:35","date_gmt":"2024-12-19T09:05:35","guid":{"rendered":"https:\/\/sundar.be\/product\/ionto-comed-neutralizing-facial-tonic\/"},"modified":"2025-12-11T12:25:57","modified_gmt":"2025-12-11T11:25:57","slug":"ionto-comed-neutralizing-facial-tonic","status":"publish","type":"product","link":"https:\/\/sundar.be\/fr\/produit\/ionto-comed-neutralizing-facial-tonic\/","title":{"rendered":"IONTO-COMED Neutralizing Facial Tonic"},"content":{"rendered":"<p>Le <span style=\"color: #557e96;\"><strong>IONTO-COMED Neutralizing Facial Tonic<\/strong><\/span> est un tonique \u00e9quilibrant qui neutralise le pH et apaise imm\u00e9diatement la peau apr\u00e8s des traitements intensifs tels que les peelings aux acides de fruits. Sa formule contient un puissant complexe min\u00e9ral \u00e0 base de zinc, de cuivre et de magn\u00e9sium pour renforcer et r\u00e9guler la peau, tandis que des agents hydratants comme la glyc\u00e9rine et le pentyl\u00e8ne glycol apportent douceur et confort. Ce tonique aide \u00e0 restaurer la barri\u00e8re cutan\u00e9e, r\u00e9duit les irritations et ram\u00e8ne la peau \u00e0 l\u2019\u00e9quilibre.  <\/p>\n","protected":false},"excerpt":{"rendered":"<p data-start=\"762\" data-end=\"940\">Tonique apaisant et neutralisant le pH qui r\u00e9pare et adoucit la peau apr\u00e8s un peeling ou un traitement intensif. Renforce la barri\u00e8re cutan\u00e9e et r\u00e9\u00e9quilibre imm\u00e9diatement la peau. <\/p>\n<h2 data-start=\"942\" data-end=\"958\"><\/h2>\n","protected":false},"featured_media":45959,"comment_status":"open","ping_status":"closed","template":"","meta":{"_acf_changed":false},"product_brand":[],"product_cat":[4767,4982,4921,4972,6165,4920,5058],"product_tag":[],"class_list":{"0":"post-45962","1":"product","2":"type-product","3":"status-publish","4":"has-post-thumbnail","6":"product_cat-beaute","7":"product_cat-ionto-comed-fr","8":"product_cat-beaute-nettoyage-exfoliation","9":"product_cat-nos-marques","10":"product_cat-produits-ionto","11":"product_cat-beaute-soins-du-visage","12":"product_cat-webshop-fr","13":"pa_inhoud-cabine-500ml-fr","14":"pa_inhoud-vente-200ml","16":"first","17":"instock","18":"taxable","19":"shipping-taxable","20":"product-type-variable"},"acf":[],"_links":{"self":[{"href":"https:\/\/sundar.be\/fr\/wp-json\/wp\/v2\/product\/45962","targetHints":{"allow":["GET"]}}],"collection":[{"href":"https:\/\/sundar.be\/fr\/wp-json\/wp\/v2\/product"}],"about":[{"href":"https:\/\/sundar.be\/fr\/wp-json\/wp\/v2\/types\/product"}],"replies":[{"embeddable":true,"href":"https:\/\/sundar.be\/fr\/wp-json\/wp\/v2\/comments?post=45962"}],"wp:featuredmedia":[{"embeddable":true,"href":"https:\/\/sundar.be\/fr\/wp-json\/wp\/v2\/media\/45959"}],"wp:attachment":[{"href":"https:\/\/sundar.be\/fr\/wp-json\/wp\/v2\/media?parent=45962"}],"wp:term":[{"taxonomy":"product_brand","embeddable":true,"href":"https:\/\/sundar.be\/fr\/wp-json\/wp\/v2\/product_brand?post=45962"},{"taxonomy":"product_cat","embeddable":true,"href":"https:\/\/sundar.be\/fr\/wp-json\/wp\/v2\/product_cat?post=45962"},{"taxonomy":"product_tag","embeddable":true,"href":"https:\/\/sundar.be\/fr\/wp-json\/wp\/v2\/product_tag?post=45962"}],"curies":[{"name":"wp","href":"https:\/\/api.w.org\/{rel}","templated":true}]}}