{"id":45952,"date":"2024-12-19T09:24:26","date_gmt":"2024-12-19T08:24:26","guid":{"rendered":"https:\/\/sundar.be\/product\/ionto-comed-mousse-nettoyante-150ml\/"},"modified":"2025-12-11T13:04:30","modified_gmt":"2025-12-11T12:04:30","slug":"ionto-comed-mousse-nettoyante-150ml","status":"publish","type":"product","link":"https:\/\/sundar.be\/fr\/produit\/ionto-comed-mousse-nettoyante-150ml\/","title":{"rendered":"IONTO-COMED Mousse Nettoyante, 150ml"},"content":{"rendered":"<p>La <span style=\"color: #557e96;\"><strong>IONTO-COMED Reinigingsschuim<\/strong><\/span> est une mousse douce et rafra\u00eechissante qui nettoie la peau en profondeur sans la dess\u00e9cher. L\u2019association de tensioactifs doux, de b\u00e9ta\u00efne et de sorbitol procure une sensation de confort et d\u2019hydratation tout en \u00e9liminant efficacement impuret\u00e9s, s\u00e9bum et maquillage. Gr\u00e2ce au complexe min\u00e9ral (zinc, cuivre et magn\u00e9sium), la peau est renforc\u00e9e et r\u00e9\u00e9quilibr\u00e9e, pour un teint plus net et d\u2019apparence saine. Parfaite comme nettoyant quotidien pour une peau fra\u00eeche, propre et parfaitement pr\u00e9par\u00e9e.   <\/p>\n","protected":false},"excerpt":{"rendered":"<p data-start=\"779\" data-end=\"945\">Mousse nettoyante douce mais efficace qui purifie, hydrate et \u00e9quilibre la peau. Laisse la peau fra\u00eeche, propre et confortable, sans sensation de tiraillement. <\/p>\n<h2 data-start=\"947\" data-end=\"963\"><\/h2>\n","protected":false},"featured_media":45948,"comment_status":"open","ping_status":"closed","template":"","meta":{"_acf_changed":false},"product_brand":[],"product_cat":[4767,4982,4921,4972,6165,4920,5058],"product_tag":[],"class_list":{"0":"post-45952","1":"product","2":"type-product","3":"status-publish","4":"has-post-thumbnail","6":"product_cat-beaute","7":"product_cat-ionto-comed-fr","8":"product_cat-beaute-nettoyage-exfoliation","9":"product_cat-nos-marques","10":"product_cat-produits-ionto","11":"product_cat-beaute-soins-du-visage","12":"product_cat-webshop-fr","13":"pa_inhoud-testeur-non-a-la-vente150ml","14":"pa_inhoud-vente-150ml","16":"first","17":"instock","18":"taxable","19":"shipping-taxable","20":"product-type-variable"},"acf":[],"_links":{"self":[{"href":"https:\/\/sundar.be\/fr\/wp-json\/wp\/v2\/product\/45952","targetHints":{"allow":["GET"]}}],"collection":[{"href":"https:\/\/sundar.be\/fr\/wp-json\/wp\/v2\/product"}],"about":[{"href":"https:\/\/sundar.be\/fr\/wp-json\/wp\/v2\/types\/product"}],"replies":[{"embeddable":true,"href":"https:\/\/sundar.be\/fr\/wp-json\/wp\/v2\/comments?post=45952"}],"wp:featuredmedia":[{"embeddable":true,"href":"https:\/\/sundar.be\/fr\/wp-json\/wp\/v2\/media\/45948"}],"wp:attachment":[{"href":"https:\/\/sundar.be\/fr\/wp-json\/wp\/v2\/media?parent=45952"}],"wp:term":[{"taxonomy":"product_brand","embeddable":true,"href":"https:\/\/sundar.be\/fr\/wp-json\/wp\/v2\/product_brand?post=45952"},{"taxonomy":"product_cat","embeddable":true,"href":"https:\/\/sundar.be\/fr\/wp-json\/wp\/v2\/product_cat?post=45952"},{"taxonomy":"product_tag","embeddable":true,"href":"https:\/\/sundar.be\/fr\/wp-json\/wp\/v2\/product_tag?post=45952"}],"curies":[{"name":"wp","href":"https:\/\/api.w.org\/{rel}","templated":true}]}}