{"id":45940,"date":"2024-12-19T09:14:45","date_gmt":"2024-12-19T08:14:45","guid":{"rendered":"https:\/\/sundar.be\/product\/refectocil-micellar-eye-make-up-remover-150-ml\/"},"modified":"2025-08-04T12:56:02","modified_gmt":"2025-08-04T10:56:02","slug":"refectocil-micellar-eye-make-up-remover-150-ml","status":"publish","type":"product","link":"https:\/\/sundar.be\/fr\/produit\/refectocil-micellar-eye-make-up-remover-150-ml\/","title":{"rendered":"Refectocil Micellar Eye Make-up Remover, 150 ml"},"content":{"rendered":"<p>Le nouveau d\u00e9maquillant micellaire pour les yeux RefectoCil \u00e9limine sans effort m\u00eame le maquillage des yeux le plus intense gr\u00e2ce \u00e0 la puissance magn\u00e9tique des micelles. Apr\u00e8s utilisation, les cils et les sourcils sont parfaitement pr\u00e9par\u00e9s pour une teinture. <\/p>\n<p>La condition essentielle pour une coloration r\u00e9ussie avec les teintures pour cils et sourcils RefectoCil est que les cils et sourcils soient totalement exempts de graisse. C\u2019est seulement dans ces conditions qu\u2019un r\u00e9sultat parfait et longue tenue peut \u00eatre obtenu. La nouvelle formule est sans huile et renforce les cils!  <\/p>\n<p><strong>CONSEIL!<\/strong> Utilisez donc ce d\u00e9maquillant pour les yeux m\u00eame sur les femmes non maquill\u00e9es, en veillant \u00e0 ce que la peau soit bien d\u00e9graiss\u00e9e. Ce n&rsquo;est qu&rsquo;ainsi que vous obtiendrez les meilleurs r\u00e9sultats ! <\/p>\n","protected":false},"excerpt":{"rendered":"<p>D\u00e9maquillant pour les yeux et d\u00e9graissant pour la peau afin de pr\u00e9parer les cils et les sourcils \u00e0 la coloration.<\/p>\n","protected":false},"featured_media":45939,"comment_status":"open","ping_status":"closed","template":"","meta":{"_acf_changed":false},"product_brand":[],"product_cat":[4767,4446,4921,4448,4920],"product_tag":[],"class_list":{"0":"post-45940","1":"product","2":"type-product","3":"status-publish","4":"has-post-thumbnail","6":"product_cat-beaute","7":"product_cat-cils-sourcils","8":"product_cat-beaute-nettoyage-exfoliation","9":"product_cat-beaute-refectocil","10":"product_cat-beaute-soins-du-visage","12":"first","13":"instock","14":"taxable","15":"shipping-taxable","16":"product-type-simple"},"acf":[],"_links":{"self":[{"href":"https:\/\/sundar.be\/fr\/wp-json\/wp\/v2\/product\/45940","targetHints":{"allow":["GET"]}}],"collection":[{"href":"https:\/\/sundar.be\/fr\/wp-json\/wp\/v2\/product"}],"about":[{"href":"https:\/\/sundar.be\/fr\/wp-json\/wp\/v2\/types\/product"}],"replies":[{"embeddable":true,"href":"https:\/\/sundar.be\/fr\/wp-json\/wp\/v2\/comments?post=45940"}],"wp:featuredmedia":[{"embeddable":true,"href":"https:\/\/sundar.be\/fr\/wp-json\/wp\/v2\/media\/45939"}],"wp:attachment":[{"href":"https:\/\/sundar.be\/fr\/wp-json\/wp\/v2\/media?parent=45940"}],"wp:term":[{"taxonomy":"product_brand","embeddable":true,"href":"https:\/\/sundar.be\/fr\/wp-json\/wp\/v2\/product_brand?post=45940"},{"taxonomy":"product_cat","embeddable":true,"href":"https:\/\/sundar.be\/fr\/wp-json\/wp\/v2\/product_cat?post=45940"},{"taxonomy":"product_tag","embeddable":true,"href":"https:\/\/sundar.be\/fr\/wp-json\/wp\/v2\/product_tag?post=45940"}],"curies":[{"name":"wp","href":"https:\/\/api.w.org\/{rel}","templated":true}]}}