{"id":45936,"date":"2024-12-19T09:06:29","date_gmt":"2024-12-19T08:06:29","guid":{"rendered":"https:\/\/sundar.be\/product\/coup-declat-oxygenating-cleansing-foam-200-ml\/"},"modified":"2025-11-26T13:05:50","modified_gmt":"2025-11-26T12:05:50","slug":"coup-declat-oxygenating-cleansing-foam-200-ml","status":"publish","type":"product","link":"https:\/\/sundar.be\/fr\/produit\/coup-declat-oxygenating-cleansing-foam-200-ml\/","title":{"rendered":"Coup D&rsquo;\u00c9clat Oxygenating Cleansing Foam, 200 ml"},"content":{"rendered":"<p>La mousse nettoyante oxyg\u00e9nante Coup D&rsquo;\u00c9clat est une mousse l\u00e9g\u00e8re et a\u00e9rienne qui \u00e9limine parfaitement les impuret\u00e9s, les traces de maquillage et les particules polluantes qui ternissent et asphyxient la peau, avec un effet exfoliant tr\u00e8s doux. Formul\u00e9e \u00e0 partir d&rsquo;ingr\u00e9dients nettoyants extr\u00eamement doux, elle convient au d\u00e9maquillage quotidien de tous les types de peaux, m\u00eame sensibles. <\/p>\n","protected":false},"excerpt":{"rendered":"<p>Cette luxueuse mousse nettoyante est con\u00e7ue pour nettoyer la peau en douceur mais efficacement, sans la dess\u00e9cher. Elle \u00e9limine la salet\u00e9, le maquillage et l&rsquo;exc\u00e8s de s\u00e9bum, tout en hydratant et en revitalisant la peau. Gr\u00e2ce \u00e0 une combinaison d&rsquo;extraits naturels, de nettoyants doux et d&rsquo;ingr\u00e9dients apaisants, elle convient \u00e0 tous les types de peau, y compris les peaux sensibles.  <\/p>\n","protected":false},"featured_media":45935,"comment_status":"open","ping_status":"closed","template":"","meta":{"_acf_changed":false},"product_brand":[],"product_cat":[4921,4920],"product_tag":[],"class_list":{"0":"post-45936","1":"product","2":"type-product","3":"status-publish","4":"has-post-thumbnail","6":"product_cat-beaute-nettoyage-exfoliation","7":"product_cat-beaute-soins-du-visage","9":"first","10":"instock","11":"taxable","12":"shipping-taxable","13":"product-type-simple"},"acf":[],"_links":{"self":[{"href":"https:\/\/sundar.be\/fr\/wp-json\/wp\/v2\/product\/45936","targetHints":{"allow":["GET"]}}],"collection":[{"href":"https:\/\/sundar.be\/fr\/wp-json\/wp\/v2\/product"}],"about":[{"href":"https:\/\/sundar.be\/fr\/wp-json\/wp\/v2\/types\/product"}],"replies":[{"embeddable":true,"href":"https:\/\/sundar.be\/fr\/wp-json\/wp\/v2\/comments?post=45936"}],"wp:featuredmedia":[{"embeddable":true,"href":"https:\/\/sundar.be\/fr\/wp-json\/wp\/v2\/media\/45935"}],"wp:attachment":[{"href":"https:\/\/sundar.be\/fr\/wp-json\/wp\/v2\/media?parent=45936"}],"wp:term":[{"taxonomy":"product_brand","embeddable":true,"href":"https:\/\/sundar.be\/fr\/wp-json\/wp\/v2\/product_brand?post=45936"},{"taxonomy":"product_cat","embeddable":true,"href":"https:\/\/sundar.be\/fr\/wp-json\/wp\/v2\/product_cat?post=45936"},{"taxonomy":"product_tag","embeddable":true,"href":"https:\/\/sundar.be\/fr\/wp-json\/wp\/v2\/product_tag?post=45936"}],"curies":[{"name":"wp","href":"https:\/\/api.w.org\/{rel}","templated":true}]}}