{"id":45932,"date":"2024-12-19T08:55:38","date_gmt":"2024-12-19T07:55:38","guid":{"rendered":"https:\/\/sundar.be\/product\/coup-declat-micellaire-gel-nettoyant-250-ml\/"},"modified":"2025-11-26T13:06:30","modified_gmt":"2025-11-26T12:06:30","slug":"coup-declat-micellaire-gel-nettoyant-250-ml","status":"publish","type":"product","link":"https:\/\/sundar.be\/fr\/produit\/coup-declat-micellaire-gel-nettoyant-250-ml\/","title":{"rendered":"Coup D&rsquo;\u00c9clat Micellaire Gel Nettoyant, 250 ml"},"content":{"rendered":"<p>Le Gel Nettoyant Micellaire Coup D\u2019\u00c9clat 250 ml est un gel ultra-sensoriel, sans rin\u00e7age, qui d\u00e9maquille, adoucit la peau et rafra\u00eechit le visage et les yeux en un seul geste. Compos\u00e9 \u00e0 plus de 99% d\u2019ingr\u00e9dients naturels, il \u00e9limine en douceur tous les types de maquillage (m\u00eame waterproof), les r\u00e9sidus de pollution et les impuret\u00e9s sans dess\u00e9cher la peau.<\/p>\n<p>Sa texture gel innovante procure une agr\u00e9able sensation d\u2019apaisement et laisse la peau fra\u00eeche, propre et confortable.<\/p>\n","protected":false},"excerpt":{"rendered":"<p>Ce gel nettoyant micellaire rafra\u00eechissant associe la puissance des micelles \u00e0 des ingr\u00e9dients naturels pour nettoyer, hydrater et apaiser efficacement la peau. La texture gel glisse en douceur sur la peau et \u00e9limine le maquillage, les impuret\u00e9s et l&rsquo;exc\u00e8s de s\u00e9bum sans dess\u00e9cher la peau. Convient \u00e0 tous les types de peau, m\u00eame sensibles.  <\/p>\n","protected":false},"featured_media":45931,"comment_status":"open","ping_status":"closed","template":"","meta":{"_acf_changed":false},"product_brand":[],"product_cat":[4921,4920],"product_tag":[],"class_list":{"0":"post-45932","1":"product","2":"type-product","3":"status-publish","4":"has-post-thumbnail","6":"product_cat-beaute-nettoyage-exfoliation","7":"product_cat-beaute-soins-du-visage","9":"first","10":"instock","11":"taxable","12":"shipping-taxable","13":"product-type-simple"},"acf":[],"_links":{"self":[{"href":"https:\/\/sundar.be\/fr\/wp-json\/wp\/v2\/product\/45932","targetHints":{"allow":["GET"]}}],"collection":[{"href":"https:\/\/sundar.be\/fr\/wp-json\/wp\/v2\/product"}],"about":[{"href":"https:\/\/sundar.be\/fr\/wp-json\/wp\/v2\/types\/product"}],"replies":[{"embeddable":true,"href":"https:\/\/sundar.be\/fr\/wp-json\/wp\/v2\/comments?post=45932"}],"wp:featuredmedia":[{"embeddable":true,"href":"https:\/\/sundar.be\/fr\/wp-json\/wp\/v2\/media\/45931"}],"wp:attachment":[{"href":"https:\/\/sundar.be\/fr\/wp-json\/wp\/v2\/media?parent=45932"}],"wp:term":[{"taxonomy":"product_brand","embeddable":true,"href":"https:\/\/sundar.be\/fr\/wp-json\/wp\/v2\/product_brand?post=45932"},{"taxonomy":"product_cat","embeddable":true,"href":"https:\/\/sundar.be\/fr\/wp-json\/wp\/v2\/product_cat?post=45932"},{"taxonomy":"product_tag","embeddable":true,"href":"https:\/\/sundar.be\/fr\/wp-json\/wp\/v2\/product_tag?post=45932"}],"curies":[{"name":"wp","href":"https:\/\/api.w.org\/{rel}","templated":true}]}}