{"id":45920,"date":"2024-12-18T11:56:40","date_gmt":"2024-12-18T10:56:40","guid":{"rendered":"https:\/\/sundar.be\/product\/baehr-lotion-peau-seche-et-sensible-200ml\/"},"modified":"2025-12-15T11:29:11","modified_gmt":"2025-12-15T10:29:11","slug":"baehr-lotion-peau-seche-et-sensible-200ml","status":"publish","type":"product","link":"https:\/\/sundar.be\/fr\/produit\/baehr-lotion-peau-seche-et-sensible-200ml\/","title":{"rendered":"BAEHR Lotion &#8211; Peau s\u00e8che et sensible, 200ml"},"content":{"rendered":"<p data-start=\"76\" data-end=\"353\"><span style=\"color: #557e96;\"><strong>BAEHR Lotion \u2013 Peau S\u00e8che &amp; Sensible<\/strong><\/span> est une lotion douce et hydratante, sp\u00e9cialement d\u00e9velopp\u00e9e pour soigner et apaiser intens\u00e9ment les peaux fragiles. Sa formule l\u00e9g\u00e8re hydrate sans alourdir la peau et aide \u00e0 r\u00e9duire les sensations de tiraillement ou d\u2019irritation. <\/p>\n<p data-start=\"355\" data-end=\"610\">Gr\u00e2ce \u00e0 des extraits v\u00e9g\u00e9taux apaisants et \u00e0 des ingr\u00e9dients fixateurs d\u2019hydratation, cette lotion soutient l\u2019\u00e9quilibre naturel de la peau. Id\u00e9ale pour un usage quotidien sur les peaux s\u00e8ches, sensibles ou r\u00e9actives, aussi bien en institut de beaut\u00e9 qu\u2019\u00e0 domicile. <\/p>\n","protected":false},"excerpt":{"rendered":"<p data-start=\"645\" data-end=\"794\">Une lotion douce et hydratante qui apaise et prot\u00e8ge la peau s\u00e8che et sensible. Procure une sensation de peau confortable et fra\u00eeche sans irritation. <\/p>\n","protected":false},"featured_media":45919,"comment_status":"open","ping_status":"closed","template":"","meta":{"_acf_changed":false},"product_brand":[],"product_cat":[4974,4767,4921,4972,4920],"product_tag":[],"class_list":{"0":"post-45920","1":"product","2":"type-product","3":"status-publish","4":"has-post-thumbnail","6":"product_cat-baehr-fr","7":"product_cat-beaute","8":"product_cat-beaute-nettoyage-exfoliation","9":"product_cat-nos-marques","10":"product_cat-beaute-soins-du-visage","12":"first","13":"instock","14":"taxable","15":"shipping-taxable","16":"product-type-simple"},"acf":[],"_links":{"self":[{"href":"https:\/\/sundar.be\/fr\/wp-json\/wp\/v2\/product\/45920","targetHints":{"allow":["GET"]}}],"collection":[{"href":"https:\/\/sundar.be\/fr\/wp-json\/wp\/v2\/product"}],"about":[{"href":"https:\/\/sundar.be\/fr\/wp-json\/wp\/v2\/types\/product"}],"replies":[{"embeddable":true,"href":"https:\/\/sundar.be\/fr\/wp-json\/wp\/v2\/comments?post=45920"}],"wp:featuredmedia":[{"embeddable":true,"href":"https:\/\/sundar.be\/fr\/wp-json\/wp\/v2\/media\/45919"}],"wp:attachment":[{"href":"https:\/\/sundar.be\/fr\/wp-json\/wp\/v2\/media?parent=45920"}],"wp:term":[{"taxonomy":"product_brand","embeddable":true,"href":"https:\/\/sundar.be\/fr\/wp-json\/wp\/v2\/product_brand?post=45920"},{"taxonomy":"product_cat","embeddable":true,"href":"https:\/\/sundar.be\/fr\/wp-json\/wp\/v2\/product_cat?post=45920"},{"taxonomy":"product_tag","embeddable":true,"href":"https:\/\/sundar.be\/fr\/wp-json\/wp\/v2\/product_tag?post=45920"}],"curies":[{"name":"wp","href":"https:\/\/api.w.org\/{rel}","templated":true}]}}