{"id":45916,"date":"2024-12-18T11:46:37","date_gmt":"2024-12-18T10:46:37","guid":{"rendered":"https:\/\/sundar.be\/product\/baehr-soft-peeling-150ml\/"},"modified":"2025-12-15T11:49:25","modified_gmt":"2025-12-15T10:49:25","slug":"baehr-soft-peeling-150ml","status":"publish","type":"product","link":"https:\/\/sundar.be\/fr\/produit\/baehr-soft-peeling-150ml\/","title":{"rendered":"BAEHR Soft-Peeling, 150ml"},"content":{"rendered":"<p data-start=\"66\" data-end=\"327\"><span style=\"color: #557e96;\"><strong>BAEHR Soft-Peeling<\/strong><\/span> est un peeling exfoliant doux sp\u00e9cialement d\u00e9velopp\u00e9 pour la peau sensible du visage. Sa formule d\u00e9licate \u00e9limine les cellules mortes de mani\u00e8re respectueuse de la peau, affine le grain de peau et laisse la peau fra\u00eeche, lisse et \u00e9clatante. <\/p>\n<p data-start=\"329\" data-end=\"583\">Gr\u00e2ce \u00e0 ses particules exfoliantes douces et \u00e0 ses composants hydratants, ce soft-peeling est id\u00e9al pour une utilisation r\u00e9guli\u00e8re sans irriter la peau. Parfait comme pr\u00e9paration \u00e0 un soin nourrissant ou comme compl\u00e9ment \u00e0 la routine quotidienne de soins du visage. <\/p>\n","protected":false},"excerpt":{"rendered":"<p data-start=\"618\" data-end=\"763\">Un peeling doux pour le visage qui \u00e9limine d\u00e9licatement les cellules mortes et rend la peau lisse et fra\u00eeche. Id\u00e9al pour les peaux sensibles et une utilisation r\u00e9guli\u00e8re. <\/p>\n","protected":false},"featured_media":45915,"comment_status":"open","ping_status":"closed","template":"","meta":{"_acf_changed":false},"product_brand":[],"product_cat":[4974,4767,4921,4972,4920],"product_tag":[],"class_list":{"0":"post-45916","1":"product","2":"type-product","3":"status-publish","4":"has-post-thumbnail","6":"product_cat-baehr-fr","7":"product_cat-beaute","8":"product_cat-beaute-nettoyage-exfoliation","9":"product_cat-nos-marques","10":"product_cat-beaute-soins-du-visage","12":"first","13":"instock","14":"taxable","15":"shipping-taxable","16":"product-type-simple"},"acf":[],"_links":{"self":[{"href":"https:\/\/sundar.be\/fr\/wp-json\/wp\/v2\/product\/45916","targetHints":{"allow":["GET"]}}],"collection":[{"href":"https:\/\/sundar.be\/fr\/wp-json\/wp\/v2\/product"}],"about":[{"href":"https:\/\/sundar.be\/fr\/wp-json\/wp\/v2\/types\/product"}],"replies":[{"embeddable":true,"href":"https:\/\/sundar.be\/fr\/wp-json\/wp\/v2\/comments?post=45916"}],"wp:featuredmedia":[{"embeddable":true,"href":"https:\/\/sundar.be\/fr\/wp-json\/wp\/v2\/media\/45915"}],"wp:attachment":[{"href":"https:\/\/sundar.be\/fr\/wp-json\/wp\/v2\/media?parent=45916"}],"wp:term":[{"taxonomy":"product_brand","embeddable":true,"href":"https:\/\/sundar.be\/fr\/wp-json\/wp\/v2\/product_brand?post=45916"},{"taxonomy":"product_cat","embeddable":true,"href":"https:\/\/sundar.be\/fr\/wp-json\/wp\/v2\/product_cat?post=45916"},{"taxonomy":"product_tag","embeddable":true,"href":"https:\/\/sundar.be\/fr\/wp-json\/wp\/v2\/product_tag?post=45916"}],"curies":[{"name":"wp","href":"https:\/\/api.w.org\/{rel}","templated":true}]}}