{"id":45913,"date":"2024-12-18T11:43:49","date_gmt":"2024-12-18T10:43:49","guid":{"rendered":"https:\/\/sundar.be\/product\/strictly-pure-gentle-toner-200-ml\/"},"modified":"2025-11-26T13:13:30","modified_gmt":"2025-11-26T12:13:30","slug":"strictly-pure-gentle-toner-200-ml","status":"publish","type":"product","link":"https:\/\/sundar.be\/fr\/produit\/strictly-pure-gentle-toner-200-ml\/","title":{"rendered":"Strictly Pure Gentle Toner, 200 ml"},"content":{"rendered":"<p>Le tonique contient de l&rsquo;aloe vera, de l&rsquo;extrait de calendula et de la camomille. Il soigne et rafra\u00eechit la peau. La camomille est un extrait v\u00e9g\u00e9tal aux propri\u00e9t\u00e9s apaisantes et anti-inflammatoires, id\u00e9al pour les peaux fatigu\u00e9es. Le calendula a \u00e9galement des propri\u00e9t\u00e9s apaisantes et soignantes et des propri\u00e9t\u00e9s anti-inflammatoires. Id\u00e9al pour les petits probl\u00e8mes de peau.    <\/p>\n","protected":false},"excerpt":{"rendered":"<p>Le tonique contient de l&rsquo;aloe vera, de l&rsquo;extrait de calendula et de la camomille. Il soigne et rafra\u00eechit la peau. La camomille est un extrait v\u00e9g\u00e9tal aux propri\u00e9t\u00e9s apaisantes et anti-inflammatoires, id\u00e9al pour les peaux fatigu\u00e9es. Le calendula a \u00e9galement des propri\u00e9t\u00e9s apaisantes et soignantes et des propri\u00e9t\u00e9s anti-inflammatoires. Id\u00e9al pour les petits probl\u00e8mes de [&hellip;]<\/p>\n","protected":false},"featured_media":45911,"comment_status":"open","ping_status":"closed","template":"","meta":{"_acf_changed":false},"product_brand":[],"product_cat":[4921,4920],"product_tag":[],"class_list":{"0":"post-45913","1":"product","2":"type-product","3":"status-publish","4":"has-post-thumbnail","6":"product_cat-beaute-nettoyage-exfoliation","7":"product_cat-beaute-soins-du-visage","9":"first","10":"instock","11":"taxable","12":"shipping-taxable","13":"product-type-simple"},"acf":[],"_links":{"self":[{"href":"https:\/\/sundar.be\/fr\/wp-json\/wp\/v2\/product\/45913","targetHints":{"allow":["GET"]}}],"collection":[{"href":"https:\/\/sundar.be\/fr\/wp-json\/wp\/v2\/product"}],"about":[{"href":"https:\/\/sundar.be\/fr\/wp-json\/wp\/v2\/types\/product"}],"replies":[{"embeddable":true,"href":"https:\/\/sundar.be\/fr\/wp-json\/wp\/v2\/comments?post=45913"}],"wp:featuredmedia":[{"embeddable":true,"href":"https:\/\/sundar.be\/fr\/wp-json\/wp\/v2\/media\/45911"}],"wp:attachment":[{"href":"https:\/\/sundar.be\/fr\/wp-json\/wp\/v2\/media?parent=45913"}],"wp:term":[{"taxonomy":"product_brand","embeddable":true,"href":"https:\/\/sundar.be\/fr\/wp-json\/wp\/v2\/product_brand?post=45913"},{"taxonomy":"product_cat","embeddable":true,"href":"https:\/\/sundar.be\/fr\/wp-json\/wp\/v2\/product_cat?post=45913"},{"taxonomy":"product_tag","embeddable":true,"href":"https:\/\/sundar.be\/fr\/wp-json\/wp\/v2\/product_tag?post=45913"}],"curies":[{"name":"wp","href":"https:\/\/api.w.org\/{rel}","templated":true}]}}