{"id":45898,"date":"2024-12-18T11:02:34","date_gmt":"2024-12-18T10:02:34","guid":{"rendered":"https:\/\/sundar.be\/product\/podispray\/"},"modified":"2025-12-16T09:45:14","modified_gmt":"2025-12-16T08:45:14","slug":"podispray","status":"publish","type":"product","link":"https:\/\/sundar.be\/fr\/produit\/podispray\/","title":{"rendered":"Podispray"},"content":{"rendered":"<p>Le <span style=\"color: #557e96;\"><strong>podispray <\/strong><\/span>est compos\u00e9 principalement d&rsquo;eau et d&rsquo;un faible pourcentage d&rsquo;alcool. L&rsquo;alcool contribue \u00e0 la formation de gouttelettes plus petites dans le brouillard de pulv\u00e9risation, ce qui r\u00e9duit la surface du brouillard de pulv\u00e9risation. L&rsquo;alcool a un effet d\u00e9graissant et rafra\u00eechissant sur la peau et un effet aseptique dans le syst\u00e8me de pulv\u00e9risation.  <\/p>\n<p>Le Podispray a une odeur neutre en soi. L&rsquo;ajout de parfums aromatiques tels que la citronnelle et la lavande est \u00e9galement possible : <\/p>\n<ul>\n<li>Podispray Lemon 5000ml<\/li>\n<li>Podispray Lavendel 5000ml<\/li>\n<\/ul>\n<p>Par cons\u00e9quent, le spray d\u00e9gage une odeur agr\u00e9able et fra\u00eeche qui se r\u00e9pand dans votre salon ou votre cabinet lorsqu&rsquo;il est utilis\u00e9.<\/p>\n","protected":false},"excerpt":{"rendered":"<p>Podispray est un liquide pour la technique de pulv\u00e9risation et est pr\u00eat \u00e0 l&#8217;emploi. Il a un effet anti-poussi\u00e8re et refroidissant. Sa composition \u00e9quilibr\u00e9e ne contient aucun ingr\u00e9dient susceptible d&rsquo;endommager les composants internes du moteur et ne laisse aucun r\u00e9sidu.  <\/p>\n","protected":false},"featured_media":45892,"comment_status":"open","ping_status":"closed","template":"","meta":{"_acf_changed":false},"product_brand":[],"product_cat":[4945,4769,4785,6155,4972,5073],"product_tag":[],"class_list":{"0":"post-45898","1":"product","2":"type-product","3":"status-publish","4":"has-post-thumbnail","6":"product_cat-amenagement-institut-webshop-fr","7":"product_cat-amenagement-appareils","8":"product_cat-appareils-fraisage-moteurs-pedicure","9":"product_cat-appareils-humides","10":"product_cat-nos-marques","11":"product_cat-reymerink-fr","12":"pa_inhoud-lavendel-5000ml-fr","13":"pa_inhoud-lemon-5000ml-fr","14":"pa_inhoud-neutraal-5000ml-fr","16":"first","17":"instock","18":"taxable","19":"shipping-taxable","20":"product-type-variable"},"acf":[],"_links":{"self":[{"href":"https:\/\/sundar.be\/fr\/wp-json\/wp\/v2\/product\/45898","targetHints":{"allow":["GET"]}}],"collection":[{"href":"https:\/\/sundar.be\/fr\/wp-json\/wp\/v2\/product"}],"about":[{"href":"https:\/\/sundar.be\/fr\/wp-json\/wp\/v2\/types\/product"}],"replies":[{"embeddable":true,"href":"https:\/\/sundar.be\/fr\/wp-json\/wp\/v2\/comments?post=45898"}],"wp:featuredmedia":[{"embeddable":true,"href":"https:\/\/sundar.be\/fr\/wp-json\/wp\/v2\/media\/45892"}],"wp:attachment":[{"href":"https:\/\/sundar.be\/fr\/wp-json\/wp\/v2\/media?parent=45898"}],"wp:term":[{"taxonomy":"product_brand","embeddable":true,"href":"https:\/\/sundar.be\/fr\/wp-json\/wp\/v2\/product_brand?post=45898"},{"taxonomy":"product_cat","embeddable":true,"href":"https:\/\/sundar.be\/fr\/wp-json\/wp\/v2\/product_cat?post=45898"},{"taxonomy":"product_tag","embeddable":true,"href":"https:\/\/sundar.be\/fr\/wp-json\/wp\/v2\/product_tag?post=45898"}],"curies":[{"name":"wp","href":"https:\/\/api.w.org\/{rel}","templated":true}]}}