{"id":45895,"date":"2024-12-18T10:52:03","date_gmt":"2024-12-18T09:52:03","guid":{"rendered":"https:\/\/sundar.be\/product\/podisonic\/"},"modified":"2025-12-16T09:47:29","modified_gmt":"2025-12-16T08:47:29","slug":"podisonic","status":"publish","type":"product","link":"https:\/\/sundar.be\/fr\/produit\/podisonic\/","title":{"rendered":"Podisonic"},"content":{"rendered":"<p data-start=\"48\" data-end=\"374\"><span style=\"color: #557e96;\"><strong>Podisonic <\/strong><\/span>est un nettoyant professionnel puissant sp\u00e9cialement con\u00e7u pour une utilisation dans les nettoyeurs \u00e0 ultrasons et pour le nettoyage approfondi des instruments en acier et des fraises de p\u00e9dicurie. Sa formule \u00e9limine efficacement les salissures, les r\u00e9sidus cutan\u00e9s et les restes de produits, pr\u00e9parant ainsi les instruments de mani\u00e8re optimale pour l\u2019\u00e9tape de d\u00e9sinfection. <\/p>\n<p data-start=\"376\" data-end=\"587\">Podisonic est destin\u00e9 \u00e0 \u00eatre utilis\u00e9 comme \u00e9tape de nettoyage avant la d\u00e9sinfection et contribue \u00e0 une m\u00e9thode de travail hygi\u00e9nique et professionnelle dans les cabinets de p\u00e9dicurie et d\u2019esth\u00e9tique. Id\u00e9al pour un usage quotidien en institut. <\/p>\n","protected":false},"excerpt":{"rendered":"<p data-start=\"622\" data-end=\"781\">Un nettoyant professionnel pour nettoyeurs \u00e0 ultrasons et instruments de p\u00e9dicurie en acier. Assure un nettoyage en profondeur et une pr\u00e9paration optimale \u00e0 la d\u00e9sinfection. <\/p>\n","protected":false},"featured_media":45884,"comment_status":"open","ping_status":"closed","template":"","meta":{"_acf_changed":false},"product_brand":[],"product_cat":[4945,1446,4133,4972,5073],"product_tag":[],"class_list":{"0":"post-45895","1":"product","2":"type-product","3":"status-publish","4":"has-post-thumbnail","6":"product_cat-amenagement-institut-webshop-fr","7":"product_cat-hygiene-desinfection-fr","8":"product_cat-nettoyage-desinfection-ultrasonique","9":"product_cat-nos-marques","10":"product_cat-reymerink-fr","11":"pa_inhoud-1000-ml-fr","12":"pa_inhoud-5000-ml-fr","14":"first","15":"instock","16":"taxable","17":"shipping-taxable","18":"product-type-variable"},"acf":[],"_links":{"self":[{"href":"https:\/\/sundar.be\/fr\/wp-json\/wp\/v2\/product\/45895","targetHints":{"allow":["GET"]}}],"collection":[{"href":"https:\/\/sundar.be\/fr\/wp-json\/wp\/v2\/product"}],"about":[{"href":"https:\/\/sundar.be\/fr\/wp-json\/wp\/v2\/types\/product"}],"replies":[{"embeddable":true,"href":"https:\/\/sundar.be\/fr\/wp-json\/wp\/v2\/comments?post=45895"}],"wp:featuredmedia":[{"embeddable":true,"href":"https:\/\/sundar.be\/fr\/wp-json\/wp\/v2\/media\/45884"}],"wp:attachment":[{"href":"https:\/\/sundar.be\/fr\/wp-json\/wp\/v2\/media?parent=45895"}],"wp:term":[{"taxonomy":"product_brand","embeddable":true,"href":"https:\/\/sundar.be\/fr\/wp-json\/wp\/v2\/product_brand?post=45895"},{"taxonomy":"product_cat","embeddable":true,"href":"https:\/\/sundar.be\/fr\/wp-json\/wp\/v2\/product_cat?post=45895"},{"taxonomy":"product_tag","embeddable":true,"href":"https:\/\/sundar.be\/fr\/wp-json\/wp\/v2\/product_tag?post=45895"}],"curies":[{"name":"wp","href":"https:\/\/api.w.org\/{rel}","templated":true}]}}