{"id":45875,"date":"2024-12-18T10:45:24","date_gmt":"2024-12-18T09:45:24","guid":{"rendered":"https:\/\/sundar.be\/product\/podinail-oil\/"},"modified":"2025-12-16T09:51:48","modified_gmt":"2025-12-16T08:51:48","slug":"podinail-oil","status":"publish","type":"product","link":"https:\/\/sundar.be\/fr\/produit\/podinail-oil\/","title":{"rendered":"Podinail Oil"},"content":{"rendered":"<p data-start=\"51\" data-end=\"312\"><span style=\"color: #557e96;\"><strong>Podinail Oil <\/strong><\/span>est une huile de soin sp\u00e9cialement d\u00e9velopp\u00e9e pour le traitement des cuticules et des callosit\u00e9s. Sa formule assouplit les zones de peau durcie et aide \u00e0 maintenir la souplesse des cuticules, facilitant ainsi les soins et traitements ult\u00e9rieurs. <\/p>\n<p data-start=\"314\" data-end=\"569\">Gr\u00e2ce \u00e0 la combinaison d\u2019huiles nourrissantes et de composants actifs compl\u00e9mentaires, Podinail Oil est id\u00e9ale pour un usage professionnel lors des soins de p\u00e9dicurie. Le produit aide \u00e0 adoucir la peau et contribue \u00e0 un r\u00e9sultat soign\u00e9 et confortable. <\/p>\n","protected":false},"excerpt":{"rendered":"<p data-start=\"604\" data-end=\"749\">Une huile de soin pour les cuticules et les callosit\u00e9s qui adoucit et nourrit la peau. Id\u00e9ale comme soutien lors des traitements professionnels de p\u00e9dicurie. <\/p>\n","protected":false},"featured_media":45871,"comment_status":"open","ping_status":"closed","template":"","meta":{"_acf_changed":false},"product_brand":[],"product_cat":[5016,5008,4972,4761,5073],"product_tag":[],"class_list":{"0":"post-45875","1":"product","2":"type-product","3":"status-publish","4":"has-post-thumbnail","6":"product_cat-manucure-accessoires-liquides","7":"product_cat-manucure-materiel-manucure","8":"product_cat-nos-marques","9":"product_cat-pose-ongles","10":"product_cat-reymerink-fr","11":"pa_inhoud-1000-ml-fr","12":"pa_inhoud-250-ml-fr","14":"first","15":"instock","16":"taxable","17":"shipping-taxable","18":"product-type-variable"},"acf":[],"_links":{"self":[{"href":"https:\/\/sundar.be\/fr\/wp-json\/wp\/v2\/product\/45875","targetHints":{"allow":["GET"]}}],"collection":[{"href":"https:\/\/sundar.be\/fr\/wp-json\/wp\/v2\/product"}],"about":[{"href":"https:\/\/sundar.be\/fr\/wp-json\/wp\/v2\/types\/product"}],"replies":[{"embeddable":true,"href":"https:\/\/sundar.be\/fr\/wp-json\/wp\/v2\/comments?post=45875"}],"wp:featuredmedia":[{"embeddable":true,"href":"https:\/\/sundar.be\/fr\/wp-json\/wp\/v2\/media\/45871"}],"wp:attachment":[{"href":"https:\/\/sundar.be\/fr\/wp-json\/wp\/v2\/media?parent=45875"}],"wp:term":[{"taxonomy":"product_brand","embeddable":true,"href":"https:\/\/sundar.be\/fr\/wp-json\/wp\/v2\/product_brand?post=45875"},{"taxonomy":"product_cat","embeddable":true,"href":"https:\/\/sundar.be\/fr\/wp-json\/wp\/v2\/product_cat?post=45875"},{"taxonomy":"product_tag","embeddable":true,"href":"https:\/\/sundar.be\/fr\/wp-json\/wp\/v2\/product_tag?post=45875"}],"curies":[{"name":"wp","href":"https:\/\/api.w.org\/{rel}","templated":true}]}}